{"id":2017,"date":"2022-05-13T14:10:17","date_gmt":"2022-05-13T06:10:17","guid":{"rendered":"http:\/\/zipper-factory.com\/?post_type=product&#038;p=2017"},"modified":"2024-05-24T13:05:41","modified_gmt":"2024-05-24T05:05:41","slug":"no-5-plastic-zipper","status":"publish","type":"product","link":"https:\/\/zipper-factory.com\/de\/produkt\/no-5-plastic-zipper\/","title":{"rendered":"Nr. 5 Kunststoffrei\u00dfverschluss"},"content":{"rendered":"","protected":false},"excerpt":{"rendered":"<p>Umweltfreundlicher Rei\u00dfverschluss Herstellung Fancy #5 Open End Zip Bunter Kunststoffharz-Rei\u00dfverschluss f\u00fcr Kleidung<\/p>","protected":false},"featured_media":2013,"comment_status":"open","ping_status":"closed","template":"","meta":{"_seopress_robots_primary_cat":"none","_seopress_titles_title":"%%post_title%% %%sitetitle%% %%sep%%","_seopress_titles_desc":"%%post_excerpt%%","_seopress_robots_index":""},"product_brand":[],"product_cat":[50],"product_tag":[],"class_list":{"0":"post-2017","1":"product","2":"type-product","3":"status-publish","4":"has-post-thumbnail","6":"product_cat-resin-zipper","8":"first","9":"instock","10":"shipping-taxable","11":"product-type-simple"},"_links":{"self":[{"href":"https:\/\/zipper-factory.com\/de\/wp-json\/wp\/v2\/product\/2017","targetHints":{"allow":["GET"]}}],"collection":[{"href":"https:\/\/zipper-factory.com\/de\/wp-json\/wp\/v2\/product"}],"about":[{"href":"https:\/\/zipper-factory.com\/de\/wp-json\/wp\/v2\/types\/product"}],"replies":[{"embeddable":true,"href":"https:\/\/zipper-factory.com\/de\/wp-json\/wp\/v2\/comments?post=2017"}],"wp:featuredmedia":[{"embeddable":true,"href":"https:\/\/zipper-factory.com\/de\/wp-json\/wp\/v2\/media\/2013"}],"wp:attachment":[{"href":"https:\/\/zipper-factory.com\/de\/wp-json\/wp\/v2\/media?parent=2017"}],"wp:term":[{"taxonomy":"product_brand","embeddable":true,"href":"https:\/\/zipper-factory.com\/de\/wp-json\/wp\/v2\/product_brand?post=2017"},{"taxonomy":"product_cat","embeddable":true,"href":"https:\/\/zipper-factory.com\/de\/wp-json\/wp\/v2\/product_cat?post=2017"},{"taxonomy":"product_tag","embeddable":true,"href":"https:\/\/zipper-factory.com\/de\/wp-json\/wp\/v2\/product_tag?post=2017"}],"curies":[{"name":"wp","href":"https:\/\/api.w.org\/{rel}","templated":true}]}}