{"id":2095,"date":"2022-05-16T14:36:33","date_gmt":"2022-05-16T06:36:33","guid":{"rendered":"http:\/\/zipper-factory.com\/?post_type=product&#038;p=2095"},"modified":"2023-03-29T15:03:05","modified_gmt":"2023-03-29T07:03:05","slug":"no-3-nylon-zipper","status":"publish","type":"product","link":"https:\/\/zipper-factory.com\/de\/produkt\/no-3-nylon-zipper\/","title":{"rendered":"Nr. 3 Nylon-Rei\u00dfverschluss"},"content":{"rendered":"","protected":false},"excerpt":{"rendered":"<p>Nylon-Rei\u00dfverschlussrolle 3# Rei\u00dfverschluss lange Kettenrei\u00dfverschl\u00fcsse f\u00fcr Taschen<\/p>","protected":false},"featured_media":2096,"comment_status":"open","ping_status":"closed","template":"","meta":[],"product_brand":[],"product_cat":[40],"product_tag":[],"class_list":{"0":"post-2095","1":"product","2":"type-product","3":"status-publish","4":"has-post-thumbnail","6":"product_cat-nylon-zipper","8":"first","9":"instock","10":"shipping-taxable","11":"product-type-simple"},"yoast_head":"<!-- This site is optimized with the Yoast SEO Premium plugin v26.7 (Yoast SEO v27.3) - https:\/\/yoast.com\/product\/yoast-seo-premium-wordpress\/ -->\n<title>No.3 Nylon Zipper - EVERNICE ZIPPER<\/title>\n<meta name=\"robots\" content=\"index, follow, max-snippet:-1, max-image-preview:large, max-video-preview:-1\" \/>\n<link rel=\"canonical\" href=\"https:\/\/zipper-factory.com\/de\/produkt\/no-3-nylon-zipper\/\" \/>\n<meta property=\"og:locale\" content=\"de_DE\" \/>\n<meta property=\"og:type\" content=\"article\" \/>\n<meta property=\"og:title\" content=\"No.3 Nylon Zipper\" \/>\n<meta property=\"og:description\" content=\"Nylon Zipper Roll 3# zipper long chain zippers for bags\" \/>\n<meta property=\"og:url\" content=\"https:\/\/zipper-factory.com\/de\/produkt\/no-3-nylon-zipper\/\" \/>\n<meta property=\"og:site_name\" content=\"EVERNICE ZIPPER\" \/>\n<meta property=\"article:publisher\" content=\"https:\/\/facebook.com\/luzuoning\" \/>\n<meta property=\"article:modified_time\" content=\"2023-03-29T07:03:05+00:00\" \/>\n<meta property=\"og:image\" content=\"https:\/\/zipper-factory.com\/wp-content\/uploads\/2022\/05\/IMG_0540-jpg.avif\" \/>\n\t<meta property=\"og:image:width\" content=\"800\" \/>\n\t<meta property=\"og:image:height\" content=\"800\" \/>\n\t<meta property=\"og:image:type\" content=\"image\/jpeg\" \/>\n<meta name=\"twitter:card\" content=\"summary_large_image\" \/>\n<script type=\"application\/ld+json\" class=\"yoast-schema-graph\">{\"@context\":\"https:\\\/\\\/schema.org\",\"@graph\":[{\"@type\":\"WebPage\",\"@id\":\"https:\\\/\\\/zipper-factory.com\\\/fr\\\/produit\\\/no-3-nylon-zipper\\\/\",\"url\":\"https:\\\/\\\/zipper-factory.com\\\/fr\\\/produit\\\/no-3-nylon-zipper\\\/\",\"name\":\"No.3 Nylon Zipper - EVERNICE ZIPPER\",\"isPartOf\":{\"@id\":\"https:\\\/\\\/zipper-factory.com\\\/#website\"},\"primaryImageOfPage\":{\"@id\":\"https:\\\/\\\/zipper-factory.com\\\/fr\\\/produit\\\/no-3-nylon-zipper\\\/#primaryimage\"},\"image\":{\"@id\":\"https:\\\/\\\/zipper-factory.com\\\/fr\\\/produit\\\/no-3-nylon-zipper\\\/#primaryimage\"},\"thumbnailUrl\":\"https:\\\/\\\/zipper-factory.com\\\/wp-content\\\/uploads\\\/2022\\\/05\\\/IMG_0540-jpg.avif\",\"datePublished\":\"2022-05-16T06:36:33+00:00\",\"dateModified\":\"2023-03-29T07:03:05+00:00\",\"breadcrumb\":{\"@id\":\"https:\\\/\\\/zipper-factory.com\\\/fr\\\/produit\\\/no-3-nylon-zipper\\\/#breadcrumb\"},\"inLanguage\":\"de\",\"potentialAction\":[{\"@type\":\"ReadAction\",\"target\":[\"https:\\\/\\\/zipper-factory.com\\\/fr\\\/produit\\\/no-3-nylon-zipper\\\/\"]}]},{\"@type\":\"ImageObject\",\"inLanguage\":\"de\",\"@id\":\"https:\\\/\\\/zipper-factory.com\\\/fr\\\/produit\\\/no-3-nylon-zipper\\\/#primaryimage\",\"url\":\"https:\\\/\\\/zipper-factory.com\\\/wp-content\\\/uploads\\\/2022\\\/05\\\/IMG_0540-jpg.avif\",\"contentUrl\":\"https:\\\/\\\/zipper-factory.com\\\/wp-content\\\/uploads\\\/2022\\\/05\\\/IMG_0540-jpg.avif\",\"width\":800,\"height\":800},{\"@type\":\"BreadcrumbList\",\"@id\":\"https:\\\/\\\/zipper-factory.com\\\/fr\\\/produit\\\/no-3-nylon-zipper\\\/#breadcrumb\",\"itemListElement\":[{\"@type\":\"ListItem\",\"position\":1,\"name\":\"Home\",\"item\":\"https:\\\/\\\/zipper-factory.com\\\/\"},{\"@type\":\"ListItem\",\"position\":2,\"name\":\"Product\",\"item\":\"https:\\\/\\\/zipper-factory.com\\\/product\\\/\"},{\"@type\":\"ListItem\",\"position\":3,\"name\":\"No.3 Nylon Zipper\"}]},{\"@type\":\"WebSite\",\"@id\":\"https:\\\/\\\/zipper-factory.com\\\/#website\",\"url\":\"https:\\\/\\\/zipper-factory.com\\\/\",\"name\":\"EVERNICE ZIPPER\",\"description\":\"CHINA PROFESSIONAL ZIPPER MANUFACTURER\",\"publisher\":{\"@id\":\"https:\\\/\\\/zipper-factory.com\\\/#organization\"},\"potentialAction\":[{\"@type\":\"SearchAction\",\"target\":{\"@type\":\"EntryPoint\",\"urlTemplate\":\"https:\\\/\\\/zipper-factory.com\\\/?s={search_term_string}\"},\"query-input\":{\"@type\":\"PropertyValueSpecification\",\"valueRequired\":true,\"valueName\":\"search_term_string\"}}],\"inLanguage\":\"de\"},{\"@type\":\"Organization\",\"@id\":\"https:\\\/\\\/zipper-factory.com\\\/#organization\",\"name\":\"EVERNICE ZIPPER\",\"url\":\"https:\\\/\\\/zipper-factory.com\\\/\",\"logo\":{\"@type\":\"ImageObject\",\"inLanguage\":\"de\",\"@id\":\"https:\\\/\\\/zipper-factory.com\\\/#\\\/schema\\\/logo\\\/image\\\/\",\"url\":\"https:\\\/\\\/zipper-factory.com\\\/wp-content\\\/uploads\\\/2023\\\/02\\\/evernice-logo.png\",\"contentUrl\":\"https:\\\/\\\/zipper-factory.com\\\/wp-content\\\/uploads\\\/2023\\\/02\\\/evernice-logo.png\",\"width\":350,\"height\":100,\"caption\":\"EVERNICE ZIPPER\"},\"image\":{\"@id\":\"https:\\\/\\\/zipper-factory.com\\\/#\\\/schema\\\/logo\\\/image\\\/\"},\"sameAs\":[\"https:\\\/\\\/facebook.com\\\/luzuoning\"]}]}<\/script>\n<!-- \/ Yoast SEO Premium plugin. -->","yoast_head_json":{"title":"No.3 Nylon Zipper - EVERNICE ZIPPER","robots":{"index":"index","follow":"follow","max-snippet":"max-snippet:-1","max-image-preview":"max-image-preview:large","max-video-preview":"max-video-preview:-1"},"canonical":"https:\/\/zipper-factory.com\/de\/produkt\/no-3-nylon-zipper\/","og_locale":"de_DE","og_type":"article","og_title":"No.3 Nylon Zipper","og_description":"Nylon Zipper Roll 3# zipper long chain zippers for bags","og_url":"https:\/\/zipper-factory.com\/de\/produkt\/no-3-nylon-zipper\/","og_site_name":"EVERNICE ZIPPER","article_publisher":"https:\/\/facebook.com\/luzuoning","article_modified_time":"2023-03-29T07:03:05+00:00","og_image":[{"width":800,"height":800,"url":"https:\/\/zipper-factory.com\/wp-content\/uploads\/2022\/05\/IMG_0540-jpg.avif","type":"image\/jpeg"}],"twitter_card":"summary_large_image","schema":{"@context":"https:\/\/schema.org","@graph":[{"@type":"WebPage","@id":"https:\/\/zipper-factory.com\/fr\/produit\/no-3-nylon-zipper\/","url":"https:\/\/zipper-factory.com\/fr\/produit\/no-3-nylon-zipper\/","name":"No.3 Nylon Zipper - EVERNICE ZIPPER","isPartOf":{"@id":"https:\/\/zipper-factory.com\/#website"},"primaryImageOfPage":{"@id":"https:\/\/zipper-factory.com\/fr\/produit\/no-3-nylon-zipper\/#primaryimage"},"image":{"@id":"https:\/\/zipper-factory.com\/fr\/produit\/no-3-nylon-zipper\/#primaryimage"},"thumbnailUrl":"https:\/\/zipper-factory.com\/wp-content\/uploads\/2022\/05\/IMG_0540-jpg.avif","datePublished":"2022-05-16T06:36:33+00:00","dateModified":"2023-03-29T07:03:05+00:00","breadcrumb":{"@id":"https:\/\/zipper-factory.com\/fr\/produit\/no-3-nylon-zipper\/#breadcrumb"},"inLanguage":"de","potentialAction":[{"@type":"ReadAction","target":["https:\/\/zipper-factory.com\/fr\/produit\/no-3-nylon-zipper\/"]}]},{"@type":"ImageObject","inLanguage":"de","@id":"https:\/\/zipper-factory.com\/fr\/produit\/no-3-nylon-zipper\/#primaryimage","url":"https:\/\/zipper-factory.com\/wp-content\/uploads\/2022\/05\/IMG_0540-jpg.avif","contentUrl":"https:\/\/zipper-factory.com\/wp-content\/uploads\/2022\/05\/IMG_0540-jpg.avif","width":800,"height":800},{"@type":"BreadcrumbList","@id":"https:\/\/zipper-factory.com\/fr\/produit\/no-3-nylon-zipper\/#breadcrumb","itemListElement":[{"@type":"ListItem","position":1,"name":"Home","item":"https:\/\/zipper-factory.com\/"},{"@type":"ListItem","position":2,"name":"Product","item":"https:\/\/zipper-factory.com\/product\/"},{"@type":"ListItem","position":3,"name":"No.3 Nylon Zipper"}]},{"@type":"WebSite","@id":"https:\/\/zipper-factory.com\/#website","url":"https:\/\/zipper-factory.com\/","name":"EVERNICE ZIPPER","description":"CHINA PROFESSIONAL ZIPPER MANUFACTURER","publisher":{"@id":"https:\/\/zipper-factory.com\/#organization"},"potentialAction":[{"@type":"SearchAction","target":{"@type":"EntryPoint","urlTemplate":"https:\/\/zipper-factory.com\/?s={search_term_string}"},"query-input":{"@type":"PropertyValueSpecification","valueRequired":true,"valueName":"search_term_string"}}],"inLanguage":"de"},{"@type":"Organization","@id":"https:\/\/zipper-factory.com\/#organization","name":"EVERNICE ZIPPER","url":"https:\/\/zipper-factory.com\/","logo":{"@type":"ImageObject","inLanguage":"de","@id":"https:\/\/zipper-factory.com\/#\/schema\/logo\/image\/","url":"https:\/\/zipper-factory.com\/wp-content\/uploads\/2023\/02\/evernice-logo.png","contentUrl":"https:\/\/zipper-factory.com\/wp-content\/uploads\/2023\/02\/evernice-logo.png","width":350,"height":100,"caption":"EVERNICE ZIPPER"},"image":{"@id":"https:\/\/zipper-factory.com\/#\/schema\/logo\/image\/"},"sameAs":["https:\/\/facebook.com\/luzuoning"]}]}},"_links":{"self":[{"href":"https:\/\/zipper-factory.com\/de\/wp-json\/wp\/v2\/product\/2095","targetHints":{"allow":["GET"]}}],"collection":[{"href":"https:\/\/zipper-factory.com\/de\/wp-json\/wp\/v2\/product"}],"about":[{"href":"https:\/\/zipper-factory.com\/de\/wp-json\/wp\/v2\/types\/product"}],"replies":[{"embeddable":true,"href":"https:\/\/zipper-factory.com\/de\/wp-json\/wp\/v2\/comments?post=2095"}],"wp:featuredmedia":[{"embeddable":true,"href":"https:\/\/zipper-factory.com\/de\/wp-json\/wp\/v2\/media\/2096"}],"wp:attachment":[{"href":"https:\/\/zipper-factory.com\/de\/wp-json\/wp\/v2\/media?parent=2095"}],"wp:term":[{"taxonomy":"product_brand","embeddable":true,"href":"https:\/\/zipper-factory.com\/de\/wp-json\/wp\/v2\/product_brand?post=2095"},{"taxonomy":"product_cat","embeddable":true,"href":"https:\/\/zipper-factory.com\/de\/wp-json\/wp\/v2\/product_cat?post=2095"},{"taxonomy":"product_tag","embeddable":true,"href":"https:\/\/zipper-factory.com\/de\/wp-json\/wp\/v2\/product_tag?post=2095"}],"curies":[{"name":"wp","href":"https:\/\/api.w.org\/{rel}","templated":true}]}}