{"id":2179,"date":"2022-05-16T15:37:22","date_gmt":"2022-05-16T07:37:22","guid":{"rendered":"http:\/\/zipper-factory.com\/?post_type=product&#038;p=2179"},"modified":"2023-12-18T15:40:19","modified_gmt":"2023-12-18T07:40:19","slug":"european-teeth-metal-zipper","status":"publish","type":"product","link":"https:\/\/zipper-factory.com\/de\/produkt\/european-teeth-metal-zipper\/","title":{"rendered":"Europ\u00e4ischer Metallrei\u00dfverschluss mit Z\u00e4hnen"},"content":{"rendered":"<p>The European-style metal zipper pursues precision and perfection in craftsmanship. Each step is carefully polished and processed, giving it a high-quality and elegant feel. The European-style metal zipper, also known as Swiss metal zipper, is popular in Europe. It is a high-end, durable, smooth, and fashionable metal zipper suitable for high-end clothing, bags, hats, and other fields. It can add quality and unique style to products.<\/p>","protected":false},"excerpt":{"rendered":"<p class=\"elements-title-normal__content large\">Two- Way Swiss teeth Metal Zipper Metal Jacket Zipper<\/p>","protected":false},"featured_media":2174,"comment_status":"open","ping_status":"closed","template":"","meta":{"_seopress_robots_primary_cat":"none","_seopress_titles_title":"%%post_title%% %%sitetitle%% %%sep%%","_seopress_titles_desc":"%%post_excerpt%%","_seopress_robots_index":""},"product_brand":[],"product_cat":[33],"product_tag":[169],"class_list":{"0":"post-2179","1":"product","2":"type-product","3":"status-publish","4":"has-post-thumbnail","6":"product_cat-metal-zipper","7":"product_tag-european","9":"first","10":"instock","11":"shipping-taxable","12":"product-type-simple"},"_links":{"self":[{"href":"https:\/\/zipper-factory.com\/de\/wp-json\/wp\/v2\/product\/2179","targetHints":{"allow":["GET"]}}],"collection":[{"href":"https:\/\/zipper-factory.com\/de\/wp-json\/wp\/v2\/product"}],"about":[{"href":"https:\/\/zipper-factory.com\/de\/wp-json\/wp\/v2\/types\/product"}],"replies":[{"embeddable":true,"href":"https:\/\/zipper-factory.com\/de\/wp-json\/wp\/v2\/comments?post=2179"}],"wp:featuredmedia":[{"embeddable":true,"href":"https:\/\/zipper-factory.com\/de\/wp-json\/wp\/v2\/media\/2174"}],"wp:attachment":[{"href":"https:\/\/zipper-factory.com\/de\/wp-json\/wp\/v2\/media?parent=2179"}],"wp:term":[{"taxonomy":"product_brand","embeddable":true,"href":"https:\/\/zipper-factory.com\/de\/wp-json\/wp\/v2\/product_brand?post=2179"},{"taxonomy":"product_cat","embeddable":true,"href":"https:\/\/zipper-factory.com\/de\/wp-json\/wp\/v2\/product_cat?post=2179"},{"taxonomy":"product_tag","embeddable":true,"href":"https:\/\/zipper-factory.com\/de\/wp-json\/wp\/v2\/product_tag?post=2179"}],"curies":[{"name":"wp","href":"https:\/\/api.w.org\/{rel}","templated":true}]}}