{"id":2888,"date":"2022-08-06T14:35:04","date_gmt":"2022-08-06T06:35:04","guid":{"rendered":"http:\/\/zipper-factory.com\/?post_type=product&#038;p=2888"},"modified":"2024-05-22T15:38:58","modified_gmt":"2024-05-22T07:38:58","slug":"zipper-tail-stop-plug","status":"publish","type":"product","link":"https:\/\/zipper-factory.com\/de\/produkt\/zipper-tail-stop-plug\/","title":{"rendered":"Rei\u00dfverschluss-Endstopfen"},"content":{"rendered":"<h2>Was ist ein Rei\u00dfverschluss-Endstopper?<\/h2>\n<p>Ein Rei\u00dfverschluss-Endanschlag, auch als unterer Anschlag bekannt, ist ein kleines, aber wichtiges Bauteil am Ende eines Rei\u00dfverschlusses. Seine Hauptfunktion besteht darin, zu verhindern, dass sich der Rei\u00dfverschlussschieber von der Schiene l\u00f6st und so die reibungslose Funktion des Rei\u00dfverschlusses zu gew\u00e4hrleisten. Dieses kleine Element spielt eine wichtige Rolle f\u00fcr die Gesamtleistung und Langlebigkeit von Rei\u00dfverschl\u00fcssen und ist daher f\u00fcr verschiedene Anwendungen unverzichtbar \u2013 von Alltagskleidung bis hin zu spezieller Outdoor-Ausr\u00fcstung.<\/p>\n<p>Rei\u00dfverschluss-Endst\u00fccke gibt es in verschiedenen Materialien, am h\u00e4ufigsten sind Metall und Kunststoff. Rei\u00dfverschluss-Endst\u00fccke aus Metall werden typischerweise f\u00fcr stark beanspruchte Anwendungen verwendet, z. B. f\u00fcr Jeans, Jacken und Outdoor-Ausr\u00fcstung, bei denen Haltbarkeit von gr\u00f6\u00dfter Bedeutung ist. Rei\u00dfverschluss-Endst\u00fccke aus Kunststoff hingegen finden sich h\u00e4ufig an leichteren Kleidungsst\u00fccken und Accessoires wie Kleidern, Taschen und Freizeitkleidung und bieten ein ausgewogenes Verh\u00e4ltnis zwischen Funktionalit\u00e4t und Flexibilit\u00e4t.<\/p>\n<p>Das Design eines Rei\u00dfverschluss-Endanschlags kann je nach Rei\u00dfverschlusstyp variieren. Spiralrei\u00dfverschl\u00fcsse, die aus einer durchgehenden Nylon- oder Polyesterspirale bestehen, verf\u00fcgen beispielsweise meist \u00fcber kleinere, flexiblere Endanschl\u00e4ge. Metallrei\u00dfverschl\u00fcsse, die aus einzelnen Metallz\u00e4hnen bestehen, ben\u00f6tigen stabilere Anschl\u00e4ge, um dem erh\u00f6hten Gewicht und der Belastung standzuhalten. Kunststoff-Rei\u00dfverschl\u00fcsse, bekannt f\u00fcr ihre Robustheit und Widerstandsf\u00e4higkeit gegen Umwelteinfl\u00fcsse, verf\u00fcgen oft \u00fcber integrierte Kunststoffanschl\u00e4ge, die zum Gesamtdesign des Rei\u00dfverschlusses passen.<\/p>\n<p>Die Wahl des richtigen Rei\u00dfverschluss-Endst\u00fccks f\u00fcr bestimmte Anwendungen ist entscheidend. Ein nicht passender Endst\u00fcck kann zu Fehlfunktionen des Rei\u00dfverschlusses f\u00fchren und die Lebensdauer des Produkts verk\u00fcrzen. Beispielsweise kann die Verwendung eines Kunststoff-Endst\u00fccks an einem Hochleistungsrei\u00dfverschluss unter Belastung zum Bruch f\u00fchren. Umgekehrt kann ein zu robustes Metall-Endst\u00fcck an einem leichten Stoff zu unn\u00f6tiger Steifheit und Unbequemlichkeit f\u00fchren.<\/p>\n<p>Zusammenfassend l\u00e4sst sich sagen, dass das Verst\u00e4ndnis der Rolle und der Spezifikationen von Rei\u00dfverschluss-Endstoppern unerl\u00e4sslich ist, um die optimale Funktion von Rei\u00dfverschl\u00fcssen in verschiedenen Kontexten zu gew\u00e4hrleisten. Dieses kleine Bauteil tr\u00e4gt nicht nur zur Haltbarkeit des Rei\u00dfverschlusses bei, sondern verbessert auch das Benutzererlebnis, indem es potenzielle Rei\u00dfverschlussfehler verhindert.<\/p>\n<h2>So reparieren und ersetzen Sie Rei\u00dfverschluss-Endstopper<\/h2>\n<p>Rei\u00dfverschl\u00fcsse sind ein allgegenw\u00e4rtiger Bestandteil von Kleidung und Accessoires, unterliegen jedoch nicht dem Verschlei\u00df. Ein h\u00e4ufiges Problem ist die Besch\u00e4digung oder der Verlust von Rei\u00dfverschluss-Endst\u00fccken, was zu Funktionsst\u00f6rungen des Rei\u00dfverschlusses f\u00fchren kann. Das fr\u00fchzeitige Erkennen dieser Probleme spart Zeit und Geld bei Reparaturen. H\u00e4ufige Probleme sind das Abbrechen, L\u00f6sen oder sogar das vollst\u00e4ndige Abl\u00f6sen von Endst\u00fccken vom Rei\u00dfverschlussband.<\/p>\n<p>Um einen besch\u00e4digten Rei\u00dfverschluss-Endanschlag zu reparieren, ben\u00f6tigen Sie einige wichtige Werkzeuge: Zange, Ersatzanschl\u00e4ge, Nadel und Faden. Beurteilen Sie zun\u00e4chst das Ausma\u00df des Schadens. Ist der Endanschlag lose, aber noch befestigt, dr\u00fccken Sie ihn mit einer Zange vorsichtig wieder an seinen Platz. Gebrochene oder fehlende Anschl\u00e4ge m\u00fcssen komplett ersetzt werden.<\/p>\n<p>Hier ist eine Schritt-f\u00fcr-Schritt-Anleitung zum Ersetzen eines Rei\u00dfverschluss-Endst\u00fccks:<\/p>\n<p>1. **Alten Heckanschlag entfernen:** Eventuelle Reste des besch\u00e4digten Anschlags vorsichtig mit einer Zange abziehen.<\/p>\n<p>2. **Ersatzstopper vorbereiten:** Besorgen Sie sich einen neuen Endstopper in einem N\u00e4hbedarfsgesch\u00e4ft oder bei einem Online-H\u00e4ndler. Stellen Sie sicher, dass er mit der Gr\u00f6\u00dfe und Art Ihres Rei\u00dfverschlusses kompatibel ist.<\/p>\n<p>3. **Neuen Stopper anbringen:** Positionieren Sie den neuen Endstopper am Ende des Rei\u00dfverschlussbandes. Klemmen Sie ihn mit einer Zange fest. Stellen Sie sicher, dass er fest sitzt, um sp\u00e4tere Probleme zu vermeiden.<\/p>\n<p>4. **Mit Nadel und Faden verst\u00e4rken:** F\u00fcr zus\u00e4tzliche Sicherheit n\u00e4hen Sie mit Nadel und Faden um die Basis des Endst\u00fccks. Dies tr\u00e4gt dazu bei, dass das Endst\u00fcck w\u00e4hrend des Gebrauchs an Ort und Stelle bleibt.<\/p>\n<p>Verschiedene Rei\u00dfverschlusstypen erfordern m\u00f6glicherweise spezielle Methoden zum Austauschen der Stopper. Beispielsweise k\u00f6nnen Spiralrei\u00dfverschl\u00fcsse aufgrund von Material- und Strukturunterschieden eine andere Vorgehensweise erfordern als Metallrei\u00dfverschl\u00fcsse. Beachten Sie stets die Herstellerrichtlinien, falls verf\u00fcgbar.<\/p>\n<p>Vorbeugende Ma\u00dfnahmen k\u00f6nnen ebenfalls dazu beitragen, die Lebensdauer Ihrer Rei\u00dfverschlusshalter zu verl\u00e4ngern. Vermeiden Sie \u00fcberm\u00e4\u00dfige Krafteinwirkung beim Benutzen von Rei\u00dfverschl\u00fcssen und \u00fcberpr\u00fcfen Sie sie regelm\u00e4\u00dfig auf Verschlei\u00dferscheinungen. Das Schmieren des Rei\u00dfverschlusses mit einem speziellen Produkt kann ebenfalls die Reibung verringern und Sch\u00e4den vorbeugen.<\/p>\n<p>Ersatzteile f\u00fcr Rei\u00dfverschlussstopper sind in N\u00e4hbedarfsgesch\u00e4ften und online erh\u00e4ltlich. Die Investition in hochwertige Ersatzteile und regelm\u00e4\u00dfige Wartung k\u00f6nnen die Lebensdauer Ihrer Rei\u00dfverschl\u00fcsse deutlich verl\u00e4ngern und sicherstellen, dass sie reibungslos und zuverl\u00e4ssig funktionieren.<\/p>","protected":false},"excerpt":{"rendered":"<p class=\"elements-title-normal__content large\">Gep\u00e4ckzubeh\u00f6r. Leder-Hardware-Zubeh\u00f6r. Rei\u00dfverschluss-Endclip. Zehenkopf mit Schrauben.<\/p>","protected":false},"featured_media":2889,"comment_status":"open","ping_status":"closed","template":"","meta":{"_seopress_robots_primary_cat":"none","_seopress_titles_title":"%%post_title%% %%sitetitle%% %%sep%%","_seopress_titles_desc":"%%post_excerpt%%","_seopress_robots_index":""},"product_brand":[],"product_cat":[112],"product_tag":[132],"class_list":{"0":"post-2888","1":"product","2":"type-product","3":"status-publish","4":"has-post-thumbnail","6":"product_cat-zipper-accessories","7":"product_tag-accessories","9":"first","10":"instock","11":"shipping-taxable","12":"product-type-simple"},"_links":{"self":[{"href":"https:\/\/zipper-factory.com\/de\/wp-json\/wp\/v2\/product\/2888","targetHints":{"allow":["GET"]}}],"collection":[{"href":"https:\/\/zipper-factory.com\/de\/wp-json\/wp\/v2\/product"}],"about":[{"href":"https:\/\/zipper-factory.com\/de\/wp-json\/wp\/v2\/types\/product"}],"replies":[{"embeddable":true,"href":"https:\/\/zipper-factory.com\/de\/wp-json\/wp\/v2\/comments?post=2888"}],"wp:featuredmedia":[{"embeddable":true,"href":"https:\/\/zipper-factory.com\/de\/wp-json\/wp\/v2\/media\/2889"}],"wp:attachment":[{"href":"https:\/\/zipper-factory.com\/de\/wp-json\/wp\/v2\/media?parent=2888"}],"wp:term":[{"taxonomy":"product_brand","embeddable":true,"href":"https:\/\/zipper-factory.com\/de\/wp-json\/wp\/v2\/product_brand?post=2888"},{"taxonomy":"product_cat","embeddable":true,"href":"https:\/\/zipper-factory.com\/de\/wp-json\/wp\/v2\/product_cat?post=2888"},{"taxonomy":"product_tag","embeddable":true,"href":"https:\/\/zipper-factory.com\/de\/wp-json\/wp\/v2\/product_tag?post=2888"}],"curies":[{"name":"wp","href":"https:\/\/api.w.org\/{rel}","templated":true}]}}