{"id":5302,"date":"2023-03-29T14:43:48","date_gmt":"2023-03-29T06:43:48","guid":{"rendered":"https:\/\/zipper-factory.com\/?post_type=product&#038;p=5302"},"modified":"2024-07-10T13:43:43","modified_gmt":"2024-07-10T05:43:43","slug":"classic-style-zipper-puller","status":"publish","type":"product","link":"https:\/\/zipper-factory.com\/de\/produkt\/classic-style-zipper-puller\/","title":{"rendered":"Farbiger Rei\u00dfverschlussanh\u00e4nger"},"content":{"rendered":"<h2>Einf\u00fchrung in farbige Rei\u00dfverschlussanh\u00e4nger<\/h2>\n<p>In der Modewelt k\u00f6nnen selbst kleinste Details eine gro\u00dfe Wirkung erzielen. Farbige Rei\u00dfverschlussanh\u00e4nger sind ein solches Accessoire, das jedem Kleidungsst\u00fcck oder jeder Tasche einen Hauch von Lebendigkeit und Einzigartigkeit verleiht. Diese kleinen, aber wirkungsvollen Werkzeuge werten sowohl die Funktionalit\u00e4t als auch die \u00c4sthetik Ihrer Artikel auf.<\/p>\n<h2>Eigenschaften und Vorteile<\/h2>\n<p>Unsere farbigen Rei\u00dfverschlussanh\u00e4nger sind in verschiedenen Farbt\u00f6nen und Designs erh\u00e4ltlich, sodass Sie genau das Richtige f\u00fcr Ihre Bed\u00fcrfnisse finden. Die aus hochwertigen Materialien gefertigten Anh\u00e4nger sind robust und langlebig. Ihre leuchtenden Farben sind lichtbest\u00e4ndig und sorgen daf\u00fcr, dass Ihre Artikel auch nach langer Zeit noch attraktiv aussehen.<\/p>\n<h2>Anwendungen und Benutzerfreundlichkeit<\/h2>\n<p>Farbige Rei\u00dfverschlussanh\u00e4nger sind vielseitig einsetzbar und eignen sich f\u00fcr eine Vielzahl von Produkten, darunter Jacken, Taschen, Rucks\u00e4cke und mehr. Sie sind einfach anzubringen und bieten sicheren Halt, sodass sich Rei\u00dfverschl\u00fcsse ganz einfach \u00f6ffnen und schlie\u00dfen lassen. Ob Sie Modebegeisterte sind, die ihrem Outfit einen Farbtupfer verleihen m\u00f6chten, oder Hersteller, der seine Produktlinie aufwerten m\u00f6chte \u2013 unsere farbigen Rei\u00dfverschlussanh\u00e4nger sind die perfekte L\u00f6sung.<\/p>\n<h2>Abschluss<\/h2>\n<p>Farbige Rei\u00dfverschlussanh\u00e4nger verleihen Ihren Kleidungsst\u00fccken eine einfache und effektive pers\u00f6nliche Note. Dank ihrer Kombination aus Funktionalit\u00e4t und Stil sind diese Anh\u00e4nger eine kleine Investition, die einen gro\u00dfen Unterschied machen kann. St\u00f6bern Sie noch heute in unserer Kollektion und finden Sie die perfekten farbigen Rei\u00dfverschlussanh\u00e4nger, die zu Ihrem Stil und Ihren Bed\u00fcrfnissen passen.<\/p>","protected":false},"excerpt":{"rendered":"<p title=\"Fabrikverkauf Alle Gr\u00f6\u00dfen Bunte Metall Lange Tag Zipper Slider F\u00fcr Beutel\" data-spm-anchor-id=\"a2700.details.0.i1.30876a6e36r6ac\">Fabrikverkauf Alle Gr\u00f6\u00dfen Bunte Metall Lange Tag Zipper Slider F\u00fcr Beutel<\/p>","protected":false},"featured_media":7672,"comment_status":"open","ping_status":"closed","template":"","meta":{"_seopress_robots_primary_cat":"none","_seopress_titles_title":"%%post_title%% %%sitetitle%% %%sep%%","_seopress_titles_desc":"%%post_excerpt%%","_seopress_robots_index":""},"product_brand":[],"product_cat":[125],"product_tag":[152],"class_list":{"0":"post-5302","1":"product","2":"type-product","3":"status-publish","4":"has-post-thumbnail","6":"product_cat-zipper-puller","7":"product_tag-black-pulls","9":"first","10":"instock","11":"shipping-taxable","12":"product-type-simple"},"_links":{"self":[{"href":"https:\/\/zipper-factory.com\/de\/wp-json\/wp\/v2\/product\/5302","targetHints":{"allow":["GET"]}}],"collection":[{"href":"https:\/\/zipper-factory.com\/de\/wp-json\/wp\/v2\/product"}],"about":[{"href":"https:\/\/zipper-factory.com\/de\/wp-json\/wp\/v2\/types\/product"}],"replies":[{"embeddable":true,"href":"https:\/\/zipper-factory.com\/de\/wp-json\/wp\/v2\/comments?post=5302"}],"wp:featuredmedia":[{"embeddable":true,"href":"https:\/\/zipper-factory.com\/de\/wp-json\/wp\/v2\/media\/7672"}],"wp:attachment":[{"href":"https:\/\/zipper-factory.com\/de\/wp-json\/wp\/v2\/media?parent=5302"}],"wp:term":[{"taxonomy":"product_brand","embeddable":true,"href":"https:\/\/zipper-factory.com\/de\/wp-json\/wp\/v2\/product_brand?post=5302"},{"taxonomy":"product_cat","embeddable":true,"href":"https:\/\/zipper-factory.com\/de\/wp-json\/wp\/v2\/product_cat?post=5302"},{"taxonomy":"product_tag","embeddable":true,"href":"https:\/\/zipper-factory.com\/de\/wp-json\/wp\/v2\/product_tag?post=5302"}],"curies":[{"name":"wp","href":"https:\/\/api.w.org\/{rel}","templated":true}]}}