{"id":5603,"date":"2023-04-12T15:25:03","date_gmt":"2023-04-12T07:25:03","guid":{"rendered":"https:\/\/zipper-factory.com\/?post_type=product&#038;p=5603"},"modified":"2023-04-12T15:29:50","modified_gmt":"2023-04-12T07:29:50","slug":"leather-zipper-puller","status":"publish","type":"product","link":"https:\/\/zipper-factory.com\/de\/produkt\/leather-zipper-puller\/","title":{"rendered":"Rei\u00dfverschlussschieber aus Leder"},"content":{"rendered":"","protected":false},"excerpt":{"rendered":"<p data-spm-anchor-id=\"a2700.details.0.i12.599229b7cUzpdE\">Gro\u00dfhandel Custom Brand Logo Echtleder Rei\u00dfverschluss Puller f\u00fcr Jacke<\/p>","protected":false},"featured_media":5604,"comment_status":"open","ping_status":"closed","template":"","meta":[],"product_brand":[],"product_cat":[125],"product_tag":[153],"class_list":{"0":"post-5603","1":"product","2":"type-product","3":"status-publish","4":"has-post-thumbnail","6":"product_cat-zipper-puller","7":"product_tag-leather","9":"first","10":"instock","11":"shipping-taxable","12":"product-type-simple"},"yoast_head":"<!-- This site is optimized with the Yoast SEO Premium plugin v26.7 (Yoast SEO v27.3) - https:\/\/yoast.com\/product\/yoast-seo-premium-wordpress\/ -->\n<title>Leather Zipper Puller - EVERNICE ZIPPER<\/title>\n<meta name=\"robots\" content=\"index, follow, max-snippet:-1, max-image-preview:large, max-video-preview:-1\" \/>\n<link rel=\"canonical\" href=\"https:\/\/zipper-factory.com\/de\/produkt\/leather-zipper-puller\/\" \/>\n<meta property=\"og:locale\" content=\"de_DE\" \/>\n<meta property=\"og:type\" content=\"article\" \/>\n<meta property=\"og:title\" content=\"Leather Zipper Puller\" \/>\n<meta property=\"og:description\" content=\"Wholesale Custom Brand Logo Genuine Leather Zipper Puller for Jacket\" \/>\n<meta property=\"og:url\" content=\"https:\/\/zipper-factory.com\/de\/produkt\/leather-zipper-puller\/\" \/>\n<meta property=\"og:site_name\" content=\"EVERNICE ZIPPER\" \/>\n<meta property=\"article:publisher\" content=\"https:\/\/facebook.com\/luzuoning\" \/>\n<meta property=\"article:modified_time\" content=\"2023-04-12T07:29:50+00:00\" \/>\n<meta property=\"og:image\" content=\"https:\/\/zipper-factory.com\/wp-content\/uploads\/2023\/04\/1-jpg.avif\" \/>\n\t<meta property=\"og:image:width\" content=\"1000\" \/>\n\t<meta property=\"og:image:height\" content=\"1000\" \/>\n\t<meta property=\"og:image:type\" content=\"image\/jpeg\" \/>\n<meta name=\"twitter:card\" content=\"summary_large_image\" \/>\n<script type=\"application\/ld+json\" class=\"yoast-schema-graph\">{\"@context\":\"https:\\\/\\\/schema.org\",\"@graph\":[{\"@type\":\"WebPage\",\"@id\":\"https:\\\/\\\/zipper-factory.com\\\/product\\\/leather-zipper-puller\\\/\",\"url\":\"https:\\\/\\\/zipper-factory.com\\\/product\\\/leather-zipper-puller\\\/\",\"name\":\"Leather Zipper Puller - EVERNICE ZIPPER\",\"isPartOf\":{\"@id\":\"https:\\\/\\\/zipper-factory.com\\\/#website\"},\"primaryImageOfPage\":{\"@id\":\"https:\\\/\\\/zipper-factory.com\\\/product\\\/leather-zipper-puller\\\/#primaryimage\"},\"image\":{\"@id\":\"https:\\\/\\\/zipper-factory.com\\\/product\\\/leather-zipper-puller\\\/#primaryimage\"},\"thumbnailUrl\":\"https:\\\/\\\/zipper-factory.com\\\/wp-content\\\/uploads\\\/2023\\\/04\\\/1-jpg.avif\",\"datePublished\":\"2023-04-12T07:25:03+00:00\",\"dateModified\":\"2023-04-12T07:29:50+00:00\",\"breadcrumb\":{\"@id\":\"https:\\\/\\\/zipper-factory.com\\\/product\\\/leather-zipper-puller\\\/#breadcrumb\"},\"inLanguage\":\"de\",\"potentialAction\":[{\"@type\":\"ReadAction\",\"target\":[\"https:\\\/\\\/zipper-factory.com\\\/product\\\/leather-zipper-puller\\\/\"]}]},{\"@type\":\"ImageObject\",\"inLanguage\":\"de\",\"@id\":\"https:\\\/\\\/zipper-factory.com\\\/product\\\/leather-zipper-puller\\\/#primaryimage\",\"url\":\"https:\\\/\\\/zipper-factory.com\\\/wp-content\\\/uploads\\\/2023\\\/04\\\/1-jpg.avif\",\"contentUrl\":\"https:\\\/\\\/zipper-factory.com\\\/wp-content\\\/uploads\\\/2023\\\/04\\\/1-jpg.avif\",\"width\":1000,\"height\":1000},{\"@type\":\"BreadcrumbList\",\"@id\":\"https:\\\/\\\/zipper-factory.com\\\/product\\\/leather-zipper-puller\\\/#breadcrumb\",\"itemListElement\":[{\"@type\":\"ListItem\",\"position\":1,\"name\":\"Home\",\"item\":\"https:\\\/\\\/zipper-factory.com\\\/\"},{\"@type\":\"ListItem\",\"position\":2,\"name\":\"Product\",\"item\":\"https:\\\/\\\/zipper-factory.com\\\/product\\\/\"},{\"@type\":\"ListItem\",\"position\":3,\"name\":\"Leather Zipper Puller\"}]},{\"@type\":\"WebSite\",\"@id\":\"https:\\\/\\\/zipper-factory.com\\\/#website\",\"url\":\"https:\\\/\\\/zipper-factory.com\\\/\",\"name\":\"EVERNICE ZIPPER\",\"description\":\"CHINA PROFESSIONAL ZIPPER MANUFACTURER\",\"publisher\":{\"@id\":\"https:\\\/\\\/zipper-factory.com\\\/#organization\"},\"potentialAction\":[{\"@type\":\"SearchAction\",\"target\":{\"@type\":\"EntryPoint\",\"urlTemplate\":\"https:\\\/\\\/zipper-factory.com\\\/?s={search_term_string}\"},\"query-input\":{\"@type\":\"PropertyValueSpecification\",\"valueRequired\":true,\"valueName\":\"search_term_string\"}}],\"inLanguage\":\"de\"},{\"@type\":\"Organization\",\"@id\":\"https:\\\/\\\/zipper-factory.com\\\/#organization\",\"name\":\"EVERNICE ZIPPER\",\"url\":\"https:\\\/\\\/zipper-factory.com\\\/\",\"logo\":{\"@type\":\"ImageObject\",\"inLanguage\":\"de\",\"@id\":\"https:\\\/\\\/zipper-factory.com\\\/#\\\/schema\\\/logo\\\/image\\\/\",\"url\":\"https:\\\/\\\/zipper-factory.com\\\/wp-content\\\/uploads\\\/2023\\\/02\\\/evernice-logo.png\",\"contentUrl\":\"https:\\\/\\\/zipper-factory.com\\\/wp-content\\\/uploads\\\/2023\\\/02\\\/evernice-logo.png\",\"width\":350,\"height\":100,\"caption\":\"EVERNICE ZIPPER\"},\"image\":{\"@id\":\"https:\\\/\\\/zipper-factory.com\\\/#\\\/schema\\\/logo\\\/image\\\/\"},\"sameAs\":[\"https:\\\/\\\/facebook.com\\\/luzuoning\"]}]}<\/script>\n<!-- \/ Yoast SEO Premium plugin. -->","yoast_head_json":{"title":"Leather Zipper Puller - EVERNICE ZIPPER","robots":{"index":"index","follow":"follow","max-snippet":"max-snippet:-1","max-image-preview":"max-image-preview:large","max-video-preview":"max-video-preview:-1"},"canonical":"https:\/\/zipper-factory.com\/de\/produkt\/leather-zipper-puller\/","og_locale":"de_DE","og_type":"article","og_title":"Leather Zipper Puller","og_description":"Wholesale Custom Brand Logo Genuine Leather Zipper Puller for Jacket","og_url":"https:\/\/zipper-factory.com\/de\/produkt\/leather-zipper-puller\/","og_site_name":"EVERNICE ZIPPER","article_publisher":"https:\/\/facebook.com\/luzuoning","article_modified_time":"2023-04-12T07:29:50+00:00","og_image":[{"width":1000,"height":1000,"url":"https:\/\/zipper-factory.com\/wp-content\/uploads\/2023\/04\/1-jpg.avif","type":"image\/jpeg"}],"twitter_card":"summary_large_image","schema":{"@context":"https:\/\/schema.org","@graph":[{"@type":"WebPage","@id":"https:\/\/zipper-factory.com\/product\/leather-zipper-puller\/","url":"https:\/\/zipper-factory.com\/product\/leather-zipper-puller\/","name":"Leather Zipper Puller - EVERNICE ZIPPER","isPartOf":{"@id":"https:\/\/zipper-factory.com\/#website"},"primaryImageOfPage":{"@id":"https:\/\/zipper-factory.com\/product\/leather-zipper-puller\/#primaryimage"},"image":{"@id":"https:\/\/zipper-factory.com\/product\/leather-zipper-puller\/#primaryimage"},"thumbnailUrl":"https:\/\/zipper-factory.com\/wp-content\/uploads\/2023\/04\/1-jpg.avif","datePublished":"2023-04-12T07:25:03+00:00","dateModified":"2023-04-12T07:29:50+00:00","breadcrumb":{"@id":"https:\/\/zipper-factory.com\/product\/leather-zipper-puller\/#breadcrumb"},"inLanguage":"de","potentialAction":[{"@type":"ReadAction","target":["https:\/\/zipper-factory.com\/product\/leather-zipper-puller\/"]}]},{"@type":"ImageObject","inLanguage":"de","@id":"https:\/\/zipper-factory.com\/product\/leather-zipper-puller\/#primaryimage","url":"https:\/\/zipper-factory.com\/wp-content\/uploads\/2023\/04\/1-jpg.avif","contentUrl":"https:\/\/zipper-factory.com\/wp-content\/uploads\/2023\/04\/1-jpg.avif","width":1000,"height":1000},{"@type":"BreadcrumbList","@id":"https:\/\/zipper-factory.com\/product\/leather-zipper-puller\/#breadcrumb","itemListElement":[{"@type":"ListItem","position":1,"name":"Home","item":"https:\/\/zipper-factory.com\/"},{"@type":"ListItem","position":2,"name":"Product","item":"https:\/\/zipper-factory.com\/product\/"},{"@type":"ListItem","position":3,"name":"Leather Zipper Puller"}]},{"@type":"WebSite","@id":"https:\/\/zipper-factory.com\/#website","url":"https:\/\/zipper-factory.com\/","name":"EVERNICE ZIPPER","description":"CHINA PROFESSIONAL ZIPPER MANUFACTURER","publisher":{"@id":"https:\/\/zipper-factory.com\/#organization"},"potentialAction":[{"@type":"SearchAction","target":{"@type":"EntryPoint","urlTemplate":"https:\/\/zipper-factory.com\/?s={search_term_string}"},"query-input":{"@type":"PropertyValueSpecification","valueRequired":true,"valueName":"search_term_string"}}],"inLanguage":"de"},{"@type":"Organization","@id":"https:\/\/zipper-factory.com\/#organization","name":"EVERNICE ZIPPER","url":"https:\/\/zipper-factory.com\/","logo":{"@type":"ImageObject","inLanguage":"de","@id":"https:\/\/zipper-factory.com\/#\/schema\/logo\/image\/","url":"https:\/\/zipper-factory.com\/wp-content\/uploads\/2023\/02\/evernice-logo.png","contentUrl":"https:\/\/zipper-factory.com\/wp-content\/uploads\/2023\/02\/evernice-logo.png","width":350,"height":100,"caption":"EVERNICE ZIPPER"},"image":{"@id":"https:\/\/zipper-factory.com\/#\/schema\/logo\/image\/"},"sameAs":["https:\/\/facebook.com\/luzuoning"]}]}},"_links":{"self":[{"href":"https:\/\/zipper-factory.com\/de\/wp-json\/wp\/v2\/product\/5603","targetHints":{"allow":["GET"]}}],"collection":[{"href":"https:\/\/zipper-factory.com\/de\/wp-json\/wp\/v2\/product"}],"about":[{"href":"https:\/\/zipper-factory.com\/de\/wp-json\/wp\/v2\/types\/product"}],"replies":[{"embeddable":true,"href":"https:\/\/zipper-factory.com\/de\/wp-json\/wp\/v2\/comments?post=5603"}],"wp:featuredmedia":[{"embeddable":true,"href":"https:\/\/zipper-factory.com\/de\/wp-json\/wp\/v2\/media\/5604"}],"wp:attachment":[{"href":"https:\/\/zipper-factory.com\/de\/wp-json\/wp\/v2\/media?parent=5603"}],"wp:term":[{"taxonomy":"product_brand","embeddable":true,"href":"https:\/\/zipper-factory.com\/de\/wp-json\/wp\/v2\/product_brand?post=5603"},{"taxonomy":"product_cat","embeddable":true,"href":"https:\/\/zipper-factory.com\/de\/wp-json\/wp\/v2\/product_cat?post=5603"},{"taxonomy":"product_tag","embeddable":true,"href":"https:\/\/zipper-factory.com\/de\/wp-json\/wp\/v2\/product_tag?post=5603"}],"curies":[{"name":"wp","href":"https:\/\/api.w.org\/{rel}","templated":true}]}}