{"id":6309,"date":"2023-10-18T16:06:13","date_gmt":"2023-10-18T08:06:13","guid":{"rendered":"https:\/\/zipper-factory.com\/?post_type=product&#038;p=6309"},"modified":"2023-10-18T16:09:42","modified_gmt":"2023-10-18T08:09:42","slug":"widen-nylon-zipper","status":"publish","type":"product","link":"https:\/\/zipper-factory.com\/de\/produkt\/widen-nylon-zipper\/","title":{"rendered":"Breiter Nylon-Rei\u00dfverschluss"},"content":{"rendered":"<p data-spm-anchor-id=\"a2700.details.0.i19.8e56d888QA8di3\">Der Hauptzweck der Erweiterung des Rei\u00dfverschlusses besteht darin, eine breitere \u00d6ffnung zu schaffen, die das \u00d6ffnen und Schlie\u00dfen von Kleidung, Taschen, Koffern und anderen Beh\u00e4ltern erleichtert.<\/p>\n<div data-spm-anchor-id=\"a2700.details.0.i20.8e56d888QA8di3\">Beispielsweise kann ein breiterer Rei\u00dfverschluss an Koffern oder Rucks\u00e4cken den Tragekomfort erh\u00f6hen und das Volumen erh\u00f6hen. Auch an Kleidung sorgt ein breiterer Rei\u00dfverschluss f\u00fcr ein angenehmeres An- und Ausziehen, insbesondere f\u00fcr Personen mit erh\u00f6htem Platzbedarf, wie Schwangere oder Personen mit besonderen K\u00f6rperformen. Dar\u00fcber hinaus werden breitere Rei\u00dfverschl\u00fcsse h\u00e4ufig bei Outdoor-Sportger\u00e4ten, Handtaschen und Accessoires eingesetzt, um den unterschiedlichen Bed\u00fcrfnissen gerecht zu werden.<\/div>","protected":false},"excerpt":{"rendered":"<div class=\"product-title\">\n<div id=\"module_title\">\n<div class=\"detail-title-section detail-mainscreen-center-grid J-ma-title-wrap\" data-spm-anchor-id=\"a2700.details.0.i20.236551e6ELb9zP\">\n<p data-spm-anchor-id=\"a2700.wholesale.0.i6.26b12d479nEVrj\">Guter Preis 4 cm 5 cm breites Band Nylon Rei\u00dfverschluss 5# Lange Kette Widen Nylon Rei\u00dfverschluss f\u00fcr Gep\u00e4ck<\/p>\n<div class=\"ma-tag-wrap\"><\/div>\n<p>&nbsp;<\/p>\n<div><\/div>\n<\/div>\n<\/div>\n<div id=\"module_activity_seller\"><\/div>\n<div id=\"module_glp\"><\/div>\n<div id=\"module_price\">\n<div class=\"widget-main-action\">\n<div class=\"ma-price-wrap\"><\/div>\n<\/div>\n<\/div>\n<\/div>","protected":false},"featured_media":6310,"comment_status":"open","ping_status":"closed","template":"","meta":{"_seopress_robots_primary_cat":"none","_seopress_titles_title":"%%post_title%% %%sitetitle%% %%sep%%","_seopress_titles_desc":"%%post_excerpt%%","_seopress_robots_index":""},"product_brand":[],"product_cat":[40],"product_tag":[],"class_list":{"0":"post-6309","1":"product","2":"type-product","3":"status-publish","4":"has-post-thumbnail","6":"product_cat-nylon-zipper","8":"first","9":"instock","10":"shipping-taxable","11":"product-type-simple"},"_links":{"self":[{"href":"https:\/\/zipper-factory.com\/de\/wp-json\/wp\/v2\/product\/6309","targetHints":{"allow":["GET"]}}],"collection":[{"href":"https:\/\/zipper-factory.com\/de\/wp-json\/wp\/v2\/product"}],"about":[{"href":"https:\/\/zipper-factory.com\/de\/wp-json\/wp\/v2\/types\/product"}],"replies":[{"embeddable":true,"href":"https:\/\/zipper-factory.com\/de\/wp-json\/wp\/v2\/comments?post=6309"}],"wp:featuredmedia":[{"embeddable":true,"href":"https:\/\/zipper-factory.com\/de\/wp-json\/wp\/v2\/media\/6310"}],"wp:attachment":[{"href":"https:\/\/zipper-factory.com\/de\/wp-json\/wp\/v2\/media?parent=6309"}],"wp:term":[{"taxonomy":"product_brand","embeddable":true,"href":"https:\/\/zipper-factory.com\/de\/wp-json\/wp\/v2\/product_brand?post=6309"},{"taxonomy":"product_cat","embeddable":true,"href":"https:\/\/zipper-factory.com\/de\/wp-json\/wp\/v2\/product_cat?post=6309"},{"taxonomy":"product_tag","embeddable":true,"href":"https:\/\/zipper-factory.com\/de\/wp-json\/wp\/v2\/product_tag?post=6309"}],"curies":[{"name":"wp","href":"https:\/\/api.w.org\/{rel}","templated":true}]}}