{"id":6314,"date":"2023-10-18T16:11:46","date_gmt":"2023-10-18T08:11:46","guid":{"rendered":"https:\/\/zipper-factory.com\/?post_type=product&#038;p=6314"},"modified":"2023-10-18T16:14:33","modified_gmt":"2023-10-18T08:14:33","slug":"eva-track-zipper","status":"publish","type":"product","link":"https:\/\/zipper-factory.com\/de\/produkt\/eva-track-zipper\/","title":{"rendered":"EVA-Schienenrei\u00dfverschluss"},"content":{"rendered":"<p data-spm-anchor-id=\"a2700.details.0.i19.8e56d888QA8di3\">Der Flachrei\u00dfverschluss dient als g\u00e4ngiger Rei\u00dfverschlusstyp aus PVC, TPU und EVA. Die Materialwahl f\u00fcr den Flachrei\u00dfverschluss h\u00e4ngt vom Gewebematerial ab. Nur das gleiche Material kann durch Hochfrequenzschwei\u00dfen verbunden werden.<\/p>\n<div data-spm-anchor-id=\"a2700.details.0.i27.98525dcffs1F6c\">\u00a0Er wird h\u00e4ufig zum \u00d6ffnen und Schlie\u00dfen von Produkten wie Taschen, Schuhen und Kleidung verwendet. Die Hauptfunktion des Rei\u00dfverschlusses besteht darin, ein schnelles und bequemes \u00d6ffnen und Schlie\u00dfen des Produkts zu erm\u00f6glichen und so Sicherheit und Schutz zu gew\u00e4hrleisten. Flache Rei\u00dfverschl\u00fcsse sind leicht, flexibel und langlebig und werden h\u00e4ufig bei leichten und l\u00e4ssigen Produkten verwendet.<\/div>","protected":false},"excerpt":{"rendered":"<div class=\"product-title\">\n<div id=\"module_title\">\n<div class=\"detail-title-section detail-mainscreen-center-grid J-ma-title-wrap\" data-spm-anchor-id=\"a2700.details.0.i20.236551e6ELb9zP\">\n<p data-spm-anchor-id=\"a2700.details.0.i14.98525dcffs1F6c\">Hochfrequenz-Dichtungsband PVC TPU EVA Schienenrei\u00dfverschluss Wasserdichter Beutelrei\u00dfverschluss Flachzugrei\u00dfverschluss f\u00fcr versiegelte Tasche<\/p>\n<div class=\"ma-tag-wrap\"><\/div>\n<p>&nbsp;<\/p>\n<div><\/div>\n<\/div>\n<\/div>\n<div id=\"module_activity_seller\"><\/div>\n<div id=\"module_glp\"><\/div>\n<div id=\"module_price\">\n<div class=\"widget-main-action\">\n<div class=\"ma-price-wrap\"><\/div>\n<\/div>\n<\/div>\n<\/div>","protected":false},"featured_media":6317,"comment_status":"open","ping_status":"closed","template":"","meta":{"_seopress_robots_primary_cat":"none","_seopress_titles_title":"%%post_title%% %%sitetitle%% %%sep%%","_seopress_titles_desc":"%%post_excerpt%%","_seopress_robots_index":""},"product_brand":[],"product_cat":[164],"product_tag":[],"class_list":{"0":"post-6314","1":"product","2":"type-product","3":"status-publish","4":"has-post-thumbnail","6":"product_cat-special-zipper","8":"first","9":"instock","10":"shipping-taxable","11":"product-type-simple"},"_links":{"self":[{"href":"https:\/\/zipper-factory.com\/de\/wp-json\/wp\/v2\/product\/6314","targetHints":{"allow":["GET"]}}],"collection":[{"href":"https:\/\/zipper-factory.com\/de\/wp-json\/wp\/v2\/product"}],"about":[{"href":"https:\/\/zipper-factory.com\/de\/wp-json\/wp\/v2\/types\/product"}],"replies":[{"embeddable":true,"href":"https:\/\/zipper-factory.com\/de\/wp-json\/wp\/v2\/comments?post=6314"}],"wp:featuredmedia":[{"embeddable":true,"href":"https:\/\/zipper-factory.com\/de\/wp-json\/wp\/v2\/media\/6317"}],"wp:attachment":[{"href":"https:\/\/zipper-factory.com\/de\/wp-json\/wp\/v2\/media?parent=6314"}],"wp:term":[{"taxonomy":"product_brand","embeddable":true,"href":"https:\/\/zipper-factory.com\/de\/wp-json\/wp\/v2\/product_brand?post=6314"},{"taxonomy":"product_cat","embeddable":true,"href":"https:\/\/zipper-factory.com\/de\/wp-json\/wp\/v2\/product_cat?post=6314"},{"taxonomy":"product_tag","embeddable":true,"href":"https:\/\/zipper-factory.com\/de\/wp-json\/wp\/v2\/product_tag?post=6314"}],"curies":[{"name":"wp","href":"https:\/\/api.w.org\/{rel}","templated":true}]}}