{"id":6323,"date":"2023-10-18T16:19:04","date_gmt":"2023-10-18T08:19:04","guid":{"rendered":"https:\/\/zipper-factory.com\/?post_type=product&#038;p=6323"},"modified":"2023-10-18T16:23:47","modified_gmt":"2023-10-18T08:23:47","slug":"eco-friendly-zipper","status":"publish","type":"product","link":"https:\/\/zipper-factory.com\/de\/produkt\/eco-friendly-zipper\/","title":{"rendered":"Umweltfreundlicher Rei\u00dfverschluss"},"content":{"rendered":"<p data-spm-anchor-id=\"a2700.details.0.i19.8e56d888QA8di3\">Es gibt viele Arten umweltfreundlicher Rei\u00dfverschlussprodukte, unter anderem:<\/p>\n<p data-spm-anchor-id=\"a2700.details.0.i19.8e56d888QA8di3\">1. Ungef\u00e4rbte Rei\u00dfverschl\u00fcsse: Beispielsweise m\u00fcssen schwarze Nylon-Rei\u00dfverschl\u00fcsse w\u00e4hrend des Produktionsprozesses nicht gef\u00e4rbt werden, wodurch der Wasserverbrauch und die Kohlendioxidemissionen bei der Herstellung von Rei\u00dfverschl\u00fcssen reduziert werden.<\/p>\n<p data-spm-anchor-id=\"a2700.details.0.i19.8e56d888QA8di3\">2. Recycelte Rei\u00dfverschl\u00fcsse: Einige Unternehmen recyceln Abfallmaterialien wie Plastikflaschen, Kleidung und Haushaltsm\u00fcll und verarbeiten sie zu recycelten Rei\u00dfverschl\u00fcssen. Diese Rei\u00dfverschl\u00fcsse nutzen Abfallressourcen effektiv und reduzieren den Verbrauch nat\u00fcrlicher Ressourcen.<\/p>\n<p data-spm-anchor-id=\"a2700.details.0.i19.8e56d888QA8di3\">3. Rei\u00dfverschl\u00fcsse aus Pflanzenfasern: Einige Rei\u00dfverschl\u00fcsse werden aus pflanzlichen Bestandteilen hergestellt. Diese Rei\u00dfverschl\u00fcsse reduzieren die Abh\u00e4ngigkeit von fossilen Brennstoffen und sind besser biologisch abbaubar. Diese umweltfreundlichen Rei\u00dfverschlussprodukte reduzieren die Auswirkungen auf Umwelt und Ressourcen und f\u00f6rdern so eine nachhaltige Entwicklung.<\/p>","protected":false},"excerpt":{"rendered":"<div class=\"product-title\">\n<div id=\"module_title\">\n<div class=\"detail-title-section detail-mainscreen-center-grid J-ma-title-wrap\" data-spm-anchor-id=\"a2700.details.0.i20.236551e6ELb9zP\">\n<p data-spm-anchor-id=\"a2700.details.0.i15.27c42038MVaKVl\">Umweltfreundlicher Rei\u00dfverschluss Herstellung Gro\u00dfhandel 3# 5# 8# Recycelter Rei\u00dfverschluss Open-End-Rei\u00dfverschluss f\u00fcr Kleidungsst\u00fccke<\/p>\n<\/div>\n<\/div>\n<\/div>","protected":false},"featured_media":6325,"comment_status":"open","ping_status":"closed","template":"","meta":{"_seopress_robots_primary_cat":"none","_seopress_titles_title":"%%post_title%% %%sitetitle%% %%sep%%","_seopress_titles_desc":"%%post_excerpt%%","_seopress_robots_index":""},"product_brand":[],"product_cat":[40],"product_tag":[],"class_list":{"0":"post-6323","1":"product","2":"type-product","3":"status-publish","4":"has-post-thumbnail","6":"product_cat-nylon-zipper","8":"first","9":"instock","10":"shipping-taxable","11":"product-type-simple"},"_links":{"self":[{"href":"https:\/\/zipper-factory.com\/de\/wp-json\/wp\/v2\/product\/6323","targetHints":{"allow":["GET"]}}],"collection":[{"href":"https:\/\/zipper-factory.com\/de\/wp-json\/wp\/v2\/product"}],"about":[{"href":"https:\/\/zipper-factory.com\/de\/wp-json\/wp\/v2\/types\/product"}],"replies":[{"embeddable":true,"href":"https:\/\/zipper-factory.com\/de\/wp-json\/wp\/v2\/comments?post=6323"}],"wp:featuredmedia":[{"embeddable":true,"href":"https:\/\/zipper-factory.com\/de\/wp-json\/wp\/v2\/media\/6325"}],"wp:attachment":[{"href":"https:\/\/zipper-factory.com\/de\/wp-json\/wp\/v2\/media?parent=6323"}],"wp:term":[{"taxonomy":"product_brand","embeddable":true,"href":"https:\/\/zipper-factory.com\/de\/wp-json\/wp\/v2\/product_brand?post=6323"},{"taxonomy":"product_cat","embeddable":true,"href":"https:\/\/zipper-factory.com\/de\/wp-json\/wp\/v2\/product_cat?post=6323"},{"taxonomy":"product_tag","embeddable":true,"href":"https:\/\/zipper-factory.com\/de\/wp-json\/wp\/v2\/product_tag?post=6323"}],"curies":[{"name":"wp","href":"https:\/\/api.w.org\/{rel}","templated":true}]}}