{"id":6536,"date":"2023-11-17T15:56:41","date_gmt":"2023-11-17T07:56:41","guid":{"rendered":"https:\/\/zipper-factory.com\/?post_type=product&#038;p=6536"},"modified":"2023-11-17T17:45:20","modified_gmt":"2023-11-17T09:45:20","slug":"fireproof-metal-zipper","status":"publish","type":"product","link":"https:\/\/zipper-factory.com\/de\/produkt\/fireproof-metal-zipper\/","title":{"rendered":"Feuerfester Metallrei\u00dfverschluss"},"content":{"rendered":"<p data-spm-anchor-id=\"a2700.details.0.i14.6c4a77c4eA8YO6\">Das Verfahren zur Herstellung feuerfester Metallrei\u00dfverschl\u00fcsse kombiniert metallische und feuerfeste Materialien. Das Bandmaterial des feuerfesten Metallrei\u00dfverschlusses besteht \u00fcblicherweise aus Aramid, einem synthetischen Fasermaterial mit hoher Temperaturbest\u00e4ndigkeit. Zun\u00e4chst werden die Aramidfasern textilverarbeitet, um B\u00e4nder mit bestimmten Spezifikationen und Gr\u00f6\u00dfen herzustellen. Anschlie\u00dfend werden die Metallz\u00e4hne auf dem Aramidband befestigt. Um die Feuerbest\u00e4ndigkeit zu erh\u00f6hen, kann die Bandoberfl\u00e4che mit einer Schicht aus feuerfestem Material, beispielsweise einem Flammschutzmittel, beschichtet werden. Der gesamte Prozess erfordert eine strenge Kontrolle der Temperatur und der Fertigungsparameter, um sicherzustellen, dass der Rei\u00dfverschluss hervorragende Eigenschaften wie hohe Temperaturbest\u00e4ndigkeit, Feuerbest\u00e4ndigkeit und Abriebfestigkeit aufweist und sich somit f\u00fcr Brandschutzausr\u00fcstungen und den Einsatz in Hochtemperaturumgebungen eignet.<\/p>","protected":false},"excerpt":{"rendered":"<p title=\"Professioneller Hersteller Feuerfester Metallrei\u00dfverschluss Feuerfeste Materialien Aramidband Flammhemmender Rei\u00dfverschluss f\u00fcr Feuerwehranzug\" data-spm-anchor-id=\"a2700.details.0.i78.281e1ac0cLKOdV\">Professioneller Hersteller Feuerfester Metallrei\u00dfverschluss Feuerfeste Materialien Aramidband Flammhemmender Rei\u00dfverschluss f\u00fcr Feuerwehranzug<\/p>","protected":false},"featured_media":6540,"comment_status":"open","ping_status":"closed","template":"","meta":{"_seopress_robots_primary_cat":"none","_seopress_titles_title":"%%post_title%% %%sitetitle%% %%sep%%","_seopress_titles_desc":"%%post_excerpt%%","_seopress_robots_index":""},"product_brand":[],"product_cat":[33],"product_tag":[166],"class_list":{"0":"post-6536","1":"product","2":"type-product","3":"status-publish","4":"has-post-thumbnail","6":"product_cat-metal-zipper","7":"product_tag-fireproof","9":"first","10":"instock","11":"shipping-taxable","12":"product-type-simple"},"_links":{"self":[{"href":"https:\/\/zipper-factory.com\/de\/wp-json\/wp\/v2\/product\/6536","targetHints":{"allow":["GET"]}}],"collection":[{"href":"https:\/\/zipper-factory.com\/de\/wp-json\/wp\/v2\/product"}],"about":[{"href":"https:\/\/zipper-factory.com\/de\/wp-json\/wp\/v2\/types\/product"}],"replies":[{"embeddable":true,"href":"https:\/\/zipper-factory.com\/de\/wp-json\/wp\/v2\/comments?post=6536"}],"wp:featuredmedia":[{"embeddable":true,"href":"https:\/\/zipper-factory.com\/de\/wp-json\/wp\/v2\/media\/6540"}],"wp:attachment":[{"href":"https:\/\/zipper-factory.com\/de\/wp-json\/wp\/v2\/media?parent=6536"}],"wp:term":[{"taxonomy":"product_brand","embeddable":true,"href":"https:\/\/zipper-factory.com\/de\/wp-json\/wp\/v2\/product_brand?post=6536"},{"taxonomy":"product_cat","embeddable":true,"href":"https:\/\/zipper-factory.com\/de\/wp-json\/wp\/v2\/product_cat?post=6536"},{"taxonomy":"product_tag","embeddable":true,"href":"https:\/\/zipper-factory.com\/de\/wp-json\/wp\/v2\/product_tag?post=6536"}],"curies":[{"name":"wp","href":"https:\/\/api.w.org\/{rel}","templated":true}]}}