{"id":6609,"date":"2023-11-24T16:50:40","date_gmt":"2023-11-24T08:50:40","guid":{"rendered":"https:\/\/zipper-factory.com\/?post_type=product&#038;p=6609"},"modified":"2023-11-24T16:52:14","modified_gmt":"2023-11-24T08:52:14","slug":"sliver-teeth-and-tape-metal-zipper","status":"publish","type":"product","link":"https:\/\/zipper-factory.com\/de\/produkt\/sliver-teeth-and-tape-metal-zipper\/","title":{"rendered":"Rei\u00dfverschluss aus Metall mit Splitterz\u00e4hnen und Band"},"content":{"rendered":"<p>Der Prozess der Herstellung von Silberb\u00e4ndern f\u00fcr Rei\u00dfverschl\u00fcsse umfasst die folgenden Schritte:<\/p>\n<div>1. Auswahl von Silbergarn als Rohmaterial f\u00fcr das Rei\u00dfverschlussband. Silbergarn kann dem Rei\u00dfverschlussband einen metallischen Glanz verleihen.<\/div>\n<div>2. Weben des Bandes auf einem Webstuhl oder einer Webmaschine. Passen Sie die Parameter der Maschine entsprechend der gew\u00fcnschten Breite und Dicke an, um die Qualit\u00e4t und Spezifikationen des Bandes sicherzustellen.<\/div>\n<div data-spm-anchor-id=\"a2700.details.0.i85.d59b7bddy5cSbT\">3. Anschlie\u00dfend wird die Oberfl\u00e4che des Bandes durch Veredelungs- und Presstechniken glatt und eben gemacht. Spezielle Hei\u00dfpressen oder B\u00fcgeleisen k\u00f6nnen zum Veredeln des Bandes verwendet werden.<\/div>","protected":false},"excerpt":{"rendered":"<p title=\"High Quality Sliver Zipper Sliver Metallic Luster Tape Sliver Teeth Metal Zipper For Jacket\" data-spm-anchor-id=\"a2700.details.0.i42.d59b7bddy5cSbT\">High Quality Sliver Zipper Sliver Metallic Luster Tape Sliver Teeth Metal Zipper For Jacket<\/p>","protected":false},"featured_media":6610,"comment_status":"open","ping_status":"closed","template":"","meta":{"_seopress_robots_primary_cat":"none","_seopress_titles_title":"%%post_title%% %%sitetitle%% %%sep%%","_seopress_titles_desc":"%%post_excerpt%%","_seopress_robots_index":""},"product_brand":[],"product_cat":[33],"product_tag":[176],"class_list":{"0":"post-6609","1":"product","2":"type-product","3":"status-publish","4":"has-post-thumbnail","6":"product_cat-metal-zipper","7":"product_tag-sliver","9":"first","10":"instock","11":"shipping-taxable","12":"product-type-simple"},"_links":{"self":[{"href":"https:\/\/zipper-factory.com\/de\/wp-json\/wp\/v2\/product\/6609","targetHints":{"allow":["GET"]}}],"collection":[{"href":"https:\/\/zipper-factory.com\/de\/wp-json\/wp\/v2\/product"}],"about":[{"href":"https:\/\/zipper-factory.com\/de\/wp-json\/wp\/v2\/types\/product"}],"replies":[{"embeddable":true,"href":"https:\/\/zipper-factory.com\/de\/wp-json\/wp\/v2\/comments?post=6609"}],"wp:featuredmedia":[{"embeddable":true,"href":"https:\/\/zipper-factory.com\/de\/wp-json\/wp\/v2\/media\/6610"}],"wp:attachment":[{"href":"https:\/\/zipper-factory.com\/de\/wp-json\/wp\/v2\/media?parent=6609"}],"wp:term":[{"taxonomy":"product_brand","embeddable":true,"href":"https:\/\/zipper-factory.com\/de\/wp-json\/wp\/v2\/product_brand?post=6609"},{"taxonomy":"product_cat","embeddable":true,"href":"https:\/\/zipper-factory.com\/de\/wp-json\/wp\/v2\/product_cat?post=6609"},{"taxonomy":"product_tag","embeddable":true,"href":"https:\/\/zipper-factory.com\/de\/wp-json\/wp\/v2\/product_tag?post=6609"}],"curies":[{"name":"wp","href":"https:\/\/api.w.org\/{rel}","templated":true}]}}