{"id":6735,"date":"2023-12-18T15:21:25","date_gmt":"2023-12-18T07:21:25","guid":{"rendered":"https:\/\/zipper-factory.com\/?post_type=product&#038;p=6735"},"modified":"2024-03-11T14:15:16","modified_gmt":"2024-03-11T06:15:16","slug":"five-colors-tooth-metal-zipper","status":"publish","type":"product","link":"https:\/\/zipper-factory.com\/de\/produkt\/five-colors-tooth-metal-zipper\/","title":{"rendered":"F\u00fcnf Farben Zahn Metall Rei\u00dfverschluss"},"content":{"rendered":"<p><span data-spm-anchor-id=\"a2700.details.0.i87.129e3280qkrc2Y\">Der Produktionsprozess des F\u00fcnffarben-Metallrei\u00dfverschlusses umfasst die folgenden Schritte. <\/span><\/p>\n<div>\n<div>Die Metallkette besteht aus zahlreichen kleinen Z\u00e4hnen, die richtig angeordnet werden m\u00fcssen, damit sich der Rei\u00dfverschluss reibungslos \u00f6ffnen und schlie\u00dfen l\u00e4sst. Dieser Vorgang wird in der Regel von Spezialmaschinen durchgef\u00fchrt.<\/div>\n<div><\/div>\n<div>Hier sind die Schritte zum Einsetzen der Z\u00e4hne:<\/div>\n<div>1. Bereiten Sie das Spezialband f\u00fcr den Metallrei\u00dfverschluss vor.<\/div>\n<div>2. Bereiten Sie Z\u00e4hne in f\u00fcnf verschiedenen Farben f\u00fcr den Metallrei\u00dfverschluss vor.<\/div>\n<div>3. Verwenden Sie die mechanische Ausr\u00fcstung, um das Band festzuklemmen und die Z\u00e4hne der f\u00fcnf Farben zuf\u00e4llig anzuordnen. Achten Sie dabei darauf, dass sich jeder Zahn an der richtigen Position befindet.<\/div>\n<div>4. \u00dcberpr\u00fcfen Sie abschlie\u00dfend, ob der Rei\u00dfverschluss reibungslos l\u00e4uft und stellen Sie sicher, dass keine Fehlstellungen oder fehlende Z\u00e4hne vorhanden sind.<\/div>\n<div>Der Einbau von Z\u00e4hnen in einen Metallrei\u00dfverschluss erfordert den Einsatz spezieller Produktionsger\u00e4te, um Genauigkeit und Qualit\u00e4t der Anordnung zu gew\u00e4hrleisten.<\/div>\n<\/div>","protected":false},"excerpt":{"rendered":"<p title=\"Hochwertiger f\u00fcnffarbiger Zahn-Metallrei\u00dfverschluss, Maisform, Z\u00e4hne, Messing-Rei\u00dfverschluss, Metall-Rei\u00dfverschluss f\u00fcr Lederjacke\" data-spm-anchor-id=\"a2700.details.0.i84.129e3280qkrc2Y\">Hochwertiger f\u00fcnffarbiger Zahn-Metallrei\u00dfverschluss, Maisform, Z\u00e4hne, Messing-Rei\u00dfverschluss, Metall-Rei\u00dfverschluss f\u00fcr Lederjacke<\/p>","protected":false},"featured_media":6736,"comment_status":"open","ping_status":"closed","template":"","meta":{"_seopress_robots_primary_cat":"none","_seopress_titles_title":"%%post_title%% %%sitetitle%% %%sep%%","_seopress_titles_desc":"%%post_excerpt%%","_seopress_robots_index":"","_seopress_analysis_target_kw":""},"product_brand":[],"product_cat":[33],"product_tag":[181],"class_list":{"0":"post-6735","1":"product","2":"type-product","3":"status-publish","4":"has-post-thumbnail","6":"product_cat-metal-zipper","7":"product_tag-five-colors-tooth","9":"first","10":"instock","11":"shipping-taxable","12":"product-type-simple"},"_links":{"self":[{"href":"https:\/\/zipper-factory.com\/de\/wp-json\/wp\/v2\/product\/6735","targetHints":{"allow":["GET"]}}],"collection":[{"href":"https:\/\/zipper-factory.com\/de\/wp-json\/wp\/v2\/product"}],"about":[{"href":"https:\/\/zipper-factory.com\/de\/wp-json\/wp\/v2\/types\/product"}],"replies":[{"embeddable":true,"href":"https:\/\/zipper-factory.com\/de\/wp-json\/wp\/v2\/comments?post=6735"}],"wp:featuredmedia":[{"embeddable":true,"href":"https:\/\/zipper-factory.com\/de\/wp-json\/wp\/v2\/media\/6736"}],"wp:attachment":[{"href":"https:\/\/zipper-factory.com\/de\/wp-json\/wp\/v2\/media?parent=6735"}],"wp:term":[{"taxonomy":"product_brand","embeddable":true,"href":"https:\/\/zipper-factory.com\/de\/wp-json\/wp\/v2\/product_brand?post=6735"},{"taxonomy":"product_cat","embeddable":true,"href":"https:\/\/zipper-factory.com\/de\/wp-json\/wp\/v2\/product_cat?post=6735"},{"taxonomy":"product_tag","embeddable":true,"href":"https:\/\/zipper-factory.com\/de\/wp-json\/wp\/v2\/product_tag?post=6735"}],"curies":[{"name":"wp","href":"https:\/\/api.w.org\/{rel}","templated":true}]}}