{"id":6745,"date":"2023-12-18T17:30:45","date_gmt":"2023-12-18T09:30:45","guid":{"rendered":"https:\/\/zipper-factory.com\/?post_type=product&#038;p=6745"},"modified":"2024-03-11T14:18:54","modified_gmt":"2024-03-11T06:18:54","slug":"lace-metal-zipper","status":"publish","type":"product","link":"https:\/\/zipper-factory.com\/de\/produkt\/lace-metal-zipper\/","title":{"rendered":"Spitze Metall Rei\u00dfverschluss"},"content":{"rendered":"<p>Es gibt zahlreiche Verwendungsm\u00f6glichkeiten f\u00fcr Metallrei\u00dfverschl\u00fcsse im Spitzenstil.<br \/>\n1. Kleidung und Accessoires: Metallrei\u00dfverschl\u00fcsse mit Spitzenband werden h\u00e4ufig zum \u00d6ffnen und Schlie\u00dfen von Kleidungsst\u00fccken wie Kragen, Taschen\u00f6ffnungen und Hosenb\u00fcnden verwendet. Sie erf\u00fcllen Verschlussfunktionen, die sicher, praktisch und optisch ansprechend sind.<br \/>\n2. Schuhe: Sportschuhe, Stiefel und Sandalen sind nur einige Beispiele f\u00fcr Schuhe, die h\u00e4ufig mit Schn\u00fcrsenkelrei\u00dfverschl\u00fcssen ausgestattet sind. Sie dienen dazu, die Passform des Schuhs zu ver\u00e4ndern und so das An- und Ausziehen der Schuhe zu erleichtern.<br \/>\n3. Handtaschen und Gep\u00e4ck: Um den Komfort und die Sicherheit zu verbessern, werden zum Verschlie\u00dfen von Handtaschen und Gep\u00e4ckst\u00fccken h\u00e4ufig Metallrei\u00dfverschl\u00fcsse mit Spitze verwendet.<br \/>\n4. M\u00f6bel und Haushaltswaren: Sofas und andere M\u00f6bel und Haushaltswaren k\u00f6nnen mit Spitzenrei\u00dfverschl\u00fcssen aus Metall ausgestattet werden.<\/p>","protected":false},"excerpt":{"rendered":"<p title=\"Ausgefallener dekorativer Rei\u00dfverschluss, Blumenform, Band, Damen-Lederjacke, Metallrei\u00dfverschluss, Spitze, Metallrei\u00dfverschluss f\u00fcr Damenschuhe\" data-spm-anchor-id=\"a2700.details.0.i0.27e376871gPOpa\">Ausgefallener dekorativer Rei\u00dfverschluss, Blumenform, Band, Damen-Lederjacke, Metallrei\u00dfverschluss, Spitze, Metallrei\u00dfverschluss f\u00fcr Damenschuhe<\/p>","protected":false},"featured_media":6748,"comment_status":"open","ping_status":"closed","template":"","meta":{"_seopress_robots_primary_cat":"none","_seopress_titles_title":"%%post_title%% %%sitetitle%% %%sep%%","_seopress_titles_desc":"%%post_excerpt%%","_seopress_robots_index":""},"product_brand":[],"product_cat":[33],"product_tag":[183],"class_list":{"0":"post-6745","1":"product","2":"type-product","3":"status-publish","4":"has-post-thumbnail","6":"product_cat-metal-zipper","7":"product_tag-lace","9":"first","10":"instock","11":"shipping-taxable","12":"product-type-simple"},"_links":{"self":[{"href":"https:\/\/zipper-factory.com\/de\/wp-json\/wp\/v2\/product\/6745","targetHints":{"allow":["GET"]}}],"collection":[{"href":"https:\/\/zipper-factory.com\/de\/wp-json\/wp\/v2\/product"}],"about":[{"href":"https:\/\/zipper-factory.com\/de\/wp-json\/wp\/v2\/types\/product"}],"replies":[{"embeddable":true,"href":"https:\/\/zipper-factory.com\/de\/wp-json\/wp\/v2\/comments?post=6745"}],"wp:featuredmedia":[{"embeddable":true,"href":"https:\/\/zipper-factory.com\/de\/wp-json\/wp\/v2\/media\/6748"}],"wp:attachment":[{"href":"https:\/\/zipper-factory.com\/de\/wp-json\/wp\/v2\/media?parent=6745"}],"wp:term":[{"taxonomy":"product_brand","embeddable":true,"href":"https:\/\/zipper-factory.com\/de\/wp-json\/wp\/v2\/product_brand?post=6745"},{"taxonomy":"product_cat","embeddable":true,"href":"https:\/\/zipper-factory.com\/de\/wp-json\/wp\/v2\/product_cat?post=6745"},{"taxonomy":"product_tag","embeddable":true,"href":"https:\/\/zipper-factory.com\/de\/wp-json\/wp\/v2\/product_tag?post=6745"}],"curies":[{"name":"wp","href":"https:\/\/api.w.org\/{rel}","templated":true}]}}