{"id":6749,"date":"2023-12-20T15:14:08","date_gmt":"2023-12-20T07:14:08","guid":{"rendered":"https:\/\/zipper-factory.com\/?post_type=product&#038;p=6749"},"modified":"2023-12-20T16:13:35","modified_gmt":"2023-12-20T08:13:35","slug":"large-metal-zipper","status":"publish","type":"product","link":"https:\/\/zipper-factory.com\/de\/produkt\/large-metal-zipper\/","title":{"rendered":"Large Metal Zipper"},"content":{"rendered":"<p>The advantages of a large metal zipper are its durability, good tear resistance, and ability to stay zipped without easily coming apart. It has a long lifespan and is not easily damaged. Additionally, a large metal zipper usually has a better quality feel, adding a fashionable and high-end appearance to clothing.<br \/>\nLarge metal zippers are commonly used in high-end garments such as jackets, coats, and down jackets to enhance the fashion and sophistication of the clothing. They are also used in boot production to enhance the appearance and quality, as well as improve stability and durability. Furthermore, large metal zippers are used in furniture and bag decorations, adding a unique personality and quality to home decor.<\/p>","protected":false},"excerpt":{"rendered":"<p title=\"Ausgefallener dekorativer Rei\u00dfverschluss, Blumenform, Band, Damen-Lederjacke, Metallrei\u00dfverschluss, Spitze, Metallrei\u00dfverschluss f\u00fcr Damenschuhe\" data-spm-anchor-id=\"a2700.details.0.i0.27e376871gPOpa\">Ausgefallener dekorativer Rei\u00dfverschluss, Blumenform, Band, Damen-Lederjacke, Metallrei\u00dfverschluss, Spitze, Metallrei\u00dfverschluss f\u00fcr Damenschuhe<\/p>","protected":false},"featured_media":6750,"comment_status":"open","ping_status":"closed","template":"","meta":{"_seopress_robots_primary_cat":"none","_seopress_titles_title":"%%post_title%% %%sitetitle%% %%sep%%","_seopress_titles_desc":"%%post_excerpt%%","_seopress_robots_index":"","_seopress_analysis_target_kw":""},"product_brand":[],"product_cat":[33],"product_tag":[184],"class_list":{"0":"post-6749","1":"product","2":"type-product","3":"status-publish","4":"has-post-thumbnail","6":"product_cat-metal-zipper","7":"product_tag-large","9":"first","10":"instock","11":"shipping-taxable","12":"product-type-simple"},"_links":{"self":[{"href":"https:\/\/zipper-factory.com\/de\/wp-json\/wp\/v2\/product\/6749","targetHints":{"allow":["GET"]}}],"collection":[{"href":"https:\/\/zipper-factory.com\/de\/wp-json\/wp\/v2\/product"}],"about":[{"href":"https:\/\/zipper-factory.com\/de\/wp-json\/wp\/v2\/types\/product"}],"replies":[{"embeddable":true,"href":"https:\/\/zipper-factory.com\/de\/wp-json\/wp\/v2\/comments?post=6749"}],"wp:featuredmedia":[{"embeddable":true,"href":"https:\/\/zipper-factory.com\/de\/wp-json\/wp\/v2\/media\/6750"}],"wp:attachment":[{"href":"https:\/\/zipper-factory.com\/de\/wp-json\/wp\/v2\/media?parent=6749"}],"wp:term":[{"taxonomy":"product_brand","embeddable":true,"href":"https:\/\/zipper-factory.com\/de\/wp-json\/wp\/v2\/product_brand?post=6749"},{"taxonomy":"product_cat","embeddable":true,"href":"https:\/\/zipper-factory.com\/de\/wp-json\/wp\/v2\/product_cat?post=6749"},{"taxonomy":"product_tag","embeddable":true,"href":"https:\/\/zipper-factory.com\/de\/wp-json\/wp\/v2\/product_tag?post=6749"}],"curies":[{"name":"wp","href":"https:\/\/api.w.org\/{rel}","templated":true}]}}