{"id":6800,"date":"2024-03-11T14:27:41","date_gmt":"2024-03-11T06:27:41","guid":{"rendered":"https:\/\/zipper-factory.com\/?post_type=product&#038;p=6800"},"modified":"2024-03-11T14:54:58","modified_gmt":"2024-03-11T06:54:58","slug":"matic-zipper-stick-machine","status":"publish","type":"product","link":"https:\/\/zipper-factory.com\/de\/produkt\/matic-zipper-stick-machine\/","title":{"rendered":"Matic Rei\u00dfverschlussmaschine"},"content":{"rendered":"<p>Die Matic Zipper Stick Machine ist eine hochwertige und effiziente L\u00f6sung zum Anbringen von Rei\u00dfverschl\u00fcssen an verschiedenen Kleidungsst\u00fccken und Accessoires. Diese Maschine vereinfacht das Anbringen von Rei\u00dfverschl\u00fcssen und macht es schneller und pr\u00e4ziser.<\/p>\n<p>Mit ihren fortschrittlichen Funktionen und der benutzerfreundlichen Oberfl\u00e4che sorgt die Matic Zipper Stick Machine f\u00fcr ein reibungsloses und pr\u00e4zises Ann\u00e4hen von Rei\u00dfverschl\u00fcssen. Sie ist mit einem leistungsstarken Motor ausgestattet, der schnelles und gleichm\u00e4\u00dfiges N\u00e4hen erm\u00f6glicht und so f\u00fcr langlebige und sichere Rei\u00dfverschlussanwendungen sorgt.<\/p>\n<p>Eines der Hauptmerkmale der Matic Zipper Stick Maschine ist die automatische Fadenabschneidefunktion. Diese Funktion macht manuelles Abschneiden \u00fcberfl\u00fcssig, spart Zeit und steigert die Produktivit\u00e4t. Dar\u00fcber hinaus verf\u00fcgt die Maschine \u00fcber einstellbare Stichl\u00e4ngen- und -breiteneinstellungen, die eine individuelle Anpassung an spezifische Anforderungen erm\u00f6glichen.<\/p>\n<p>Die Matic Zipper Stick Maschine ist auf Langlebigkeit ausgelegt und besteht aus hochwertigen Materialien und Komponenten. Ihre robuste Konstruktion sorgt f\u00fcr Stabilit\u00e4t im Betrieb, minimiert Vibrationen und gew\u00e4hrleistet pr\u00e4zise N\u00e4hte. Die Maschine ist zudem wartungsfreundlich, verf\u00fcgt \u00fcber leicht zug\u00e4ngliche Teile und ein benutzerfreundliches Design.<\/p>\n<p>Ob Sie ein kleiner Bekleidungshersteller oder ein Gro\u00dfbetrieb sind, die Matic Zipper Stick Machine ist eine zuverl\u00e4ssige und effiziente Wahl f\u00fcr die Rei\u00dfverschlussanbringung. Ihre Vielseitigkeit, Pr\u00e4zision und Langlebigkeit machen sie zu einem unverzichtbaren Werkzeug f\u00fcr jeden N\u00e4hvorgang.<\/p>","protected":false},"excerpt":{"rendered":"<p title=\"Ultraschall-Hotmelt-Technologie Vollautomatische Matic Zipper Stick Maschine Geeignet f\u00fcr Nylon Kunststoff Metall Zipper\" data-spm-anchor-id=\"a2700.details.0.i0.481e7d2dIV5OmM\">Ultraschall-Hotmelt-Technologie Vollautomatische Matic Zipper Stick Maschine Geeignet f\u00fcr Nylon Kunststoff Metall Zipper<\/p>\n<p title=\"Ultraschall-Hotmelt-Technologie Vollautomatische Matic Zipper Stick Maschine Geeignet f\u00fcr Nylon Kunststoff Metall Zipper\" data-spm-anchor-id=\"a2700.details.0.i0.481e7d2dIV5OmM\">Das Produkt ist ein Modell HJM-109A mit einer Betriebsspannung von 220 V AC und einer Leistung von 1,2 kW. Die durchschnittliche Stundenleistung betr\u00e4gt 1200 St\u00fcck\/50 cm. Das Nettogewicht betr\u00e4gt 160 kg und die Abmessungen betragen 94 cm x 70 cm x 160 cm. Zu den anwendbaren Spezifikationen geh\u00f6ren 3#N\/M\/D, 4#N(M)\/D, 5#N (M)(D), 8#(N)(M))D, 10#( N\/M)D, 12# (N)M(D) und 15#(A)N(D).<\/p>","protected":false},"featured_media":6801,"comment_status":"open","ping_status":"closed","template":"","meta":{"_seopress_robots_primary_cat":"none","_seopress_titles_title":"%%post_title%% %%sitetitle%% %%sep%%","_seopress_titles_desc":"%%post_excerpt%%","_seopress_robots_index":""},"product_brand":[],"product_cat":[186],"product_tag":[],"class_list":{"0":"post-6800","1":"product","2":"type-product","3":"status-publish","4":"has-post-thumbnail","6":"product_cat-zipper-machine","8":"first","9":"instock","10":"shipping-taxable","11":"product-type-simple"},"_links":{"self":[{"href":"https:\/\/zipper-factory.com\/de\/wp-json\/wp\/v2\/product\/6800","targetHints":{"allow":["GET"]}}],"collection":[{"href":"https:\/\/zipper-factory.com\/de\/wp-json\/wp\/v2\/product"}],"about":[{"href":"https:\/\/zipper-factory.com\/de\/wp-json\/wp\/v2\/types\/product"}],"replies":[{"embeddable":true,"href":"https:\/\/zipper-factory.com\/de\/wp-json\/wp\/v2\/comments?post=6800"}],"wp:featuredmedia":[{"embeddable":true,"href":"https:\/\/zipper-factory.com\/de\/wp-json\/wp\/v2\/media\/6801"}],"wp:attachment":[{"href":"https:\/\/zipper-factory.com\/de\/wp-json\/wp\/v2\/media?parent=6800"}],"wp:term":[{"taxonomy":"product_brand","embeddable":true,"href":"https:\/\/zipper-factory.com\/de\/wp-json\/wp\/v2\/product_brand?post=6800"},{"taxonomy":"product_cat","embeddable":true,"href":"https:\/\/zipper-factory.com\/de\/wp-json\/wp\/v2\/product_cat?post=6800"},{"taxonomy":"product_tag","embeddable":true,"href":"https:\/\/zipper-factory.com\/de\/wp-json\/wp\/v2\/product_tag?post=6800"}],"curies":[{"name":"wp","href":"https:\/\/api.w.org\/{rel}","templated":true}]}}