{"id":6811,"date":"2024-03-11T15:08:29","date_gmt":"2024-03-11T07:08:29","guid":{"rendered":"https:\/\/zipper-factory.com\/?post_type=product&#038;p=6811"},"modified":"2024-03-11T15:12:16","modified_gmt":"2024-03-11T07:12:16","slug":"nylon-zipper-top-stopper-machine","status":"publish","type":"product","link":"https:\/\/zipper-factory.com\/de\/produkt\/nylon-zipper-top-stopper-machine\/","title":{"rendered":"Maschine zum Stoppen von Nylon-Rei\u00dfverschl\u00fcssen"},"content":{"rendered":"<p>Wir stellen unsere hochmoderne Maschine zur Installation von oberen Stoppern f\u00fcr Nylon-Rei\u00dfverschl\u00fcsse vor. Sie optimiert den Installationsprozess und gew\u00e4hrleistet einwandfreie Qualit\u00e4t bei jedem produzierten Rei\u00dfverschluss. Diese innovative Maschine ist f\u00fcr Hersteller in der Textilindustrie bahnbrechend und erm\u00f6glicht eine effiziente und pr\u00e4zise Installation von oberen Stoppern f\u00fcr Nylon-Rei\u00dfverschl\u00fcsse.<\/p>\n<p>Dank fortschrittlicher Technologie und benutzerfreundlicher Oberfl\u00e4che bietet unsere Nylon-Rei\u00dfverschluss-Top-Stopper-Maschine un\u00fcbertroffene Leistung und Zuverl\u00e4ssigkeit. Sie ist mit modernsten Funktionen ausgestattet, die einen reibungslosen Betrieb erm\u00f6glichen und sie zur perfekten Erg\u00e4nzung jeder Produktionslinie machen.<\/p>\n<p>Eines der Hauptmerkmale unserer Maschine ist ihre Vielseitigkeit. Sie ist mit einer Vielzahl von Nylon-Rei\u00dfverschl\u00fcssen in verschiedenen Gr\u00f6\u00dfen und Ausf\u00fchrungen kompatibel. Ob Sie Top-Stopper an Rei\u00dfverschl\u00fcssen f\u00fcr Kleidung, Taschen oder Accessoires anbringen m\u00fcssen \u2013 unsere Maschine erledigt alles mit Leichtigkeit.<\/p>\n<p>Unsere Maschine zur Installation von oberen Stoppern f\u00fcr Nylon-Rei\u00dfverschl\u00fcsse ist auf Pr\u00e4zision und Effizienz ausgelegt. Sie gew\u00e4hrleistet eine gleichm\u00e4\u00dfige Platzierung der oberen Stopper und verhindert so Fehler. Das Ergebnis ist ein makelloses Finish und verbessert die Gesamtqualit\u00e4t des Rei\u00dfverschlusses, der den h\u00f6chsten Industriestandards entspricht.<\/p>\n<p>Dar\u00fcber hinaus ist unsere Maschine auf Langlebigkeit ausgelegt. Sie besteht aus langlebigen Materialien und verf\u00fcgt \u00fcber robuste Komponenten, die eine dauerhafte Leistung und minimalen Wartungsaufwand garantieren. Das ergonomische Design f\u00f6rdert zudem den Komfort und die Sicherheit des Bedieners und reduziert das Risiko von Erm\u00fcdung und Unf\u00e4llen.<\/p>\n<p>Die Investition in unsere Nylon-Rei\u00dfverschluss-Montagemaschine optimiert nicht nur Ihren Produktionsprozess, sondern verbessert auch die Gesamtqualit\u00e4t Ihrer Nylon-Rei\u00dfverschl\u00fcsse. Bleiben Sie der Konkurrenz einen Schritt voraus mit dieser Spitzentechnologie, die Pr\u00e4zision, Effizienz und Langlebigkeit gew\u00e4hrleistet.<\/p>","protected":false},"excerpt":{"rendered":"<p title=\"Vollautomatische Nylon-Rei\u00dfverschluss-Top-Stopper-Maschine Ultraschall-U-Typ-Top-Stopper-Maschine Geeignet f\u00fcr Nylon-Finish-Rei\u00dfverschl\u00fcsse\" data-spm-anchor-id=\"a2700.details.0.i48.451d48b93Hj6r5\">Vollautomatische Nylon-Rei\u00dfverschluss-Top-Stopper-Maschine Ultraschall-U-Typ-Top-Stopper-Maschine Geeignet f\u00fcr Nylon-Finish-Rei\u00dfverschl\u00fcsse<\/p>\n<p title=\"Vollautomatische Rei\u00dfverschluss-Top-Stopper-Maschine aus Metall, europ\u00e4ischer Typ, Partikel-Top-Stopper-Maschine, geeignet f\u00fcr Rei\u00dfverschl\u00fcsse mit Metalloberfl\u00e4che\" data-spm-anchor-id=\"a2700.details.0.i57.38fe70e2zWL7bQ\">Bei dem Produkt handelt es sich um eine Maschine vom Modell HJM-104NA-U, geeignet f\u00fcr 220 V Wechselspannung und mit einer Leistung von 1,2 kW. Die Maschine kann durchschnittlich 1.200 50 cm pro Stunde produzieren, mit einem Nettogewicht von 200 kg und den Abmessungen 75 cm x 80 cm x 176 cm. Die Maschine ist f\u00fcr Produkte der Spezifikationen 3#N, 4#N und 5#N geeignet.<\/p>","protected":false},"featured_media":6812,"comment_status":"open","ping_status":"closed","template":"","meta":{"_seopress_robots_primary_cat":"none","_seopress_titles_title":"%%post_title%% %%sitetitle%% %%sep%%","_seopress_titles_desc":"%%post_excerpt%%","_seopress_robots_index":""},"product_brand":[],"product_cat":[186],"product_tag":[],"class_list":{"0":"post-6811","1":"product","2":"type-product","3":"status-publish","4":"has-post-thumbnail","6":"product_cat-zipper-machine","8":"first","9":"instock","10":"shipping-taxable","11":"product-type-simple"},"_links":{"self":[{"href":"https:\/\/zipper-factory.com\/de\/wp-json\/wp\/v2\/product\/6811","targetHints":{"allow":["GET"]}}],"collection":[{"href":"https:\/\/zipper-factory.com\/de\/wp-json\/wp\/v2\/product"}],"about":[{"href":"https:\/\/zipper-factory.com\/de\/wp-json\/wp\/v2\/types\/product"}],"replies":[{"embeddable":true,"href":"https:\/\/zipper-factory.com\/de\/wp-json\/wp\/v2\/comments?post=6811"}],"wp:featuredmedia":[{"embeddable":true,"href":"https:\/\/zipper-factory.com\/de\/wp-json\/wp\/v2\/media\/6812"}],"wp:attachment":[{"href":"https:\/\/zipper-factory.com\/de\/wp-json\/wp\/v2\/media?parent=6811"}],"wp:term":[{"taxonomy":"product_brand","embeddable":true,"href":"https:\/\/zipper-factory.com\/de\/wp-json\/wp\/v2\/product_brand?post=6811"},{"taxonomy":"product_cat","embeddable":true,"href":"https:\/\/zipper-factory.com\/de\/wp-json\/wp\/v2\/product_cat?post=6811"},{"taxonomy":"product_tag","embeddable":true,"href":"https:\/\/zipper-factory.com\/de\/wp-json\/wp\/v2\/product_tag?post=6811"}],"curies":[{"name":"wp","href":"https:\/\/api.w.org\/{rel}","templated":true}]}}