{"id":7610,"date":"2024-07-05T14:21:40","date_gmt":"2024-07-05T06:21:40","guid":{"rendered":"https:\/\/zipper-factory.com\/?post_type=product&#038;p=7610"},"modified":"2024-07-05T14:25:24","modified_gmt":"2024-07-05T06:25:24","slug":"no-0-nylon-zipper","status":"publish","type":"product","link":"https:\/\/zipper-factory.com\/de\/produkt\/no-0-nylon-zipper\/","title":{"rendered":"Nylon-Rei\u00dfverschluss Nr. 0"},"content":{"rendered":"<h2>Einf\u00fchrung in die Nylon-Rei\u00dfverschl\u00fcsse Nr. 0<\/h2>\n<p>Nylon-Rei\u00dfverschl\u00fcsse der Marke No.0 sind ein unverzichtbarer Bestandteil verschiedener Branchen und bekannt f\u00fcr ihre Langlebigkeit und Vielseitigkeit. Diese Rei\u00dfverschl\u00fcsse werden h\u00e4ufig in der Mode-, Gep\u00e4ck- und Polsterbranche eingesetzt und bieten eine nahtlose und effiziente Verschlussl\u00f6sung. Ihre leichte und dennoch robuste Konstruktion macht sie bei Herstellern und Verbrauchern gleicherma\u00dfen beliebt.<\/p>\n<h2>Hauptmerkmale der Nylon-Rei\u00dfverschl\u00fcsse Nr. 0<\/h2>\n<p>Eines der herausragendsten Merkmale der Nylon-Rei\u00dfverschl\u00fcsse Nr. 0 ist ihre robuste Konstruktion. Diese Rei\u00dfverschl\u00fcsse bestehen aus hochwertigem Nylon, was Langlebigkeit und Zuverl\u00e4ssigkeit gew\u00e4hrleistet. Die sorgf\u00e4ltig gefertigten Z\u00e4hne des Rei\u00dfverschlusses gew\u00e4hrleisten einen reibungslosen Betrieb und verringern das Risiko von H\u00e4ngenbleiben oder Fehlfunktionen. Dar\u00fcber hinaus sind sie in verschiedenen Farben und Gr\u00f6\u00dfen erh\u00e4ltlich und erm\u00f6glichen so eine individuelle Anpassung an Ihre Bed\u00fcrfnisse.<\/p>\n<h2>Anwendungen von Nylon-Rei\u00dfverschl\u00fcssen Nr. 0<\/h2>\n<p>Nylon-Rei\u00dfverschl\u00fcsse der Marke No.0 sind unglaublich vielseitig und vielseitig einsetzbar. In der Modebranche finden sie h\u00e4ufig Verwendung in Kleidungsst\u00fccken wie Jacken, R\u00f6cken und Kleidern und bieten sowohl Funktionalit\u00e4t als auch \u00c4sthetik. In der Gep\u00e4ckindustrie werden diese Rei\u00dfverschl\u00fcsse in Taschen, Koffern und Rucks\u00e4cken eingesetzt, wo Haltbarkeit und Benutzerfreundlichkeit oberste Priorit\u00e4t haben. Auch die Polsterindustrie profitiert von der St\u00e4rke und Flexibilit\u00e4t der Nylon-Rei\u00dfverschl\u00fcsse der Marke No.0 und setzt sie in Kissen, Bez\u00fcgen und anderen Stoffprodukten ein.<\/p>\n<h2>Abschluss<\/h2>\n<p>Zusammenfassend l\u00e4sst sich sagen, dass Nylon-Rei\u00dfverschl\u00fcsse der Marke No.0 eine zuverl\u00e4ssige und vielseitige Verschlussl\u00f6sung sind, die den Anforderungen verschiedener Branchen gerecht wird. Ihre hochwertige Konstruktion, gepaart mit einer Vielzahl an Anpassungsm\u00f6glichkeiten, macht sie zur idealen Wahl f\u00fcr Hersteller, die Wert auf Langlebigkeit und Leistung legen. Ob f\u00fcr Mode, Gep\u00e4ck oder Polsterm\u00f6bel \u2013 Nylon-Rei\u00dfverschl\u00fcsse der Marke No.0 sind eine erstklassige Option.<\/p>","protected":false},"excerpt":{"rendered":"<p title=\"Mini-Rei\u00dfverschluss 0# Nylon-Rei\u00dfverschluss Benutzerdefinierte Farbe Offenes Ende Kleiner Nylon-Rei\u00dfverschluss f\u00fcr Puppenkleidung\" data-spm-anchor-id=\"a2700.details.0.i22.42b23a39YFl9ol\">Mini-Rei\u00dfverschluss 0# Nylon-Rei\u00dfverschluss Benutzerdefinierte Farbe Offenes Ende Kleiner Nylon-Rei\u00dfverschluss f\u00fcr Puppenkleidung<\/p>","protected":false},"featured_media":7611,"comment_status":"open","ping_status":"closed","template":"","meta":{"_seopress_robots_primary_cat":"none","_seopress_titles_title":"%%post_title%% %%sitetitle%% %%sep%%","_seopress_titles_desc":"%%post_excerpt%%","_seopress_robots_index":"","_seopress_analysis_target_kw":""},"product_brand":[],"product_cat":[40],"product_tag":[],"class_list":{"0":"post-7610","1":"product","2":"type-product","3":"status-publish","4":"has-post-thumbnail","6":"product_cat-nylon-zipper","8":"first","9":"instock","10":"shipping-taxable","11":"product-type-simple"},"_links":{"self":[{"href":"https:\/\/zipper-factory.com\/de\/wp-json\/wp\/v2\/product\/7610","targetHints":{"allow":["GET"]}}],"collection":[{"href":"https:\/\/zipper-factory.com\/de\/wp-json\/wp\/v2\/product"}],"about":[{"href":"https:\/\/zipper-factory.com\/de\/wp-json\/wp\/v2\/types\/product"}],"replies":[{"embeddable":true,"href":"https:\/\/zipper-factory.com\/de\/wp-json\/wp\/v2\/comments?post=7610"}],"wp:featuredmedia":[{"embeddable":true,"href":"https:\/\/zipper-factory.com\/de\/wp-json\/wp\/v2\/media\/7611"}],"wp:attachment":[{"href":"https:\/\/zipper-factory.com\/de\/wp-json\/wp\/v2\/media?parent=7610"}],"wp:term":[{"taxonomy":"product_brand","embeddable":true,"href":"https:\/\/zipper-factory.com\/de\/wp-json\/wp\/v2\/product_brand?post=7610"},{"taxonomy":"product_cat","embeddable":true,"href":"https:\/\/zipper-factory.com\/de\/wp-json\/wp\/v2\/product_cat?post=7610"},{"taxonomy":"product_tag","embeddable":true,"href":"https:\/\/zipper-factory.com\/de\/wp-json\/wp\/v2\/product_tag?post=7610"}],"curies":[{"name":"wp","href":"https:\/\/api.w.org\/{rel}","templated":true}]}}