{"id":7633,"date":"2024-07-08T17:05:43","date_gmt":"2024-07-08T09:05:43","guid":{"rendered":"https:\/\/zipper-factory.com\/?post_type=product&#038;p=7633"},"modified":"2024-07-08T18:00:42","modified_gmt":"2024-07-08T10:00:42","slug":"design-zipper-puller","status":"publish","type":"product","link":"https:\/\/zipper-factory.com\/de\/produkt\/design-zipper-puller\/","title":{"rendered":"Design Rei\u00dfverschlussanh\u00e4nger"},"content":{"rendered":"<h2>Einf\u00fchrung in Rei\u00dfverschlussschieber<\/h2>\n<p>Im Designbereich kommt es auf Details an. Ein solches Detail, das die \u00c4sthetik und Funktionalit\u00e4t Ihrer Kreationen deutlich verbessern kann, ist der Rei\u00dfverschlussschieber. Diese kleinen, aber wichtigen Komponenten erleichtern nicht nur das \u00d6ffnen und Schlie\u00dfen von Rei\u00dfverschl\u00fcssen, sondern tragen auch zur allgemeinen Designsprache Ihres Produkts bei.<\/p>\n<h2>Bedeutung des Designs bei Rei\u00dfverschlussanh\u00e4ngern<\/h2>\n<p>Das Design von Rei\u00dfverschlussanh\u00e4ngern geht \u00fcber reine Funktionalit\u00e4t hinaus. Ein gut gestalteter Rei\u00dfverschlussanh\u00e4nger kann das Benutzererlebnis verbessern, indem er die Bedienung erleichtert, insbesondere f\u00fcr Personen mit eingeschr\u00e4nkter Fingerfertigkeit. Dar\u00fcber hinaus dienen sie als kreative Grundlage und erm\u00f6glichen es Designern, Markenelemente oder einzigartige Stilmerkmale zu integrieren. Das richtige Rei\u00dfverschlussanh\u00e4nger-Design kann ein Produkt hervorheben und ihm je nach Verwendungszweck einen Hauch von Eleganz oder Robustheit verleihen.<\/p>\n<h2>Materialien und Innovation<\/h2>\n<p>Moderne Rei\u00dfverschlussanh\u00e4nger sind in verschiedenen Materialien erh\u00e4ltlich, darunter Metall, Kunststoff und Stoff. Jedes Material bietet unterschiedliche Vorteile, von Haltbarkeit bis Flexibilit\u00e4t. Innovationen in diesem Bereich haben zur Entwicklung umweltfreundlicher Materialien gef\u00fchrt, die zunehmend von umweltbewussten Marken bevorzugt werden. Dar\u00fcber hinaus erm\u00f6glichen fortschrittliche Fertigungstechniken die Herstellung individueller Formen und komplexer Designs, sodass Designer ihre Kreativit\u00e4t ausleben k\u00f6nnen.<\/p>\n<h2>Abschluss<\/h2>\n<p>Zusammenfassend l\u00e4sst sich sagen, dass Rei\u00dfverschlussanh\u00e4nger mehr als nur funktionale Komponenten sind; sie sind ein integraler Bestandteil des Produktdesigns. Durch sorgf\u00e4ltiges Design von Rei\u00dfverschlussanh\u00e4ngern k\u00f6nnen Designer sowohl die \u00c4sthetik als auch die Funktionalit\u00e4t ihrer Kreationen verbessern. Dank der Vielfalt an Materialien und innovativen Techniken sind die M\u00f6glichkeiten nahezu unbegrenzt.<\/p>","protected":false},"excerpt":{"rendered":"<p data-spm-anchor-id=\"a2700.details.0.i18.bf774c63A4MPxF\">Fancy Daumen Zipper Puller Dekorative Blume Runde USB Form Puller F\u00fcr Rei\u00dfverschluss<\/p>","protected":false},"featured_media":7645,"comment_status":"open","ping_status":"closed","template":"","meta":{"_seopress_robots_primary_cat":"none","_seopress_titles_title":"%%post_title%% %%sitetitle%% %%sep%%","_seopress_titles_desc":"%%post_excerpt%%","_seopress_robots_index":""},"product_brand":[],"product_cat":[125],"product_tag":[],"class_list":{"0":"post-7633","1":"product","2":"type-product","3":"status-publish","4":"has-post-thumbnail","6":"product_cat-zipper-puller","8":"first","9":"instock","10":"shipping-taxable","11":"product-type-simple"},"_links":{"self":[{"href":"https:\/\/zipper-factory.com\/de\/wp-json\/wp\/v2\/product\/7633","targetHints":{"allow":["GET"]}}],"collection":[{"href":"https:\/\/zipper-factory.com\/de\/wp-json\/wp\/v2\/product"}],"about":[{"href":"https:\/\/zipper-factory.com\/de\/wp-json\/wp\/v2\/types\/product"}],"replies":[{"embeddable":true,"href":"https:\/\/zipper-factory.com\/de\/wp-json\/wp\/v2\/comments?post=7633"}],"wp:featuredmedia":[{"embeddable":true,"href":"https:\/\/zipper-factory.com\/de\/wp-json\/wp\/v2\/media\/7645"}],"wp:attachment":[{"href":"https:\/\/zipper-factory.com\/de\/wp-json\/wp\/v2\/media?parent=7633"}],"wp:term":[{"taxonomy":"product_brand","embeddable":true,"href":"https:\/\/zipper-factory.com\/de\/wp-json\/wp\/v2\/product_brand?post=7633"},{"taxonomy":"product_cat","embeddable":true,"href":"https:\/\/zipper-factory.com\/de\/wp-json\/wp\/v2\/product_cat?post=7633"},{"taxonomy":"product_tag","embeddable":true,"href":"https:\/\/zipper-factory.com\/de\/wp-json\/wp\/v2\/product_tag?post=7633"}],"curies":[{"name":"wp","href":"https:\/\/api.w.org\/{rel}","templated":true}]}}