{"id":7656,"date":"2024-07-10T13:23:14","date_gmt":"2024-07-10T05:23:14","guid":{"rendered":"https:\/\/zipper-factory.com\/?post_type=product&#038;p=7656"},"modified":"2024-07-10T13:31:06","modified_gmt":"2024-07-10T05:31:06","slug":"leather-strip-zipper-puller","status":"publish","type":"product","link":"https:\/\/zipper-factory.com\/de\/produkt\/leather-strip-zipper-puller\/","title":{"rendered":"Rei\u00dfverschlussschieber aus Lederstreifen"},"content":{"rendered":"<h2>Einf\u00fchrung in Rei\u00dfverschlussschieber aus Lederstreifen<\/h2>\n<p>Der Rei\u00dfverschlussanh\u00e4nger aus Leder ist ein unverzichtbares Accessoire, das Eleganz und Funktionalit\u00e4t vereint. Oft \u00fcbersehen, kann dieses kleine, aber wichtige Detail die \u00c4sthetik und Funktionalit\u00e4t verschiedener Gegenst\u00e4nde wie Taschen, Jacken und Gep\u00e4ckst\u00fccke verbessern. Unsere hochwertigen Rei\u00dfverschlussanh\u00e4nger aus Leder bieten eine nahtlose Kombination aus Haltbarkeit und Stil.<\/p>\n<h2>Au\u00dfergew\u00f6hnliche Handwerkskunst<\/h2>\n<p>Unsere Lederstreifen-Rei\u00dfverschlussanh\u00e4nger werden sorgf\u00e4ltig aus hochwertigem Leder gefertigt und gew\u00e4hrleisten Langlebigkeit und Widerstandsf\u00e4higkeit. Jedes St\u00fcck durchl\u00e4uft einen strengen Qualit\u00e4tskontrollprozess, um h\u00f6chste Standards zu gew\u00e4hrleisten. Das Leder ist verschlei\u00dffest behandelt und eignet sich daher sowohl f\u00fcr den Alltag als auch f\u00fcr besondere Anl\u00e4sse. Die Liebe zum Detail bei N\u00e4hten und Verarbeitung spiegelt unser Streben nach Exzellenz wider.<\/p>\n<h2>Vielseitig und stilvoll<\/h2>\n<p>Eines der herausragendsten Merkmale unserer Rei\u00dfverschlussanh\u00e4nger aus Leder ist ihre Vielseitigkeit. Erh\u00e4ltlich in verschiedenen Farben und Ausf\u00fchrungen, passen diese Anh\u00e4nger zu einer Vielzahl von Produkten. Ob Sie einer Designerhandtasche eine raffinierte Note oder einem Reiserucksack einen robusten Charme verleihen m\u00f6chten \u2013 unsere Rei\u00dfverschlussanh\u00e4nger sind die ideale Wahl. Dank ihres schlanken Designs f\u00fcgen sie sich m\u00fchelos in jeden Stil ein.<\/p>\n<h2>Einfache Installation<\/h2>\n<p>Die Montage unseres Lederstreifen-Rei\u00dfverschlussschiebers ist kinderleicht. Er ist komfortabel konzipiert und l\u00e4sst sich in Sekundenschnelle an jedem Standardrei\u00dfverschluss befestigen. Die sichere Befestigung sorgt f\u00fcr sicheren Halt und sicheren Halt bei jedem Gebrauch. Dank dieser benutzerfreundlichen Funktion ist er f\u00fcr alle K\u00f6nnerstufen geeignet.<\/p>\n<h2>Abschluss<\/h2>\n<p>Zusammenfassend bieten unsere hochwertigen Rei\u00dfverschlussschieber aus Lederstreifen die perfekte Kombination aus Eleganz, Langlebigkeit und Funktionalit\u00e4t. Sie sind ideal, um das Aussehen und die Funktionalit\u00e4t verschiedener Gegenst\u00e4nde zu verbessern und ein unverzichtbares Accessoire zu sein. Erleben Sie den Unterschied, den hochwertige Handwerkskunst ausmacht \u2013 entdecken Sie noch heute unsere Kollektion.<\/p>","protected":false},"excerpt":{"rendered":"<p title=\"Rei\u00dfverschluss-Lederabzieher in mehreren Stilen, individuelles Markenlogo, schwarzer Lederriemen-Rei\u00dfverschlussabzieher f\u00fcr Ledertaschen\" data-spm-anchor-id=\"a2700.details.0.i21.45a7408dTrcHtH\">Rei\u00dfverschluss-Lederabzieher in mehreren Stilen, individuelles Markenlogo, schwarzer Lederriemen-Rei\u00dfverschlussabzieher f\u00fcr Ledertaschen<\/p>","protected":false},"featured_media":7663,"comment_status":"open","ping_status":"closed","template":"","meta":{"_seopress_robots_primary_cat":"none","_seopress_titles_title":"%%post_title%% %%sitetitle%% %%sep%%","_seopress_titles_desc":"%%post_excerpt%%","_seopress_robots_index":"","_seopress_analysis_target_kw":""},"product_brand":[],"product_cat":[125],"product_tag":[153],"class_list":{"0":"post-7656","1":"product","2":"type-product","3":"status-publish","4":"has-post-thumbnail","6":"product_cat-zipper-puller","7":"product_tag-leather","9":"first","10":"instock","11":"shipping-taxable","12":"product-type-simple"},"_links":{"self":[{"href":"https:\/\/zipper-factory.com\/de\/wp-json\/wp\/v2\/product\/7656","targetHints":{"allow":["GET"]}}],"collection":[{"href":"https:\/\/zipper-factory.com\/de\/wp-json\/wp\/v2\/product"}],"about":[{"href":"https:\/\/zipper-factory.com\/de\/wp-json\/wp\/v2\/types\/product"}],"replies":[{"embeddable":true,"href":"https:\/\/zipper-factory.com\/de\/wp-json\/wp\/v2\/comments?post=7656"}],"wp:featuredmedia":[{"embeddable":true,"href":"https:\/\/zipper-factory.com\/de\/wp-json\/wp\/v2\/media\/7663"}],"wp:attachment":[{"href":"https:\/\/zipper-factory.com\/de\/wp-json\/wp\/v2\/media?parent=7656"}],"wp:term":[{"taxonomy":"product_brand","embeddable":true,"href":"https:\/\/zipper-factory.com\/de\/wp-json\/wp\/v2\/product_brand?post=7656"},{"taxonomy":"product_cat","embeddable":true,"href":"https:\/\/zipper-factory.com\/de\/wp-json\/wp\/v2\/product_cat?post=7656"},{"taxonomy":"product_tag","embeddable":true,"href":"https:\/\/zipper-factory.com\/de\/wp-json\/wp\/v2\/product_tag?post=7656"}],"curies":[{"name":"wp","href":"https:\/\/api.w.org\/{rel}","templated":true}]}}