{"id":2179,"date":"2022-05-16T15:37:22","date_gmt":"2022-05-16T07:37:22","guid":{"rendered":"http:\/\/zipper-factory.com\/?post_type=product&#038;p=2179"},"modified":"2023-12-18T15:40:19","modified_gmt":"2023-12-18T07:40:19","slug":"european-teeth-metal-zipper","status":"publish","type":"product","link":"https:\/\/zipper-factory.com\/es\/producto\/european-teeth-metal-zipper\/","title":{"rendered":"Cremallera met\u00e1lica con dientes europeos"},"content":{"rendered":"<p>La cremallera met\u00e1lica de estilo europeo busca la precisi\u00f3n y la perfecci\u00f3n en la artesan\u00eda. Cada paso se pule y procesa cuidadosamente, lo que le confiere una sensaci\u00f3n de alta calidad y elegancia. La cremallera met\u00e1lica de estilo europeo, tambi\u00e9n conocida como cremallera met\u00e1lica suiza, es popular en Europa. Es una cremallera met\u00e1lica de alta gama, duradera, suave y moderna, ideal para ropa, bolsos, sombreros y otros productos de alta gama. Aporta calidad y un estilo \u00fanico a los productos.<\/p>","protected":false},"excerpt":{"rendered":"<p class=\"elements-title-normal__content large\">Cremallera met\u00e1lica de dos v\u00edas con dientes suizos y cremallera met\u00e1lica para chaqueta<\/p>","protected":false},"featured_media":2174,"comment_status":"open","ping_status":"closed","template":"","meta":{"_seopress_robots_primary_cat":"none","_seopress_titles_title":"%%post_title%% %%sitetitle%% %%sep%%","_seopress_titles_desc":"%%post_excerpt%%","_seopress_robots_index":""},"product_brand":[],"product_cat":[33],"product_tag":[169],"class_list":{"0":"post-2179","1":"product","2":"type-product","3":"status-publish","4":"has-post-thumbnail","6":"product_cat-metal-zipper","7":"product_tag-european","9":"first","10":"instock","11":"shipping-taxable","12":"product-type-simple"},"_links":{"self":[{"href":"https:\/\/zipper-factory.com\/es\/wp-json\/wp\/v2\/product\/2179","targetHints":{"allow":["GET"]}}],"collection":[{"href":"https:\/\/zipper-factory.com\/es\/wp-json\/wp\/v2\/product"}],"about":[{"href":"https:\/\/zipper-factory.com\/es\/wp-json\/wp\/v2\/types\/product"}],"replies":[{"embeddable":true,"href":"https:\/\/zipper-factory.com\/es\/wp-json\/wp\/v2\/comments?post=2179"}],"wp:featuredmedia":[{"embeddable":true,"href":"https:\/\/zipper-factory.com\/es\/wp-json\/wp\/v2\/media\/2174"}],"wp:attachment":[{"href":"https:\/\/zipper-factory.com\/es\/wp-json\/wp\/v2\/media?parent=2179"}],"wp:term":[{"taxonomy":"product_brand","embeddable":true,"href":"https:\/\/zipper-factory.com\/es\/wp-json\/wp\/v2\/product_brand?post=2179"},{"taxonomy":"product_cat","embeddable":true,"href":"https:\/\/zipper-factory.com\/es\/wp-json\/wp\/v2\/product_cat?post=2179"},{"taxonomy":"product_tag","embeddable":true,"href":"https:\/\/zipper-factory.com\/es\/wp-json\/wp\/v2\/product_tag?post=2179"}],"curies":[{"name":"wp","href":"https:\/\/api.w.org\/{rel}","templated":true}]}}