{"id":2187,"date":"2022-05-18T13:53:45","date_gmt":"2022-05-18T05:53:45","guid":{"rendered":"http:\/\/zipper-factory.com\/?post_type=product&#038;p=2187"},"modified":"2023-12-18T15:36:44","modified_gmt":"2023-12-18T07:36:44","slug":"corn-teeth-metal-zipper","status":"publish","type":"product","link":"https:\/\/zipper-factory.com\/es\/producto\/corn-teeth-metal-zipper\/","title":{"rendered":"Cremallera met\u00e1lica con dientes de ma\u00edz"},"content":{"rendered":"<p>La cremallera de metal pulido con dientes de ma\u00edz es una cremallera de alta calidad que se utiliza com\u00fanmente en diversos tipos de ropa, calzado, bolsos, equipaje, art\u00edculos para el hogar y equipos para actividades al aire libre. Es conocida por su alta resistencia, durabilidad, resistencia al desgaste y a la oxidaci\u00f3n. El tratamiento pulido le proporciona un tacto suave y c\u00f3modo. A continuaci\u00f3n, se presentan algunos usos comunes de la cremallera de metal pulido con dientes de ma\u00edz:<\/p>\n<p>1. Ropa: La cremallera de dientes de ma\u00edz de metal pulido se usa a menudo en chaquetas, jeans, chalecos y otras prendas para mejorar la calidad y la textura general de la ropa.<\/p>\n<p>2. Calzado: La cremallera de dientes de ma\u00edz de metal pulido es adecuada para varios tipos de calzado, como botas, tacones altos, zapatillas de deporte, etc., y puede agregar estilo y practicidad a los zapatos.<\/p>\n<p>3. Bolsos y equipaje: La cremallera de dientes de ma\u00edz de metal pulido se usa ampliamente en varios estilos de bolsos y equipaje, mejorando su vida \u00fatil y calidad.<\/p>\n<p>4. Art\u00edculos para el hogar: La cremallera de dientes de ma\u00edz de metal pulido se puede utilizar en ropa de cama, cortinas, fundas de almohadas, muebles y otros art\u00edculos para el hogar para mejorar su apariencia y practicidad.<\/p>\n<p>5. Equipo para exteriores: La cremallera de dientes de ma\u00edz de metal pulido tambi\u00e9n se usa com\u00fanmente en equipos para exteriores como mochilas, tiendas de campa\u00f1a, sacos de dormir, etc., para mejorar su durabilidad y confiabilidad.<\/p>\n<p>En conclusi\u00f3n, la cremallera de dientes de ma\u00edz de metal pulido se usa ampliamente en varios productos para mejorar su apariencia y rendimiento, brindando una mejor experiencia de usuario.<\/p>","protected":false},"excerpt":{"rendered":"<p class=\"elements-title-normal__content large\">Cremallera met\u00e1lica para bolso de mano con dientes de ma\u00edz polacos<\/p>","protected":false},"featured_media":6560,"comment_status":"open","ping_status":"closed","template":"","meta":{"_seopress_robots_primary_cat":"none","_seopress_titles_title":"%%post_title%% %%sitetitle%% %%sep%%","_seopress_titles_desc":"%%post_excerpt%%","_seopress_robots_index":""},"product_brand":[],"product_cat":[33],"product_tag":[167],"class_list":{"0":"post-2187","1":"product","2":"type-product","3":"status-publish","4":"has-post-thumbnail","6":"product_cat-metal-zipper","7":"product_tag-polish","9":"first","10":"instock","11":"shipping-taxable","12":"product-type-simple"},"_links":{"self":[{"href":"https:\/\/zipper-factory.com\/es\/wp-json\/wp\/v2\/product\/2187","targetHints":{"allow":["GET"]}}],"collection":[{"href":"https:\/\/zipper-factory.com\/es\/wp-json\/wp\/v2\/product"}],"about":[{"href":"https:\/\/zipper-factory.com\/es\/wp-json\/wp\/v2\/types\/product"}],"replies":[{"embeddable":true,"href":"https:\/\/zipper-factory.com\/es\/wp-json\/wp\/v2\/comments?post=2187"}],"wp:featuredmedia":[{"embeddable":true,"href":"https:\/\/zipper-factory.com\/es\/wp-json\/wp\/v2\/media\/6560"}],"wp:attachment":[{"href":"https:\/\/zipper-factory.com\/es\/wp-json\/wp\/v2\/media?parent=2187"}],"wp:term":[{"taxonomy":"product_brand","embeddable":true,"href":"https:\/\/zipper-factory.com\/es\/wp-json\/wp\/v2\/product_brand?post=2187"},{"taxonomy":"product_cat","embeddable":true,"href":"https:\/\/zipper-factory.com\/es\/wp-json\/wp\/v2\/product_cat?post=2187"},{"taxonomy":"product_tag","embeddable":true,"href":"https:\/\/zipper-factory.com\/es\/wp-json\/wp\/v2\/product_tag?post=2187"}],"curies":[{"name":"wp","href":"https:\/\/api.w.org\/{rel}","templated":true}]}}