{"id":4819,"date":"2023-02-13T16:55:03","date_gmt":"2023-02-13T08:55:03","guid":{"rendered":"https:\/\/zipper-factory.com\/?post_type=product&#038;p=4819"},"modified":"2024-07-08T17:11:19","modified_gmt":"2024-07-08T09:11:19","slug":"decorative-puller-for-zipper","status":"publish","type":"product","link":"https:\/\/zipper-factory.com\/es\/producto\/decorative-puller-for-zipper\/","title":{"rendered":"Tirador decorativo para cremallera"},"content":{"rendered":"<h2>Introducci\u00f3n a los tiradores de cremallera decorativos<\/h2>\n<p>En el mundo de la moda y los accesorios, los peque\u00f1os detalles suelen ser los que m\u00e1s impacto tienen. Uno de ellos es el tirador decorativo de la cremallera. Aunque parezca un componente menor, un tirador bien dise\u00f1ado puede transformar una prenda com\u00fan en algo extraordinario. Nuestro tirador decorativo est\u00e1 elaborado con precisi\u00f3n, garantizando tanto funcionalidad como atractivo est\u00e9tico.<\/p>\n<h2>Artesan\u00eda excepcional<\/h2>\n<p>Nuestros tiradores decorativos para cremalleras est\u00e1n fabricados con materiales de alta calidad que garantizan durabilidad y elegancia. Cada pieza est\u00e1 meticulosamente dise\u00f1ada para reflejar sofisticaci\u00f3n y estilo. Ya sea que busque realzar un bolso, una chaqueta o cualquier otra prenda con cremallera, nuestros tiradores son la soluci\u00f3n perfecta. La atenci\u00f3n al detalle en nuestros dise\u00f1os garantiza que cada pieza no solo luzca impecable, sino que tambi\u00e9n tenga un rendimiento excepcional.<\/p>\n<h2>Diversas opciones de dise\u00f1o<\/h2>\n<p>Ofrecemos una amplia gama de dise\u00f1os para todos los gustos y preferencias. Desde estilos cl\u00e1sicos y sobrios hasta dise\u00f1os atrevidos y llamativos, nuestra colecci\u00f3n tiene algo para todos los gustos. Cada tirador de cremallera decorativo est\u00e1 disponible en m\u00faltiples acabados, lo que le permite elegir el que mejor se adapte a su prenda. Tanto si prefiere un look minimalista como algo m\u00e1s elaborado, nuestra selecci\u00f3n no le decepcionar\u00e1.<\/p>\n<h2>Pr\u00e1ctico y elegante<\/h2>\n<p>La funcionalidad es tan importante como la est\u00e9tica en nuestros tiradores de cremallera decorativos. Estos accesorios son f\u00e1ciles de colocar y ofrecen un agarre seguro, lo que facilita abrir y cerrar las cremalleras. La combinaci\u00f3n de practicidad y estilo hace de nuestros tiradores un accesorio imprescindible para quienes buscan a\u00f1adir un toque de elegancia a sus pertenencias.<\/p>\n<p>En resumen, nuestros tiradores de cremallera decorativos ofrecen una combinaci\u00f3n \u00fanica de estilo, calidad y funcionalidad. Realza tu estilo y accesorios con estos exquisitos detalles que sin duda dejar\u00e1n una huella imborrable. Explora nuestra colecci\u00f3n hoy mismo y encuentra el tirador de cremallera decorativo perfecto para complementar tu estilo.<\/p>","protected":false},"excerpt":{"rendered":"<p title=\"Tirador de cremallera de lujo con diamantes de imitaci\u00f3n y perla brillante, deslizador de cabeza, decoraci\u00f3n de prendas, accesorio de costura para bolsos.\" data-spm-anchor-id=\"a2700.details.0.i0.34da7eed7MDj6b\">Tirador de cremallera de lujo con diamantes de imitaci\u00f3n y perla brillante, deslizador de cabeza, decoraci\u00f3n de prendas, accesorio de costura para bolsos.<\/p>\n<div id=\"gtx-trans\" style=\"position: absolute; left: -9px; top: 37.9034px;\">\n<div class=\"gtx-trans-icon\"><\/div>\n<\/div>","protected":false},"featured_media":7638,"comment_status":"open","ping_status":"closed","template":"","meta":{"_seopress_robots_primary_cat":"none","_seopress_titles_title":"%%post_title%% %%sitetitle%% %%sep%%","_seopress_titles_desc":"%%post_excerpt%%","_seopress_robots_index":""},"product_brand":[],"product_cat":[125],"product_tag":[],"class_list":{"0":"post-4819","1":"product","2":"type-product","3":"status-publish","4":"has-post-thumbnail","6":"product_cat-zipper-puller","8":"first","9":"instock","10":"shipping-taxable","11":"product-type-simple"},"_links":{"self":[{"href":"https:\/\/zipper-factory.com\/es\/wp-json\/wp\/v2\/product\/4819","targetHints":{"allow":["GET"]}}],"collection":[{"href":"https:\/\/zipper-factory.com\/es\/wp-json\/wp\/v2\/product"}],"about":[{"href":"https:\/\/zipper-factory.com\/es\/wp-json\/wp\/v2\/types\/product"}],"replies":[{"embeddable":true,"href":"https:\/\/zipper-factory.com\/es\/wp-json\/wp\/v2\/comments?post=4819"}],"wp:featuredmedia":[{"embeddable":true,"href":"https:\/\/zipper-factory.com\/es\/wp-json\/wp\/v2\/media\/7638"}],"wp:attachment":[{"href":"https:\/\/zipper-factory.com\/es\/wp-json\/wp\/v2\/media?parent=4819"}],"wp:term":[{"taxonomy":"product_brand","embeddable":true,"href":"https:\/\/zipper-factory.com\/es\/wp-json\/wp\/v2\/product_brand?post=4819"},{"taxonomy":"product_cat","embeddable":true,"href":"https:\/\/zipper-factory.com\/es\/wp-json\/wp\/v2\/product_cat?post=4819"},{"taxonomy":"product_tag","embeddable":true,"href":"https:\/\/zipper-factory.com\/es\/wp-json\/wp\/v2\/product_tag?post=4819"}],"curies":[{"name":"wp","href":"https:\/\/api.w.org\/{rel}","templated":true}]}}