{"id":5301,"date":"2023-03-29T14:41:42","date_gmt":"2023-03-29T06:41:42","guid":{"rendered":"https:\/\/zipper-factory.com\/?post_type=product&#038;p=5301"},"modified":"2024-07-10T13:36:12","modified_gmt":"2024-07-10T05:36:12","slug":"rubber-zipper-puller-2","status":"publish","type":"product","link":"https:\/\/zipper-factory.com\/es\/producto\/rubber-zipper-puller-2\/","title":{"rendered":"Tirador de cremallera de goma"},"content":{"rendered":"<h2>Introducci\u00f3n a los tiradores de cremallera de goma<\/h2>\n<p>Los tiradores de cremallera de goma son accesorios vers\u00e1tiles y duraderos, esenciales para mejorar la funcionalidad de diversos tipos de cremalleras. Ya sea que se utilicen en equipos de exterior, ropa o bolsos, estos tiradores proporcionan un agarre fiable y c\u00f3modo, lo que los convierte en un componente indispensable en muchas industrias.<\/p>\n<h2>Caracter\u00edsticas y beneficios clave<\/h2>\n<p>Una de las principales ventajas de los tiradores de cremallera de goma es su durabilidad. Fabricados con materiales de goma de alta calidad, son resistentes al desgaste, lo que garantiza un rendimiento duradero. Adem\u00e1s, el material de goma proporciona un agarre antideslizante, especialmente beneficioso en condiciones de humedad o fr\u00edo. La flexibilidad de la goma tambi\u00e9n permite una amplia gama de dise\u00f1os y colores, lo que facilita su combinaci\u00f3n con diferentes productos.<\/p>\n<h2>Aplicaciones en diversas industrias<\/h2>\n<p>Los tiradores de cremallera de goma se utilizan ampliamente en numerosas industrias gracias a su versatilidad. En la industria de la moda, se encuentran a menudo en chaquetas, sudaderas y bolsos, aportando funcionalidad y atractivo est\u00e9tico. Los fabricantes de art\u00edculos para actividades al aire libre tambi\u00e9n prefieren los tiradores de cremallera de goma por su resistencia a las duras condiciones ambientales. Adem\u00e1s, las empresas de equipaje y accesorios de viaje utilizan estos tiradores para garantizar la facilidad de uso y la fiabilidad de sus productos.<\/p>\n<h2>Conclusi\u00f3n<\/h2>\n<p>En conclusi\u00f3n, los tiradores de cremallera de goma son un accesorio esencial que ofrece numerosas ventajas, como durabilidad, agarre antideslizante y flexibilidad de dise\u00f1o. Su amplia gama de aplicaciones en diversos sectores resalta su importancia y versatilidad. Ya sea para moda, art\u00edculos para actividades al aire libre o accesorios de viaje, los tiradores de cremallera de goma son una opci\u00f3n fiable para mejorar la funcionalidad y la est\u00e9tica de cualquier producto.<\/p>","protected":false},"excerpt":{"rendered":"<p data-spm-anchor-id=\"a2700.details.0.i12.75e227c7iakYN5\">Tirador de cremallera de goma y silicona al por mayor para bolsos<\/p>","protected":false},"featured_media":7669,"comment_status":"open","ping_status":"closed","template":"","meta":{"_seopress_robots_primary_cat":"none","_seopress_titles_title":"%%post_title%% %%sitetitle%% %%sep%%","_seopress_titles_desc":"%%post_excerpt%%","_seopress_robots_index":"","_seopress_analysis_target_kw":""},"product_brand":[],"product_cat":[125],"product_tag":[],"class_list":{"0":"post-5301","1":"product","2":"type-product","3":"status-publish","4":"has-post-thumbnail","6":"product_cat-zipper-puller","8":"first","9":"instock","10":"shipping-taxable","11":"product-type-simple"},"_links":{"self":[{"href":"https:\/\/zipper-factory.com\/es\/wp-json\/wp\/v2\/product\/5301","targetHints":{"allow":["GET"]}}],"collection":[{"href":"https:\/\/zipper-factory.com\/es\/wp-json\/wp\/v2\/product"}],"about":[{"href":"https:\/\/zipper-factory.com\/es\/wp-json\/wp\/v2\/types\/product"}],"replies":[{"embeddable":true,"href":"https:\/\/zipper-factory.com\/es\/wp-json\/wp\/v2\/comments?post=5301"}],"wp:featuredmedia":[{"embeddable":true,"href":"https:\/\/zipper-factory.com\/es\/wp-json\/wp\/v2\/media\/7669"}],"wp:attachment":[{"href":"https:\/\/zipper-factory.com\/es\/wp-json\/wp\/v2\/media?parent=5301"}],"wp:term":[{"taxonomy":"product_brand","embeddable":true,"href":"https:\/\/zipper-factory.com\/es\/wp-json\/wp\/v2\/product_brand?post=5301"},{"taxonomy":"product_cat","embeddable":true,"href":"https:\/\/zipper-factory.com\/es\/wp-json\/wp\/v2\/product_cat?post=5301"},{"taxonomy":"product_tag","embeddable":true,"href":"https:\/\/zipper-factory.com\/es\/wp-json\/wp\/v2\/product_tag?post=5301"}],"curies":[{"name":"wp","href":"https:\/\/api.w.org\/{rel}","templated":true}]}}