{"id":5302,"date":"2023-03-29T14:43:48","date_gmt":"2023-03-29T06:43:48","guid":{"rendered":"https:\/\/zipper-factory.com\/?post_type=product&#038;p=5302"},"modified":"2024-07-10T13:43:43","modified_gmt":"2024-07-10T05:43:43","slug":"classic-style-zipper-puller","status":"publish","type":"product","link":"https:\/\/zipper-factory.com\/es\/producto\/classic-style-zipper-puller\/","title":{"rendered":"Tirador de cremallera de color"},"content":{"rendered":"<h2>Introducci\u00f3n a los tiradores de cremallera de colores<\/h2>\n<p>En el mundo de la moda, hasta los detalles m\u00e1s peque\u00f1os pueden tener un impacto significativo. Los tiradores de cremallera de colores son un accesorio que puede a\u00f1adir un toque de vitalidad y singularidad a cualquier prenda o bolso. Estas peque\u00f1as pero impactantes herramientas est\u00e1n dise\u00f1adas para realzar tanto la funcionalidad como la est\u00e9tica de tus art\u00edculos.<\/p>\n<h2>Caracter\u00edsticas y beneficios<\/h2>\n<p>Nuestros tiradores de cremallera de colores vienen en una variedad de tonos y dise\u00f1os, lo que le permite elegir el que mejor se adapte a sus necesidades. Fabricados con materiales de alta calidad, estos tiradores son duraderos y resistentes. Sus vibrantes colores resisten la decoloraci\u00f3n, lo que garantiza que sus art\u00edculos mantengan su atractivo con el tiempo.<\/p>\n<h2>Aplicaciones y usabilidad<\/h2>\n<p>Los tiradores de cremallera de colores son vers\u00e1tiles y se pueden usar en una amplia gama de productos, como chaquetas, bolsos, mochilas y m\u00e1s. Son f\u00e1ciles de colocar y ofrecen un agarre seguro, lo que facilita abrir y cerrar las cremalleras. Tanto si eres un entusiasta de la moda que busca a\u00f1adir un toque de color a tu ropa como si eres un fabricante que busca mejorar su l\u00ednea de productos, nuestros tiradores de cremallera de colores son la soluci\u00f3n perfecta.<\/p>\n<h2>Conclusi\u00f3n<\/h2>\n<p>Incorporar tiradores de cremallera de colores a tus prendas de moda es una forma f\u00e1cil y eficaz de a\u00f1adir un toque personal. Con su combinaci\u00f3n de funcionalidad y estilo, estos tiradores son una peque\u00f1a inversi\u00f3n que puede marcar una gran diferencia. Explora nuestra colecci\u00f3n hoy mismo y encuentra los tiradores de cremallera de colores perfectos para complementar tu estilo y necesidades.<\/p>","protected":false},"excerpt":{"rendered":"<p title=\"Cremallera con cierre deslizante de metal, larga y colorida, para bolsas, de todos los tama\u00f1os y venta al por mayor.\" data-spm-anchor-id=\"a2700.details.0.i1.30876a6e36r6ac\">Cremallera con cierre deslizante de metal, larga y colorida, para bolsas, de todos los tama\u00f1os y venta al por mayor.<\/p>","protected":false},"featured_media":7672,"comment_status":"open","ping_status":"closed","template":"","meta":{"_seopress_robots_primary_cat":"none","_seopress_titles_title":"%%post_title%% %%sitetitle%% %%sep%%","_seopress_titles_desc":"%%post_excerpt%%","_seopress_robots_index":""},"product_brand":[],"product_cat":[125],"product_tag":[152],"class_list":{"0":"post-5302","1":"product","2":"type-product","3":"status-publish","4":"has-post-thumbnail","6":"product_cat-zipper-puller","7":"product_tag-black-pulls","9":"first","10":"instock","11":"shipping-taxable","12":"product-type-simple"},"_links":{"self":[{"href":"https:\/\/zipper-factory.com\/es\/wp-json\/wp\/v2\/product\/5302","targetHints":{"allow":["GET"]}}],"collection":[{"href":"https:\/\/zipper-factory.com\/es\/wp-json\/wp\/v2\/product"}],"about":[{"href":"https:\/\/zipper-factory.com\/es\/wp-json\/wp\/v2\/types\/product"}],"replies":[{"embeddable":true,"href":"https:\/\/zipper-factory.com\/es\/wp-json\/wp\/v2\/comments?post=5302"}],"wp:featuredmedia":[{"embeddable":true,"href":"https:\/\/zipper-factory.com\/es\/wp-json\/wp\/v2\/media\/7672"}],"wp:attachment":[{"href":"https:\/\/zipper-factory.com\/es\/wp-json\/wp\/v2\/media?parent=5302"}],"wp:term":[{"taxonomy":"product_brand","embeddable":true,"href":"https:\/\/zipper-factory.com\/es\/wp-json\/wp\/v2\/product_brand?post=5302"},{"taxonomy":"product_cat","embeddable":true,"href":"https:\/\/zipper-factory.com\/es\/wp-json\/wp\/v2\/product_cat?post=5302"},{"taxonomy":"product_tag","embeddable":true,"href":"https:\/\/zipper-factory.com\/es\/wp-json\/wp\/v2\/product_tag?post=5302"}],"curies":[{"name":"wp","href":"https:\/\/api.w.org\/{rel}","templated":true}]}}