{"id":6314,"date":"2023-10-18T16:11:46","date_gmt":"2023-10-18T08:11:46","guid":{"rendered":"https:\/\/zipper-factory.com\/?post_type=product&#038;p=6314"},"modified":"2023-10-18T16:14:33","modified_gmt":"2023-10-18T08:14:33","slug":"eva-track-zipper","status":"publish","type":"product","link":"https:\/\/zipper-factory.com\/es\/producto\/eva-track-zipper\/","title":{"rendered":"Cremallera EVA Track"},"content":{"rendered":"<p data-spm-anchor-id=\"a2700.details.0.i19.8e56d888QA8di3\">El prop\u00f3sito de una cremallera plana es servir como un tipo com\u00fan de cremallera hecha de PVC, TPU y EVA. La elecci\u00f3n del material para una cremallera plana depende del tipo de tela. Solo el mismo material puede unirse mediante soldadura de alta frecuencia.<\/p>\n<div data-spm-anchor-id=\"a2700.details.0.i27.98525dcffs1F6c\">\u00a0Se utiliza com\u00fanmente para abrir y cerrar productos como bolsos, zapatos y ropa. Su funci\u00f3n principal es permitir una apertura y un cierre r\u00e1pidos y c\u00f3modos, brindando seguridad y protecci\u00f3n. La cremallera plana es ligera, flexible y duradera, y se encuentra com\u00fanmente en productos ligeros y casuales.<\/div>","protected":false},"excerpt":{"rendered":"<div class=\"product-title\">\n<div id=\"module_title\">\n<div class=\"detail-title-section detail-mainscreen-center-grid J-ma-title-wrap\" data-spm-anchor-id=\"a2700.details.0.i20.236551e6ELb9zP\">\n<p data-spm-anchor-id=\"a2700.details.0.i14.98525dcffs1F6c\">Cinta de sellado de alta frecuencia PVC TPU EVA con cremallera impermeable para bolsas selladas.<\/p>\n<div class=\"ma-tag-wrap\"><\/div>\n<p>&nbsp;<\/p>\n<div><\/div>\n<\/div>\n<\/div>\n<div id=\"module_activity_seller\"><\/div>\n<div id=\"module_glp\"><\/div>\n<div id=\"module_price\">\n<div class=\"widget-main-action\">\n<div class=\"ma-price-wrap\"><\/div>\n<\/div>\n<\/div>\n<\/div>","protected":false},"featured_media":6317,"comment_status":"open","ping_status":"closed","template":"","meta":{"_seopress_robots_primary_cat":"none","_seopress_titles_title":"%%post_title%% %%sitetitle%% %%sep%%","_seopress_titles_desc":"%%post_excerpt%%","_seopress_robots_index":""},"product_brand":[],"product_cat":[164],"product_tag":[],"class_list":{"0":"post-6314","1":"product","2":"type-product","3":"status-publish","4":"has-post-thumbnail","6":"product_cat-special-zipper","8":"first","9":"instock","10":"shipping-taxable","11":"product-type-simple"},"_links":{"self":[{"href":"https:\/\/zipper-factory.com\/es\/wp-json\/wp\/v2\/product\/6314","targetHints":{"allow":["GET"]}}],"collection":[{"href":"https:\/\/zipper-factory.com\/es\/wp-json\/wp\/v2\/product"}],"about":[{"href":"https:\/\/zipper-factory.com\/es\/wp-json\/wp\/v2\/types\/product"}],"replies":[{"embeddable":true,"href":"https:\/\/zipper-factory.com\/es\/wp-json\/wp\/v2\/comments?post=6314"}],"wp:featuredmedia":[{"embeddable":true,"href":"https:\/\/zipper-factory.com\/es\/wp-json\/wp\/v2\/media\/6317"}],"wp:attachment":[{"href":"https:\/\/zipper-factory.com\/es\/wp-json\/wp\/v2\/media?parent=6314"}],"wp:term":[{"taxonomy":"product_brand","embeddable":true,"href":"https:\/\/zipper-factory.com\/es\/wp-json\/wp\/v2\/product_brand?post=6314"},{"taxonomy":"product_cat","embeddable":true,"href":"https:\/\/zipper-factory.com\/es\/wp-json\/wp\/v2\/product_cat?post=6314"},{"taxonomy":"product_tag","embeddable":true,"href":"https:\/\/zipper-factory.com\/es\/wp-json\/wp\/v2\/product_tag?post=6314"}],"curies":[{"name":"wp","href":"https:\/\/api.w.org\/{rel}","templated":true}]}}