{"id":6536,"date":"2023-11-17T15:56:41","date_gmt":"2023-11-17T07:56:41","guid":{"rendered":"https:\/\/zipper-factory.com\/?post_type=product&#038;p=6536"},"modified":"2023-11-17T17:45:20","modified_gmt":"2023-11-17T09:45:20","slug":"fireproof-metal-zipper","status":"publish","type":"product","link":"https:\/\/zipper-factory.com\/es\/producto\/fireproof-metal-zipper\/","title":{"rendered":"Cremallera met\u00e1lica ign\u00edfuga"},"content":{"rendered":"<p data-spm-anchor-id=\"a2700.details.0.i14.6c4a77c4eA8YO6\">El proceso de fabricaci\u00f3n de cremalleras met\u00e1licas ign\u00edfugas consiste en combinar materiales met\u00e1licos con materiales resistentes al fuego. El material de la cinta de las cremalleras met\u00e1licas ign\u00edfugas suele ser aramida, una fibra sint\u00e9tica resistente a altas temperaturas. Primero, las fibras de aramida se someten a un procesamiento textil para producir cintas con especificaciones y tama\u00f1os espec\u00edficos. Posteriormente, se fijan los dientes met\u00e1licos a la cinta de aramida. Para mejorar la resistencia al fuego, se puede recubrir la superficie de la cinta con una capa de material ign\u00edfugo, como un retardante de llama, para mejorar la resistencia de la cremallera. Todo el proceso requiere un estricto control de la temperatura y los par\u00e1metros de fabricaci\u00f3n para garantizar un rendimiento excelente de la cremallera, como resistencia a altas temperaturas, resistencia al fuego y resistencia a la abrasi\u00f3n, lo que la hace adecuada para equipos de protecci\u00f3n contra incendios y su uso en entornos de alta temperatura.<\/p>","protected":false},"excerpt":{"rendered":"<p title=\"Fabricante profesional de cremalleras met\u00e1licas ign\u00edfugas, materiales ign\u00edfugos, cinta de aramida, cremallera ign\u00edfuga para trajes de extinci\u00f3n de incendios.\" data-spm-anchor-id=\"a2700.details.0.i78.281e1ac0cLKOdV\">Fabricante profesional de cremalleras met\u00e1licas ign\u00edfugas, materiales ign\u00edfugos, cinta de aramida, cremallera ign\u00edfuga para trajes de extinci\u00f3n de incendios.<\/p>","protected":false},"featured_media":6540,"comment_status":"open","ping_status":"closed","template":"","meta":{"_seopress_robots_primary_cat":"none","_seopress_titles_title":"%%post_title%% %%sitetitle%% %%sep%%","_seopress_titles_desc":"%%post_excerpt%%","_seopress_robots_index":"","_seopress_analysis_target_kw":""},"product_brand":[],"product_cat":[33],"product_tag":[166],"class_list":{"0":"post-6536","1":"product","2":"type-product","3":"status-publish","4":"has-post-thumbnail","6":"product_cat-metal-zipper","7":"product_tag-fireproof","9":"first","10":"instock","11":"shipping-taxable","12":"product-type-simple"},"_links":{"self":[{"href":"https:\/\/zipper-factory.com\/es\/wp-json\/wp\/v2\/product\/6536","targetHints":{"allow":["GET"]}}],"collection":[{"href":"https:\/\/zipper-factory.com\/es\/wp-json\/wp\/v2\/product"}],"about":[{"href":"https:\/\/zipper-factory.com\/es\/wp-json\/wp\/v2\/types\/product"}],"replies":[{"embeddable":true,"href":"https:\/\/zipper-factory.com\/es\/wp-json\/wp\/v2\/comments?post=6536"}],"wp:featuredmedia":[{"embeddable":true,"href":"https:\/\/zipper-factory.com\/es\/wp-json\/wp\/v2\/media\/6540"}],"wp:attachment":[{"href":"https:\/\/zipper-factory.com\/es\/wp-json\/wp\/v2\/media?parent=6536"}],"wp:term":[{"taxonomy":"product_brand","embeddable":true,"href":"https:\/\/zipper-factory.com\/es\/wp-json\/wp\/v2\/product_brand?post=6536"},{"taxonomy":"product_cat","embeddable":true,"href":"https:\/\/zipper-factory.com\/es\/wp-json\/wp\/v2\/product_cat?post=6536"},{"taxonomy":"product_tag","embeddable":true,"href":"https:\/\/zipper-factory.com\/es\/wp-json\/wp\/v2\/product_tag?post=6536"}],"curies":[{"name":"wp","href":"https:\/\/api.w.org\/{rel}","templated":true}]}}