{"id":6595,"date":"2023-11-24T16:07:26","date_gmt":"2023-11-24T08:07:26","guid":{"rendered":"https:\/\/zipper-factory.com\/?post_type=product&#038;p=6595"},"modified":"2023-11-24T16:50:24","modified_gmt":"2023-11-24T08:50:24","slug":"golden-teeth-and-tape-metal-zipper","status":"publish","type":"product","link":"https:\/\/zipper-factory.com\/es\/producto\/golden-teeth-and-tape-metal-zipper\/","title":{"rendered":"Cremallera met\u00e1lica con dientes dorados y cinta adhesiva"},"content":{"rendered":"<p>El proceso de producci\u00f3n de cinta de plata para cremalleras incluye los siguientes pasos:<\/p>\n<div><span data-spm-anchor-id=\"a2700.details.0.i87.72f4120eHhy43o\">1. Selecci\u00f3n de hilo de plata como materia prima para la cinta de la cremallera. El hilo de plata le da a la cinta un brillo met\u00e1lico. <\/span><\/div>\n<div>2. Tejer la cinta en un telar o m\u00e1quina de tejer. Ajuste los par\u00e1metros de la m\u00e1quina seg\u00fan el ancho y el grosor deseados para garantizar la calidad y las especificaciones de la cinta.<\/div>\n<div data-spm-anchor-id=\"a2700.details.0.i86.72f4120eHhy43o\">3. Posteriormente, mediante t\u00e9cnicas de acabado y prensado, la superficie de la cinta se alisa y uniformiza. Se pueden utilizar prensas o planchas calientes especiales para prensar la cinta y darle el acabado.<\/div>","protected":false},"excerpt":{"rendered":"<p title=\"Hot Sale Open End Brass Zipper Two Way Metal Zip Double Puller Metal Cremallera For Jacket\" data-spm-anchor-id=\"a2700.details.0.i78.6b662d19WA3BI8\">High Quality Golden Zipper Gold Metallic Luster Tape Golden Teeth Metal Zipper For Jacket<\/p>","protected":false},"featured_media":6607,"comment_status":"open","ping_status":"closed","template":"","meta":{"_seopress_robots_primary_cat":"none","_seopress_titles_title":"%%post_title%% %%sitetitle%% %%sep%%","_seopress_titles_desc":"%%post_excerpt%%","_seopress_robots_index":""},"product_brand":[],"product_cat":[33],"product_tag":[175],"class_list":{"0":"post-6595","1":"product","2":"type-product","3":"status-publish","4":"has-post-thumbnail","6":"product_cat-metal-zipper","7":"product_tag-golden","9":"first","10":"instock","11":"shipping-taxable","12":"product-type-simple"},"_links":{"self":[{"href":"https:\/\/zipper-factory.com\/es\/wp-json\/wp\/v2\/product\/6595","targetHints":{"allow":["GET"]}}],"collection":[{"href":"https:\/\/zipper-factory.com\/es\/wp-json\/wp\/v2\/product"}],"about":[{"href":"https:\/\/zipper-factory.com\/es\/wp-json\/wp\/v2\/types\/product"}],"replies":[{"embeddable":true,"href":"https:\/\/zipper-factory.com\/es\/wp-json\/wp\/v2\/comments?post=6595"}],"wp:featuredmedia":[{"embeddable":true,"href":"https:\/\/zipper-factory.com\/es\/wp-json\/wp\/v2\/media\/6607"}],"wp:attachment":[{"href":"https:\/\/zipper-factory.com\/es\/wp-json\/wp\/v2\/media?parent=6595"}],"wp:term":[{"taxonomy":"product_brand","embeddable":true,"href":"https:\/\/zipper-factory.com\/es\/wp-json\/wp\/v2\/product_brand?post=6595"},{"taxonomy":"product_cat","embeddable":true,"href":"https:\/\/zipper-factory.com\/es\/wp-json\/wp\/v2\/product_cat?post=6595"},{"taxonomy":"product_tag","embeddable":true,"href":"https:\/\/zipper-factory.com\/es\/wp-json\/wp\/v2\/product_tag?post=6595"}],"curies":[{"name":"wp","href":"https:\/\/api.w.org\/{rel}","templated":true}]}}