{"id":6649,"date":"2023-12-01T16:13:05","date_gmt":"2023-12-01T08:13:05","guid":{"rendered":"https:\/\/zipper-factory.com\/?post_type=product&#038;p=6649"},"modified":"2023-12-01T16:29:38","modified_gmt":"2023-12-01T08:29:38","slug":"airtight-zipper","status":"publish","type":"product","link":"https:\/\/zipper-factory.com\/es\/producto\/airtight-zipper\/","title":{"rendered":"Cremallera herm\u00e9tica"},"content":{"rendered":"<p>La diferencia entre cremalleras impermeables y herm\u00e9ticas<\/p>\n<p>Las cremalleras impermeables logran su funci\u00f3n impermeable mediante la adici\u00f3n de recubrimientos especiales o capas de pel\u00edcula impermeable. Estos recubrimientos o capas pueden evitar que el agua penetre en la cremallera, pero las cremalleras impermeables solo ofrecen protecci\u00f3n contra salpicaduras y no garantizan la impermeabilidad al interior.<\/p>\n<p>Las cremalleras herm\u00e9ticas, por otro lado, son cremalleras que previenen eficazmente la entrada de gases. Gracias a dise\u00f1os especiales, se sellan los huecos de la cremallera, impidiendo as\u00ed la entrada de gases al interior.<\/p>\n<p>Las cremalleras impermeables solo protegen de la lluvia en el d\u00eda a d\u00eda y son a prueba de salpicaduras. Sus ventajas son su bajo coste y ligereza, y su uso com\u00fan en ropa y mochilas. Las cremalleras herm\u00e9ticas ofrecen un mayor rendimiento de sellado que las impermeables, pero son m\u00e1s caras y se utilizan principalmente en \u00e1mbitos profesionales como los trajes de buceo.<\/p>","protected":false},"excerpt":{"rendered":"<div class=\"product-title\">\n<div id=\"module_title\">\n<div class=\"detail-title-section detail-mainscreen-center-grid J-ma-title-wrap\" data-spm-anchor-id=\"a2700.details.0.i20.236551e6ELb9zP\">\n<p title=\"Cremallera de PVC personalizada de alta calidad, impermeable y herm\u00e9tica, venta al por mayor.\" data-spm-anchor-id=\"a2700.details.0.i84.7efe4546bPDv4r\">Cremallera de PVC personalizada de alta calidad, impermeable y herm\u00e9tica, venta al por mayor<\/p>\n<div class=\"ma-tag-wrap\"><\/div>\n<p>&nbsp;<\/p>\n<div><\/div>\n<\/div>\n<\/div>\n<div id=\"module_activity_seller\"><\/div>\n<div id=\"module_glp\"><\/div>\n<div id=\"module_price\">\n<div class=\"widget-main-action\">\n<div class=\"ma-price-wrap\"><\/div>\n<\/div>\n<\/div>\n<\/div>","protected":false},"featured_media":6641,"comment_status":"open","ping_status":"closed","template":"","meta":{"_seopress_robots_primary_cat":"none","_seopress_titles_title":"%%post_title%% %%sitetitle%% %%sep%%","_seopress_titles_desc":"%%post_excerpt%%","_seopress_robots_index":""},"product_brand":[],"product_cat":[178,164,111],"product_tag":[179],"class_list":{"0":"post-6649","1":"product","2":"type-product","3":"status-publish","4":"has-post-thumbnail","6":"product_cat-airtight-zipper","7":"product_cat-special-zipper","8":"product_cat-waterproof-zipper","9":"product_tag-airtight","11":"first","12":"instock","13":"shipping-taxable","14":"product-type-simple"},"_links":{"self":[{"href":"https:\/\/zipper-factory.com\/es\/wp-json\/wp\/v2\/product\/6649","targetHints":{"allow":["GET"]}}],"collection":[{"href":"https:\/\/zipper-factory.com\/es\/wp-json\/wp\/v2\/product"}],"about":[{"href":"https:\/\/zipper-factory.com\/es\/wp-json\/wp\/v2\/types\/product"}],"replies":[{"embeddable":true,"href":"https:\/\/zipper-factory.com\/es\/wp-json\/wp\/v2\/comments?post=6649"}],"wp:featuredmedia":[{"embeddable":true,"href":"https:\/\/zipper-factory.com\/es\/wp-json\/wp\/v2\/media\/6641"}],"wp:attachment":[{"href":"https:\/\/zipper-factory.com\/es\/wp-json\/wp\/v2\/media?parent=6649"}],"wp:term":[{"taxonomy":"product_brand","embeddable":true,"href":"https:\/\/zipper-factory.com\/es\/wp-json\/wp\/v2\/product_brand?post=6649"},{"taxonomy":"product_cat","embeddable":true,"href":"https:\/\/zipper-factory.com\/es\/wp-json\/wp\/v2\/product_cat?post=6649"},{"taxonomy":"product_tag","embeddable":true,"href":"https:\/\/zipper-factory.com\/es\/wp-json\/wp\/v2\/product_tag?post=6649"}],"curies":[{"name":"wp","href":"https:\/\/api.w.org\/{rel}","templated":true}]}}