{"id":6735,"date":"2023-12-18T15:21:25","date_gmt":"2023-12-18T07:21:25","guid":{"rendered":"https:\/\/zipper-factory.com\/?post_type=product&#038;p=6735"},"modified":"2024-03-11T14:15:16","modified_gmt":"2024-03-11T06:15:16","slug":"five-colors-tooth-metal-zipper","status":"publish","type":"product","link":"https:\/\/zipper-factory.com\/es\/producto\/five-colors-tooth-metal-zipper\/","title":{"rendered":"Cremallera met\u00e1lica con cinco colores de dientes"},"content":{"rendered":"<p><span data-spm-anchor-id=\"a2700.details.0.i87.129e3280qkrc2Y\">El proceso de producci\u00f3n de la cremallera met\u00e1lica de cinco dientes de colores implica los siguientes pasos. <\/span><\/p>\n<div>\n<div>La cadena met\u00e1lica consta de numerosos dientes peque\u00f1os que deben estar correctamente dispuestos para que la cremallera se abra y cierre con suavidad. Este proceso suele realizarse con maquinaria especializada.<\/div>\n<div><\/div>\n<div>Estos son los pasos para instalar los dientes:<\/div>\n<div>1. Prepare la cinta especial para la cremallera met\u00e1lica.<\/div>\n<div>2. Prepare dientes de cinco colores diferentes para la cremallera met\u00e1lica.<\/div>\n<div>3. Utilice el equipo mec\u00e1nico para sujetar la cinta y colocar aleatoriamente los dientes de los cinco colores, asegur\u00e1ndose de que cada diente est\u00e9 en la posici\u00f3n correcta.<\/div>\n<div>4. Por \u00faltimo, verifique el buen funcionamiento de la cremallera, asegur\u00e1ndose de que no haya desalineaci\u00f3n ni dientes faltantes.<\/div>\n<div>La instalaci\u00f3n de dientes en una cremallera met\u00e1lica requiere el uso de equipos de producci\u00f3n especializados para garantizar la precisi\u00f3n y calidad en la disposici\u00f3n.<\/div>\n<\/div>","protected":false},"excerpt":{"rendered":"<p title=\"Cremallera met\u00e1lica de alta calidad de cinco colores con dientes en forma de ma\u00edz y cremallera de lat\u00f3n para chaqueta de cuero.\" data-spm-anchor-id=\"a2700.details.0.i84.129e3280qkrc2Y\">Cremallera met\u00e1lica de alta calidad de cinco colores con dientes en forma de ma\u00edz y cremallera de lat\u00f3n para chaqueta de cuero.<\/p>","protected":false},"featured_media":6736,"comment_status":"open","ping_status":"closed","template":"","meta":{"_seopress_robots_primary_cat":"none","_seopress_titles_title":"%%post_title%% %%sitetitle%% %%sep%%","_seopress_titles_desc":"%%post_excerpt%%","_seopress_robots_index":""},"product_brand":[],"product_cat":[33],"product_tag":[181],"class_list":{"0":"post-6735","1":"product","2":"type-product","3":"status-publish","4":"has-post-thumbnail","6":"product_cat-metal-zipper","7":"product_tag-five-colors-tooth","9":"first","10":"instock","11":"shipping-taxable","12":"product-type-simple"},"_links":{"self":[{"href":"https:\/\/zipper-factory.com\/es\/wp-json\/wp\/v2\/product\/6735","targetHints":{"allow":["GET"]}}],"collection":[{"href":"https:\/\/zipper-factory.com\/es\/wp-json\/wp\/v2\/product"}],"about":[{"href":"https:\/\/zipper-factory.com\/es\/wp-json\/wp\/v2\/types\/product"}],"replies":[{"embeddable":true,"href":"https:\/\/zipper-factory.com\/es\/wp-json\/wp\/v2\/comments?post=6735"}],"wp:featuredmedia":[{"embeddable":true,"href":"https:\/\/zipper-factory.com\/es\/wp-json\/wp\/v2\/media\/6736"}],"wp:attachment":[{"href":"https:\/\/zipper-factory.com\/es\/wp-json\/wp\/v2\/media?parent=6735"}],"wp:term":[{"taxonomy":"product_brand","embeddable":true,"href":"https:\/\/zipper-factory.com\/es\/wp-json\/wp\/v2\/product_brand?post=6735"},{"taxonomy":"product_cat","embeddable":true,"href":"https:\/\/zipper-factory.com\/es\/wp-json\/wp\/v2\/product_cat?post=6735"},{"taxonomy":"product_tag","embeddable":true,"href":"https:\/\/zipper-factory.com\/es\/wp-json\/wp\/v2\/product_tag?post=6735"}],"curies":[{"name":"wp","href":"https:\/\/api.w.org\/{rel}","templated":true}]}}