{"id":6745,"date":"2023-12-18T17:30:45","date_gmt":"2023-12-18T09:30:45","guid":{"rendered":"https:\/\/zipper-factory.com\/?post_type=product&#038;p=6745"},"modified":"2024-03-11T14:18:54","modified_gmt":"2024-03-11T06:18:54","slug":"lace-metal-zipper","status":"publish","type":"product","link":"https:\/\/zipper-factory.com\/es\/producto\/lace-metal-zipper\/","title":{"rendered":"Cremallera met\u00e1lica de encaje"},"content":{"rendered":"<p>Existen numerosos usos para las cremalleras met\u00e1licas tipo encaje.<br \/>\n1. Ropa y accesorios: Las cremalleras met\u00e1licas con cinta de encaje se utilizan frecuentemente para abrir y cerrar prendas como cuellos, bolsillos y cinturillas de pantalones. Cumplen funciones de cierre seguras, pr\u00e1cticas y est\u00e9ticas.<br \/>\n2. Calzado: Los zapatos deportivos, las botas y las sandalias son solo algunos ejemplos de calzado que suelen incluir cremalleras con cordones. Su funci\u00f3n es modificar el ajuste del zapato, lo que facilita pon\u00e9rselo y quit\u00e1rselo.<br \/>\n3. Bolsos y equipaje: Para mejorar la comodidad y la seguridad, con frecuencia se utilizan cremalleras met\u00e1licas de encaje para cerrar bolsos y equipaje.<br \/>\n4. Muebles y art\u00edculos para el hogar: Los sof\u00e1s y otros muebles y art\u00edculos para el hogar se pueden equipar con cremalleras met\u00e1licas de encaje.<\/p>","protected":false},"excerpt":{"rendered":"<p title=\"Cremallera decorativa elegante con forma de flor para mujer, chaqueta de cuero, cremallera met\u00e1lica de encaje, cremallera met\u00e1lica para calzado de mujer\" data-spm-anchor-id=\"a2700.details.0.i0.27e376871gPOpa\">Cremallera decorativa elegante con forma de flor para mujer, chaqueta de cuero, cremallera met\u00e1lica de encaje, cremallera met\u00e1lica para calzado de mujer<\/p>","protected":false},"featured_media":6748,"comment_status":"open","ping_status":"closed","template":"","meta":{"_seopress_robots_primary_cat":"none","_seopress_titles_title":"%%post_title%% %%sitetitle%% %%sep%%","_seopress_titles_desc":"%%post_excerpt%%","_seopress_robots_index":""},"product_brand":[],"product_cat":[33],"product_tag":[183],"class_list":{"0":"post-6745","1":"product","2":"type-product","3":"status-publish","4":"has-post-thumbnail","6":"product_cat-metal-zipper","7":"product_tag-lace","9":"first","10":"instock","11":"shipping-taxable","12":"product-type-simple"},"_links":{"self":[{"href":"https:\/\/zipper-factory.com\/es\/wp-json\/wp\/v2\/product\/6745","targetHints":{"allow":["GET"]}}],"collection":[{"href":"https:\/\/zipper-factory.com\/es\/wp-json\/wp\/v2\/product"}],"about":[{"href":"https:\/\/zipper-factory.com\/es\/wp-json\/wp\/v2\/types\/product"}],"replies":[{"embeddable":true,"href":"https:\/\/zipper-factory.com\/es\/wp-json\/wp\/v2\/comments?post=6745"}],"wp:featuredmedia":[{"embeddable":true,"href":"https:\/\/zipper-factory.com\/es\/wp-json\/wp\/v2\/media\/6748"}],"wp:attachment":[{"href":"https:\/\/zipper-factory.com\/es\/wp-json\/wp\/v2\/media?parent=6745"}],"wp:term":[{"taxonomy":"product_brand","embeddable":true,"href":"https:\/\/zipper-factory.com\/es\/wp-json\/wp\/v2\/product_brand?post=6745"},{"taxonomy":"product_cat","embeddable":true,"href":"https:\/\/zipper-factory.com\/es\/wp-json\/wp\/v2\/product_cat?post=6745"},{"taxonomy":"product_tag","embeddable":true,"href":"https:\/\/zipper-factory.com\/es\/wp-json\/wp\/v2\/product_tag?post=6745"}],"curies":[{"name":"wp","href":"https:\/\/api.w.org\/{rel}","templated":true}]}}