{"id":6749,"date":"2023-12-20T15:14:08","date_gmt":"2023-12-20T07:14:08","guid":{"rendered":"https:\/\/zipper-factory.com\/?post_type=product&#038;p=6749"},"modified":"2023-12-20T16:13:35","modified_gmt":"2023-12-20T08:13:35","slug":"large-metal-zipper","status":"publish","type":"product","link":"https:\/\/zipper-factory.com\/es\/producto\/large-metal-zipper\/","title":{"rendered":"Cremallera met\u00e1lica grande"},"content":{"rendered":"<p>Las ventajas de una cremallera met\u00e1lica grande son su durabilidad, buena resistencia al desgarro y su capacidad para permanecer cerrada sin desatarse f\u00e1cilmente. Tiene una larga vida \u00fatil y no se da\u00f1a f\u00e1cilmente. Adem\u00e1s, una cremallera met\u00e1lica grande suele ofrecer una mejor sensaci\u00f3n de calidad, lo que le da a la ropa un aspecto moderno y sofisticado.<br \/>\nLas cremalleras met\u00e1licas grandes se utilizan com\u00fanmente en prendas de alta gama, como chaquetas, abrigos y plum\u00edferos, para realzar la moda y la sofisticaci\u00f3n de las prendas. Tambi\u00e9n se emplean en la fabricaci\u00f3n de botas para mejorar su apariencia y calidad, as\u00ed como su estabilidad y durabilidad. Adem\u00e1s, se utilizan en la decoraci\u00f3n de muebles y bolsos, aportando una personalidad y calidad \u00fanicas a la decoraci\u00f3n del hogar.<\/p>","protected":false},"excerpt":{"rendered":"<p title=\"Cremallera decorativa elegante con forma de flor para mujer, chaqueta de cuero, cremallera met\u00e1lica de encaje, cremallera met\u00e1lica para calzado de mujer\" data-spm-anchor-id=\"a2700.details.0.i0.27e376871gPOpa\">Cremallera decorativa elegante con forma de flor para mujer, chaqueta de cuero, cremallera met\u00e1lica de encaje, cremallera met\u00e1lica para calzado de mujer<\/p>","protected":false},"featured_media":6750,"comment_status":"open","ping_status":"closed","template":"","meta":{"_seopress_robots_primary_cat":"none","_seopress_titles_title":"%%post_title%% %%sitetitle%% %%sep%%","_seopress_titles_desc":"%%post_excerpt%%","_seopress_robots_index":"","_seopress_analysis_target_kw":""},"product_brand":[],"product_cat":[33],"product_tag":[184],"class_list":{"0":"post-6749","1":"product","2":"type-product","3":"status-publish","4":"has-post-thumbnail","6":"product_cat-metal-zipper","7":"product_tag-large","9":"first","10":"instock","11":"shipping-taxable","12":"product-type-simple"},"_links":{"self":[{"href":"https:\/\/zipper-factory.com\/es\/wp-json\/wp\/v2\/product\/6749","targetHints":{"allow":["GET"]}}],"collection":[{"href":"https:\/\/zipper-factory.com\/es\/wp-json\/wp\/v2\/product"}],"about":[{"href":"https:\/\/zipper-factory.com\/es\/wp-json\/wp\/v2\/types\/product"}],"replies":[{"embeddable":true,"href":"https:\/\/zipper-factory.com\/es\/wp-json\/wp\/v2\/comments?post=6749"}],"wp:featuredmedia":[{"embeddable":true,"href":"https:\/\/zipper-factory.com\/es\/wp-json\/wp\/v2\/media\/6750"}],"wp:attachment":[{"href":"https:\/\/zipper-factory.com\/es\/wp-json\/wp\/v2\/media?parent=6749"}],"wp:term":[{"taxonomy":"product_brand","embeddable":true,"href":"https:\/\/zipper-factory.com\/es\/wp-json\/wp\/v2\/product_brand?post=6749"},{"taxonomy":"product_cat","embeddable":true,"href":"https:\/\/zipper-factory.com\/es\/wp-json\/wp\/v2\/product_cat?post=6749"},{"taxonomy":"product_tag","embeddable":true,"href":"https:\/\/zipper-factory.com\/es\/wp-json\/wp\/v2\/product_tag?post=6749"}],"curies":[{"name":"wp","href":"https:\/\/api.w.org\/{rel}","templated":true}]}}