{"id":6779,"date":"2024-01-15T15:45:27","date_gmt":"2024-01-15T07:45:27","guid":{"rendered":"https:\/\/zipper-factory.com\/?post_type=product&#038;p=6779"},"modified":"2024-03-11T14:10:46","modified_gmt":"2024-03-11T06:10:46","slug":"thin-tooth-metal-zipper","status":"publish","type":"product","link":"https:\/\/zipper-factory.com\/es\/producto\/thin-tooth-metal-zipper\/","title":{"rendered":"Cremallera met\u00e1lica de dientes finos"},"content":{"rendered":"<p>Una cremallera met\u00e1lica de dientes finos es una soluci\u00f3n de cierre vers\u00e1til y duradera, com\u00fanmente utilizada en diversos productos. Fabricada con materiales met\u00e1licos de alta calidad, esta cremallera ofrece un aspecto elegante y refinado, adem\u00e1s de una excelente funcionalidad.<\/p>\n<p>Una de las caracter\u00edsticas clave de una cremallera met\u00e1lica de dientes finos es su perfil delgado. Los dientes m\u00e1s peque\u00f1os le otorgan una apariencia m\u00e1s discreta, lo que la hace ideal para prendas y accesorios donde una cremallera voluminosa ser\u00eda indeseable. Ya sea un vestido, un bolso o una cartera, esta cremallera se integra a la perfecci\u00f3n y realza la est\u00e9tica general del producto.<\/p>\n<p>Adem\u00e1s de su elegante dise\u00f1o, una cremallera met\u00e1lica de dientes finos ofrece una resistencia y durabilidad excepcionales. Los dientes met\u00e1licos son menos propensos a romperse o da\u00f1arse, lo que garantiza que la cremallera resista el uso frecuente sin comprometer su funcionalidad. Esto la convierte en una excelente opci\u00f3n para art\u00edculos que requieren una soluci\u00f3n de cierre fiable y duradera.<\/p>\n<p>Adem\u00e1s, una cremallera met\u00e1lica de dientes finos proporciona un deslizamiento suave y sin esfuerzo. Los dientes met\u00e1licos se entrelazan de forma segura, lo que facilita la apertura y el cierre. Esto garantiza una experiencia sin complicaciones para el usuario y aumenta la comodidad general del producto.<\/p>\n<p>Ya seas dise\u00f1ador de moda, sastre o aficionado al bricolaje, una cremallera met\u00e1lica de dientes finos es una opci\u00f3n vers\u00e1til y fiable. Su perfil delgado, su resistencia y su suave funcionamiento la convierten en una excelente opci\u00f3n para una amplia gama de aplicaciones. Elige una cremallera met\u00e1lica de dientes finos para tu pr\u00f3ximo proyecto y disfruta de la combinaci\u00f3n perfecta de estilo y funcionalidad.<\/p>","protected":false},"excerpt":{"rendered":"<p title=\"Cremallera met\u00e1lica de dientes finos, de dos v\u00edas, lisa, para esquinas de carteras y maletines de cuero.\" data-spm-anchor-id=\"a2700.details.0.i69.73811033vRW8ZC\">Cremallera met\u00e1lica de dientes finos, de dos v\u00edas, lisa, para esquinas de carteras y maletines de cuero.<\/p>","protected":false},"featured_media":6783,"comment_status":"open","ping_status":"closed","template":"","meta":{"_seopress_robots_primary_cat":"none","_seopress_titles_title":"%%post_title%% %%sitetitle%% %%sep%%","_seopress_titles_desc":"%%post_excerpt%%","_seopress_robots_index":""},"product_brand":[],"product_cat":[33],"product_tag":[185],"class_list":{"0":"post-6779","1":"product","2":"type-product","3":"status-publish","4":"has-post-thumbnail","6":"product_cat-metal-zipper","7":"product_tag-thin","9":"first","10":"instock","11":"shipping-taxable","12":"product-type-simple"},"_links":{"self":[{"href":"https:\/\/zipper-factory.com\/es\/wp-json\/wp\/v2\/product\/6779","targetHints":{"allow":["GET"]}}],"collection":[{"href":"https:\/\/zipper-factory.com\/es\/wp-json\/wp\/v2\/product"}],"about":[{"href":"https:\/\/zipper-factory.com\/es\/wp-json\/wp\/v2\/types\/product"}],"replies":[{"embeddable":true,"href":"https:\/\/zipper-factory.com\/es\/wp-json\/wp\/v2\/comments?post=6779"}],"wp:featuredmedia":[{"embeddable":true,"href":"https:\/\/zipper-factory.com\/es\/wp-json\/wp\/v2\/media\/6783"}],"wp:attachment":[{"href":"https:\/\/zipper-factory.com\/es\/wp-json\/wp\/v2\/media?parent=6779"}],"wp:term":[{"taxonomy":"product_brand","embeddable":true,"href":"https:\/\/zipper-factory.com\/es\/wp-json\/wp\/v2\/product_brand?post=6779"},{"taxonomy":"product_cat","embeddable":true,"href":"https:\/\/zipper-factory.com\/es\/wp-json\/wp\/v2\/product_cat?post=6779"},{"taxonomy":"product_tag","embeddable":true,"href":"https:\/\/zipper-factory.com\/es\/wp-json\/wp\/v2\/product_tag?post=6779"}],"curies":[{"name":"wp","href":"https:\/\/api.w.org\/{rel}","templated":true}]}}