{"id":6794,"date":"2024-03-01T16:50:50","date_gmt":"2024-03-01T08:50:50","guid":{"rendered":"https:\/\/zipper-factory.com\/?post_type=product&#038;p=6794"},"modified":"2024-03-11T14:58:52","modified_gmt":"2024-03-11T06:58:52","slug":"4-in-1-all-process-zipper-making-machine","status":"publish","type":"product","link":"https:\/\/zipper-factory.com\/es\/producto\/4-in-1-all-process-zipper-making-machine\/","title":{"rendered":"M\u00e1quina para fabricar cremalleras 4 en 1 con todos los procesos"},"content":{"rendered":"<p>Presentamos la revolucionaria m\u00e1quina 4 en 1 para fabricar cremalleras: la soluci\u00f3n definitiva para todas sus necesidades de producci\u00f3n. Esta m\u00e1quina de vanguardia combina cuatro procesos esenciales en uno, optimizando su l\u00ednea de producci\u00f3n y ahorr\u00e1ndole tiempo y dinero.<\/p>\n<p>Con la m\u00e1quina para fabricar cremalleras 4 en 1, podr\u00e1 crear cremalleras de alta calidad con precisi\u00f3n y eficiencia. Ya sea que produzca cremalleras para ropa, bolsos o accesorios, esta m\u00e1quina le ayudar\u00e1.<\/p>\n<p>Entonces, \u00bfqu\u00e9 distingue a esta m\u00e1quina del resto? Analicemos sus caracter\u00edsticas con m\u00e1s detalle:<\/p>\n<ul>\n<li><strong>Alimentaci\u00f3n de cinta con cremallera:<\/strong> La m\u00e1quina est\u00e1 equipada con un alimentador de \u00faltima generaci\u00f3n que garantiza una alimentaci\u00f3n de cinta suave y constante, minimizando cualquier posibilidad de errores o atascos.<\/li>\n<li><strong>Inserci\u00f3n de los dientes:<\/strong> \u00a1Dile adi\u00f3s a la inserci\u00f3n manual de dientes! Esta m\u00e1quina automatiza el proceso, garantizando una colocaci\u00f3n precisa y uniforme de los dientes en todo momento.<\/li>\n<li><strong>Instalaci\u00f3n del control deslizante:<\/strong> Instalar deslizadores nunca ha sido tan f\u00e1cil. La m\u00e1quina los fija f\u00e1cilmente a la cinta de la cremallera, garantizando un ajuste seguro e impecable.<\/li>\n<li><strong>Corte y sellado:<\/strong> Por \u00faltimo, la m\u00e1quina corta y sella las cremalleras, d\u00e1ndoles un acabado profesional y evitando que se deshilachen o deshagan.<\/li>\n<\/ul>\n<p>Con su interfaz intuitiva y controles intuitivos, la m\u00e1quina 4 en 1 para fabricar cremalleras es perfecta tanto para profesionales con experiencia como para principiantes. Su dise\u00f1o compacto facilita su instalaci\u00f3n en cualquier espacio de producci\u00f3n.<\/p>\n<p>Actualice su l\u00ednea de producci\u00f3n de cremalleras con la m\u00e1quina 4 en 1 para fabricar cremalleras de todo proceso y disfrute de su comodidad, eficiencia y calidad. \u00a1Compre la suya hoy mismo y revolucione su proceso de producci\u00f3n de cremalleras!<\/p>","protected":false},"excerpt":{"rendered":"<p title=\"M\u00e1quina autom\u00e1tica para fabricar cremalleras de extremo cerrado, 4 en 1, para todo tipo de procesos, adecuada para cremalleras de nailon, pl\u00e1stico y metal.\">M\u00e1quina autom\u00e1tica para fabricar cremalleras de extremo cerrado, 4 en 1, para todo tipo de procesos, adecuada para cremalleras de nailon, pl\u00e1stico y metal.<\/p>\n<p title=\"M\u00e1quina autom\u00e1tica para fabricar cremalleras de extremo cerrado, 4 en 1, para todo tipo de procesos, adecuada para cremalleras de nailon, pl\u00e1stico y metal.\">El producto es una m\u00e1quina del modelo HJM-400MA-W con un voltaje de trabajo de 220 V CA y una potencia de 2,5 kW. La producci\u00f3n promedio por hora es de 3500 art\u00edculos de 20 cm de longitud. La m\u00e1quina pesa 850 kg netos y mide 420 cm x 73 cm x 160 cm. Las especificaciones aplicables son 3#N\/M\/D, 4#N(M)D, 5#(N)M(D) y 8#(N\/M)\/D.<\/p>","protected":false},"featured_media":6796,"comment_status":"open","ping_status":"closed","template":"","meta":{"_seopress_robots_primary_cat":"none","_seopress_titles_title":"%%post_title%% %%sitetitle%% %%sep%%","_seopress_titles_desc":"%%post_excerpt%%","_seopress_robots_index":""},"product_brand":[],"product_cat":[186],"product_tag":[],"class_list":{"0":"post-6794","1":"product","2":"type-product","3":"status-publish","4":"has-post-thumbnail","6":"product_cat-zipper-machine","8":"first","9":"instock","10":"shipping-taxable","11":"product-type-simple"},"_links":{"self":[{"href":"https:\/\/zipper-factory.com\/es\/wp-json\/wp\/v2\/product\/6794","targetHints":{"allow":["GET"]}}],"collection":[{"href":"https:\/\/zipper-factory.com\/es\/wp-json\/wp\/v2\/product"}],"about":[{"href":"https:\/\/zipper-factory.com\/es\/wp-json\/wp\/v2\/types\/product"}],"replies":[{"embeddable":true,"href":"https:\/\/zipper-factory.com\/es\/wp-json\/wp\/v2\/comments?post=6794"}],"wp:featuredmedia":[{"embeddable":true,"href":"https:\/\/zipper-factory.com\/es\/wp-json\/wp\/v2\/media\/6796"}],"wp:attachment":[{"href":"https:\/\/zipper-factory.com\/es\/wp-json\/wp\/v2\/media?parent=6794"}],"wp:term":[{"taxonomy":"product_brand","embeddable":true,"href":"https:\/\/zipper-factory.com\/es\/wp-json\/wp\/v2\/product_brand?post=6794"},{"taxonomy":"product_cat","embeddable":true,"href":"https:\/\/zipper-factory.com\/es\/wp-json\/wp\/v2\/product_cat?post=6794"},{"taxonomy":"product_tag","embeddable":true,"href":"https:\/\/zipper-factory.com\/es\/wp-json\/wp\/v2\/product_tag?post=6794"}],"curies":[{"name":"wp","href":"https:\/\/api.w.org\/{rel}","templated":true}]}}