{"id":6802,"date":"2024-03-11T14:32:45","date_gmt":"2024-03-11T06:32:45","guid":{"rendered":"https:\/\/zipper-factory.com\/?post_type=product&#038;p=6802"},"modified":"2024-03-11T14:53:37","modified_gmt":"2024-03-11T06:53:37","slug":"install-zipper-pinbox-machine","status":"publish","type":"product","link":"https:\/\/zipper-factory.com\/es\/producto\/install-zipper-pinbox-machine\/","title":{"rendered":"Instalaci\u00f3n de la m\u00e1quina de cierre con pasador y caja"},"content":{"rendered":"<div>\n<h2>Pasador de cremallera de instalaci\u00f3n totalmente autom\u00e1tica<\/h2>\n<p>El pasador de cremallera de instalaci\u00f3n totalmente autom\u00e1tica es una soluci\u00f3n eficiente y de alta calidad para fijar cremalleras a diversos tejidos y materiales. Dise\u00f1ada para uso industrial, esta innovadora herramienta ofrece un proceso de instalaci\u00f3n preciso y sin complicaciones.<\/p>\n<h3>F\u00e1cil de usar<\/h3>\n<p>Con su funcionamiento totalmente autom\u00e1tico, este pasador para cremalleras requiere un m\u00ednimo esfuerzo por parte del usuario. Simplemente coloque el pasador sobre la tela, presione el bot\u00f3n y deje que la m\u00e1quina haga el resto. Su dise\u00f1o intuitivo garantiza una instalaci\u00f3n r\u00e1pida y sencilla, ahorr\u00e1ndole tiempo y esfuerzo.<\/p>\n<h3>R\u00e1pido y confiable<\/h3>\n<p>Equipado con tecnolog\u00eda avanzada, este pasador para cremalleras garantiza instalaciones r\u00e1pidas y fiables. Su eficiente motor y su preciso mecanismo garantizan una fijaci\u00f3n segura de cada cremallera, ofreciendo un resultado duradero y resistente.<\/p>\n<h3>Durable y vers\u00e1til<\/h3>\n<p>Fabricado con materiales de alta calidad, este pasador para cremallera est\u00e1 dise\u00f1ado para soportar un uso intensivo en entornos industriales. Su dise\u00f1o robusto garantiza durabilidad y longevidad, lo que lo convierte en una herramienta fiable para una amplia gama de aplicaciones.<\/p>\n<h3>Seguro y f\u00e1cil de usar<\/h3>\n<p>El pasador de cremallera de instalaci\u00f3n totalmente autom\u00e1tica prioriza la seguridad y la comodidad del usuario. Incorpora mecanismos de seguridad para prevenir lesiones accidentales y est\u00e1 dise\u00f1ado pensando en la ergonom\u00eda, garantizando una experiencia c\u00f3moda y sencilla.<\/p>\n<h3>Mejorar la eficiencia<\/h3>\n<p>Al automatizar el proceso de instalaci\u00f3n de cremalleras, este pasador mejora significativamente la eficiencia de la producci\u00f3n. Elimina la necesidad de mano de obra, lo que reduce el riesgo de errores y aumenta la productividad.<\/p>\n<p>Ya sea que trabaje en la industria textil o participe en diversos proyectos de costura, el pasador de cremallera de instalaci\u00f3n totalmente autom\u00e1tica es una herramienta esencial que agiliza el proceso de instalaci\u00f3n de cremalleras. Invierta en esta soluci\u00f3n confiable y eficiente para mejorar su productividad y lograr resultados profesionales.<\/p>\n<\/div>","protected":false},"excerpt":{"rendered":"<p title=\"Sistema de control de programa de m\u00e1quina de pasador y caja de cremallera de instalaci\u00f3n completamente autom\u00e1tica M\u00e1quina de pasador y caja Matic adecuada para cremalleras de extremo abierto\" data-spm-anchor-id=\"a2700.details.0.i0.449330a61okr1x\">Sistema de control de programa de m\u00e1quina de pasador y caja de cremallera de instalaci\u00f3n completamente autom\u00e1tica M\u00e1quina de pasador y caja Matic adecuada para cremalleras de extremo abierto<\/p>\n<p title=\"Sistema de control de programa de m\u00e1quina de pasador y caja de cremallera de instalaci\u00f3n completamente autom\u00e1tica M\u00e1quina de pasador y caja Matic adecuada para cremalleras de extremo abierto\" data-spm-anchor-id=\"a2700.details.0.i0.449330a61okr1x\">El producto es una m\u00e1quina del modelo HJM-112A con un voltaje de trabajo de 220 VCA y una potencia de 0,5 KW. La producci\u00f3n promedio por hora fue de 1.200 piezas por 50 cm. El peso neto de la m\u00e1quina es de 200 kg y las dimensiones son 75 cm x 75 cm x 165 cm. Las especificaciones aplicables incluyen 3#N\/M, 4#N\/M, 5#N &amp; M, 7#N + M, 8# N &amp; M y 10# N\/M.<\/p>","protected":false},"featured_media":6804,"comment_status":"open","ping_status":"closed","template":"","meta":{"_seopress_robots_primary_cat":"none","_seopress_titles_title":"%%post_title%% %%sitetitle%% %%sep%%","_seopress_titles_desc":"%%post_excerpt%%","_seopress_robots_index":""},"product_brand":[],"product_cat":[186],"product_tag":[],"class_list":{"0":"post-6802","1":"product","2":"type-product","3":"status-publish","4":"has-post-thumbnail","6":"product_cat-zipper-machine","8":"first","9":"instock","10":"shipping-taxable","11":"product-type-simple"},"_links":{"self":[{"href":"https:\/\/zipper-factory.com\/es\/wp-json\/wp\/v2\/product\/6802","targetHints":{"allow":["GET"]}}],"collection":[{"href":"https:\/\/zipper-factory.com\/es\/wp-json\/wp\/v2\/product"}],"about":[{"href":"https:\/\/zipper-factory.com\/es\/wp-json\/wp\/v2\/types\/product"}],"replies":[{"embeddable":true,"href":"https:\/\/zipper-factory.com\/es\/wp-json\/wp\/v2\/comments?post=6802"}],"wp:featuredmedia":[{"embeddable":true,"href":"https:\/\/zipper-factory.com\/es\/wp-json\/wp\/v2\/media\/6804"}],"wp:attachment":[{"href":"https:\/\/zipper-factory.com\/es\/wp-json\/wp\/v2\/media?parent=6802"}],"wp:term":[{"taxonomy":"product_brand","embeddable":true,"href":"https:\/\/zipper-factory.com\/es\/wp-json\/wp\/v2\/product_brand?post=6802"},{"taxonomy":"product_cat","embeddable":true,"href":"https:\/\/zipper-factory.com\/es\/wp-json\/wp\/v2\/product_cat?post=6802"},{"taxonomy":"product_tag","embeddable":true,"href":"https:\/\/zipper-factory.com\/es\/wp-json\/wp\/v2\/product_tag?post=6802"}],"curies":[{"name":"wp","href":"https:\/\/api.w.org\/{rel}","templated":true}]}}