{"id":6807,"date":"2024-03-11T14:41:31","date_gmt":"2024-03-11T06:41:31","guid":{"rendered":"https:\/\/zipper-factory.com\/?post_type=product&#038;p=6807"},"modified":"2024-03-11T15:33:58","modified_gmt":"2024-03-11T07:33:58","slug":"metal-zipper-europe-type-top-stopper-machine","status":"publish","type":"product","link":"https:\/\/zipper-factory.com\/es\/producto\/metal-zipper-europe-type-top-stopper-machine\/","title":{"rendered":"M\u00e1quina para cierres de cremallera met\u00e1lica tipo U con tope superior"},"content":{"rendered":"<div>\n<h2>Descripci\u00f3n<\/h2>\n<p>La m\u00e1quina instaladora de topes superiores tipo U para cremalleras met\u00e1licas es una m\u00e1quina de alta calidad y eficiencia, dise\u00f1ada para instalar topes superiores en cremalleras met\u00e1licas. Es una herramienta esencial para fabricantes de la industria textil y de la confecci\u00f3n que requieren una instalaci\u00f3n precisa y fiable de topes superiores en sus cremalleras met\u00e1licas.<\/p>\n<h2>Caracter\u00edsticas<\/h2>\n<ul>\n<li>F\u00e1cil de operar: La m\u00e1quina es f\u00e1cil de usar y puede ser operada tanto por trabajadores calificados como no calificados.<\/li>\n<li>Instalaci\u00f3n de precisi\u00f3n: con su tecnolog\u00eda avanzada, la m\u00e1quina garantiza una colocaci\u00f3n precisa y constante del tope superior en cada cremallera de metal.<\/li>\n<li>Alta productividad: La m\u00e1quina est\u00e1 dise\u00f1ada para funcionar a alta velocidad, lo que permite a los fabricantes cumplir con plazos de producci\u00f3n ajustados.<\/li>\n<li>Durabilidad: Construida con materiales resistentes, la m\u00e1quina est\u00e1 dise\u00f1ada para soportar un uso continuo en un entorno de producci\u00f3n exigente.<\/li>\n<li>Versatilidad: La m\u00e1quina es compatible con una amplia gama de cremalleras met\u00e1licas, lo que la hace adecuada para diversas aplicaciones textiles y de prendas de vestir.<\/li>\n<\/ul>\n<h2>Beneficios<\/h2>\n<ul>\n<li>Eficiencia mejorada: La m\u00e1quina agiliza el proceso de instalaci\u00f3n del tope superior, reduciendo el trabajo manual y aumentando la productividad.<\/li>\n<li>Calidad constante: la instalaci\u00f3n precisa garantiza que cada cremallera de metal cumpla con los est\u00e1ndares deseados, lo que resulta en una mayor satisfacci\u00f3n del cliente.<\/li>\n<li>Rentable: al automatizar la instalaci\u00f3n del tap\u00f3n superior, los fabricantes pueden ahorrar en costos de mano de obra y minimizar errores.<\/li>\n<li>Ahorro de tiempo: el funcionamiento de alta velocidad de la m\u00e1quina permite una producci\u00f3n m\u00e1s r\u00e1pida, lo que permite a los fabricantes cumplir con los pedidos de manera oportuna.<\/li>\n<\/ul>\n<h2>Conclusi\u00f3n<\/h2>\n<p>La m\u00e1quina instaladora de topes superiores tipo U para cremalleras met\u00e1licas es una herramienta indispensable para fabricantes de prendas y textiles que requieren una instalaci\u00f3n eficiente y precisa de topes superiores en cremalleras met\u00e1licas. Gracias a su f\u00e1cil manejo, alta productividad y construcci\u00f3n robusta, esta m\u00e1quina ofrece numerosas ventajas, como mayor eficiencia, calidad constante, ahorro de costos y ahorro de tiempo. Invierta en esta m\u00e1quina para optimizar su proceso de producci\u00f3n y satisfacer las necesidades de sus clientes.<\/p>\n<\/div>","protected":false},"excerpt":{"rendered":"<p title=\"M\u00e1quina de cierre superior de cremallera met\u00e1lica totalmente autom\u00e1tica, tipo europeo, para cierre superior de part\u00edculas, adecuada para cremalleras con acabado met\u00e1lico.\" data-spm-anchor-id=\"a2700.details.0.i57.38fe70e2zWL7bQ\">M\u00e1quina de cierre superior de cremallera met\u00e1lica totalmente autom\u00e1tica, tipo U, para cierre superior de part\u00edculas, adecuada para cremalleras con acabado met\u00e1lico.<\/p>\n<p title=\"M\u00e1quina de cierre superior de cremallera met\u00e1lica totalmente autom\u00e1tica, tipo europeo, para cierre superior de part\u00edculas, adecuada para cremalleras con acabado met\u00e1lico.\" data-spm-anchor-id=\"a2700.details.0.i57.38fe70e2zWL7bQ\">El producto es una m\u00e1quina del modelo HJM-104MA, compatible con 220 V CA y con una potencia de 0,5 kW. La producci\u00f3n promedio por hora es de 2800 piezas\/piezas de 20 cm. La m\u00e1quina pesa 120 kg y mide 85 cm x 60 cm x 165 cm.<\/p>","protected":false},"featured_media":6823,"comment_status":"open","ping_status":"closed","template":"","meta":{"_seopress_robots_primary_cat":"none","_seopress_titles_title":"%%post_title%% %%sitetitle%% %%sep%%","_seopress_titles_desc":"%%post_excerpt%%","_seopress_robots_index":""},"product_brand":[],"product_cat":[186],"product_tag":[],"class_list":{"0":"post-6807","1":"product","2":"type-product","3":"status-publish","4":"has-post-thumbnail","6":"product_cat-zipper-machine","8":"first","9":"instock","10":"shipping-taxable","11":"product-type-simple"},"_links":{"self":[{"href":"https:\/\/zipper-factory.com\/es\/wp-json\/wp\/v2\/product\/6807","targetHints":{"allow":["GET"]}}],"collection":[{"href":"https:\/\/zipper-factory.com\/es\/wp-json\/wp\/v2\/product"}],"about":[{"href":"https:\/\/zipper-factory.com\/es\/wp-json\/wp\/v2\/types\/product"}],"replies":[{"embeddable":true,"href":"https:\/\/zipper-factory.com\/es\/wp-json\/wp\/v2\/comments?post=6807"}],"wp:featuredmedia":[{"embeddable":true,"href":"https:\/\/zipper-factory.com\/es\/wp-json\/wp\/v2\/media\/6823"}],"wp:attachment":[{"href":"https:\/\/zipper-factory.com\/es\/wp-json\/wp\/v2\/media?parent=6807"}],"wp:term":[{"taxonomy":"product_brand","embeddable":true,"href":"https:\/\/zipper-factory.com\/es\/wp-json\/wp\/v2\/product_brand?post=6807"},{"taxonomy":"product_cat","embeddable":true,"href":"https:\/\/zipper-factory.com\/es\/wp-json\/wp\/v2\/product_cat?post=6807"},{"taxonomy":"product_tag","embeddable":true,"href":"https:\/\/zipper-factory.com\/es\/wp-json\/wp\/v2\/product_tag?post=6807"}],"curies":[{"name":"wp","href":"https:\/\/api.w.org\/{rel}","templated":true}]}}