{"id":6811,"date":"2024-03-11T15:08:29","date_gmt":"2024-03-11T07:08:29","guid":{"rendered":"https:\/\/zipper-factory.com\/?post_type=product&#038;p=6811"},"modified":"2024-03-11T15:12:16","modified_gmt":"2024-03-11T07:12:16","slug":"nylon-zipper-top-stopper-machine","status":"publish","type":"product","link":"https:\/\/zipper-factory.com\/es\/producto\/nylon-zipper-top-stopper-machine\/","title":{"rendered":"M\u00e1quina para tapones superiores de cremalleras de nailon"},"content":{"rendered":"<p>Presentamos nuestra m\u00e1quina de vanguardia para la instalaci\u00f3n de topes superiores en cremalleras de nailon, dise\u00f1ada para optimizar el proceso de instalaci\u00f3n y garantizar una calidad impecable en cada cremallera producida. Esta innovadora m\u00e1quina revoluciona el sector textil, ya que proporciona una instalaci\u00f3n eficiente y precisa de topes superiores para cremalleras de nailon.<\/p>\n<p>Con su tecnolog\u00eda avanzada y su interfaz intuitiva, nuestra m\u00e1quina de instalaci\u00f3n de topes superiores para cremalleras de nailon ofrece un rendimiento y una fiabilidad inigualables. Est\u00e1 equipada con caracter\u00edsticas de vanguardia que permiten un funcionamiento impecable, lo que la convierte en el complemento perfecto para cualquier l\u00ednea de producci\u00f3n.<\/p>\n<p>Una de las caracter\u00edsticas clave de nuestra m\u00e1quina es su versatilidad. Es compatible con una amplia gama de cremalleras de nailon, de diferentes tama\u00f1os y estilos. Ya sea que necesite instalar topes superiores en cremalleras para prendas, bolsos o accesorios, nuestra m\u00e1quina lo hace todo con facilidad.<\/p>\n<p>Nuestra m\u00e1quina para instalar topes superiores en cremalleras de nailon est\u00e1 dise\u00f1ada para ofrecer precisi\u00f3n y eficiencia. Garantiza una colocaci\u00f3n uniforme de los topes superiores, eliminando cualquier margen de error. Esto da como resultado un acabado impecable y mejora la calidad general de la cremallera, cumpliendo con los m\u00e1s altos est\u00e1ndares de la industria.<\/p>\n<p>Adem\u00e1s, nuestra m\u00e1quina est\u00e1 dise\u00f1ada para durar. Est\u00e1 fabricada con materiales duraderos e incorpora componentes robustos, lo que garantiza un rendimiento duradero y un mantenimiento m\u00ednimo. Su dise\u00f1o ergon\u00f3mico tambi\u00e9n promueve la comodidad y la seguridad del operador, reduciendo el riesgo de fatiga o accidentes.<\/p>\n<p>Invertir en nuestra m\u00e1quina de instalaci\u00f3n de topes superiores para cremalleras de nailon no solo optimizar\u00e1 su proceso de producci\u00f3n, sino que tambi\u00e9n mejorar\u00e1 la calidad general de sus cremalleras. Mant\u00e9ngase a la vanguardia de la competencia con esta tecnolog\u00eda de vanguardia que garantiza precisi\u00f3n, eficiencia y durabilidad.<\/p>","protected":false},"excerpt":{"rendered":"<p title=\"M\u00e1quina de cierre superior ultras\u00f3nica tipo U para cremalleras de nailon totalmente autom\u00e1tica, adecuada para cremalleras con acabado de nailon.\" data-spm-anchor-id=\"a2700.details.0.i48.451d48b93Hj6r5\">M\u00e1quina de cierre superior ultras\u00f3nica tipo U para cremalleras de nailon totalmente autom\u00e1tica, adecuada para cremalleras con acabado de nailon.<\/p>\n<p title=\"M\u00e1quina de cierre superior de cremallera met\u00e1lica totalmente autom\u00e1tica, tipo europeo, para cierre superior de part\u00edculas, adecuada para cremalleras con acabado met\u00e1lico.\" data-spm-anchor-id=\"a2700.details.0.i57.38fe70e2zWL7bQ\">El producto es una m\u00e1quina del modelo HJM-104NA-U, compatible con voltaje de 220 V CA y con una potencia de 1,2 kW. Produce un promedio de 1200 rollos de 50 cm por hora, con un peso neto de 200 kg y unas dimensiones de 75 cm x 80 cm x 176 cm. Es compatible con productos con especificaciones 3#N, 4#N y 5#N.<\/p>","protected":false},"featured_media":6812,"comment_status":"open","ping_status":"closed","template":"","meta":{"_seopress_robots_primary_cat":"none","_seopress_titles_title":"%%post_title%% %%sitetitle%% %%sep%%","_seopress_titles_desc":"%%post_excerpt%%","_seopress_robots_index":""},"product_brand":[],"product_cat":[186],"product_tag":[],"class_list":{"0":"post-6811","1":"product","2":"type-product","3":"status-publish","4":"has-post-thumbnail","6":"product_cat-zipper-machine","8":"first","9":"instock","10":"shipping-taxable","11":"product-type-simple"},"_links":{"self":[{"href":"https:\/\/zipper-factory.com\/es\/wp-json\/wp\/v2\/product\/6811","targetHints":{"allow":["GET"]}}],"collection":[{"href":"https:\/\/zipper-factory.com\/es\/wp-json\/wp\/v2\/product"}],"about":[{"href":"https:\/\/zipper-factory.com\/es\/wp-json\/wp\/v2\/types\/product"}],"replies":[{"embeddable":true,"href":"https:\/\/zipper-factory.com\/es\/wp-json\/wp\/v2\/comments?post=6811"}],"wp:featuredmedia":[{"embeddable":true,"href":"https:\/\/zipper-factory.com\/es\/wp-json\/wp\/v2\/media\/6812"}],"wp:attachment":[{"href":"https:\/\/zipper-factory.com\/es\/wp-json\/wp\/v2\/media?parent=6811"}],"wp:term":[{"taxonomy":"product_brand","embeddable":true,"href":"https:\/\/zipper-factory.com\/es\/wp-json\/wp\/v2\/product_brand?post=6811"},{"taxonomy":"product_cat","embeddable":true,"href":"https:\/\/zipper-factory.com\/es\/wp-json\/wp\/v2\/product_cat?post=6811"},{"taxonomy":"product_tag","embeddable":true,"href":"https:\/\/zipper-factory.com\/es\/wp-json\/wp\/v2\/product_tag?post=6811"}],"curies":[{"name":"wp","href":"https:\/\/api.w.org\/{rel}","templated":true}]}}