{"id":6813,"date":"2024-03-11T15:13:07","date_gmt":"2024-03-11T07:13:07","guid":{"rendered":"https:\/\/zipper-factory.com\/?post_type=product&#038;p=6813"},"modified":"2024-03-11T15:21:32","modified_gmt":"2024-03-11T07:21:32","slug":"free-zipper-tooth-machine","status":"publish","type":"product","link":"https:\/\/zipper-factory.com\/es\/producto\/free-zipper-tooth-machine\/","title":{"rendered":"M\u00e1quina para quitar dientes de cremalleras de nailon"},"content":{"rendered":"<div>\n<h2>M\u00e1quina para quitar dientes de cremalleras de nailon<\/h2>\n<p>La m\u00e1quina para quitar dientes de cremalleras de nailon es una herramienta de alta calidad dise\u00f1ada para retirar eficazmente los dientes de cremallera da\u00f1ados o no deseados de prendas y accesorios. Esta innovadora m\u00e1quina es imprescindible para sastres, costureras y cualquier persona que trabaje con cremalleras.<\/p>\n<h3>Eficiente y f\u00e1cil de usar<\/h3>\n<p>Esta m\u00e1quina est\u00e1 dise\u00f1ada para retirar los dientes de las cremalleras de forma r\u00e1pida y sencilla. Su dise\u00f1o ergon\u00f3mico facilita su manejo y control preciso, garantizando una extracci\u00f3n precisa sin da\u00f1ar la tela. Simplemente coloque la prenda o el accesorio en la plataforma de la m\u00e1quina, alinee el diente de la cremallera con el \u00e1rea designada y active la m\u00e1quina. El diente se retirar\u00e1 de forma segura y eficiente, dejando una cremallera limpia y lisa.<\/p>\n<h3>Durable y confiable<\/h3>\n<p>La m\u00e1quina para quitar dientes de cremalleras de nailon est\u00e1 dise\u00f1ada para durar. Est\u00e1 fabricada con materiales de alta calidad que soportan el uso frecuente y ofrecen un rendimiento duradero. Su robusta construcci\u00f3n garantiza estabilidad y durabilidad, lo que la convierte en una herramienta confiable para uso profesional.<\/p>\n<h3>Vers\u00e1til y conveniente<\/h3>\n<p>Se puede usar en una amplia gama de prendas y accesorios, como chaquetas, pantalones, vestidos, bolsos y m\u00e1s. Su tama\u00f1o compacto y dise\u00f1o ligero facilitan su transporte y almacenamiento, convirti\u00e9ndola en una herramienta vers\u00e1til para profesionales en constante movimiento.<\/p>\n<h3>Mejore su eficiencia laboral<\/h3>\n<p>La m\u00e1quina para quitar dientes de cremalleras de nailon es una valiosa incorporaci\u00f3n a cualquier taller de costura o sastrer\u00eda. Al retirar eficazmente los dientes de las cremalleras da\u00f1ados o no deseados, le permite reparar y modificar prendas con facilidad, ahorrando tiempo y esfuerzo. Mejore su eficiencia laboral y obtenga resultados de alta calidad con esta m\u00e1quina fiable y f\u00e1cil de usar.<\/p>\n<\/div>","protected":false},"excerpt":{"rendered":"<p title=\"M\u00e1quina de ajuste de dientes totalmente autom\u00e1tica con pantalla t\u00e1ctil CNC para cremalleras con espacio entre dientes, adecuada para cremalleras de nailon, pl\u00e1stico y metal.\" data-spm-anchor-id=\"a2700.details.0.i48.94206966V9d30h\">M\u00e1quina de ajuste de dientes totalmente autom\u00e1tica con pantalla t\u00e1ctil CNC para cremalleras con separaci\u00f3n, adecuada para nailon<\/p>\n<p title=\"M\u00e1quina de cierre superior de cremallera met\u00e1lica totalmente autom\u00e1tica, tipo europeo, para cierre superior de part\u00edculas, adecuada para cremalleras con acabado met\u00e1lico.\" data-spm-anchor-id=\"a2700.details.0.i57.38fe70e2zWL7bQ\">El producto es una m\u00e1quina del modelo HJM-100NA, adecuada para voltaje de 220 VCA y potencia de 1,5 KW. Se puede producir un promedio de 3000 productos de 50 cm por hora, con un peso neto de 250 kg. El tama\u00f1o de la m\u00e1quina es de 140 cm x 78 cm x 165 cm. Aplicable a productos de las especificaciones 3#N\/I, 4#N\/I, 5#N &amp; I, 8#N y 10#N.<\/p>","protected":false},"featured_media":6815,"comment_status":"open","ping_status":"closed","template":"","meta":{"_seopress_robots_primary_cat":"none","_seopress_titles_title":"%%post_title%% %%sitetitle%% %%sep%%","_seopress_titles_desc":"%%post_excerpt%%","_seopress_robots_index":""},"product_brand":[],"product_cat":[186],"product_tag":[],"class_list":{"0":"post-6813","1":"product","2":"type-product","3":"status-publish","4":"has-post-thumbnail","6":"product_cat-zipper-machine","8":"first","9":"instock","10":"shipping-taxable","11":"product-type-simple"},"_links":{"self":[{"href":"https:\/\/zipper-factory.com\/es\/wp-json\/wp\/v2\/product\/6813","targetHints":{"allow":["GET"]}}],"collection":[{"href":"https:\/\/zipper-factory.com\/es\/wp-json\/wp\/v2\/product"}],"about":[{"href":"https:\/\/zipper-factory.com\/es\/wp-json\/wp\/v2\/types\/product"}],"replies":[{"embeddable":true,"href":"https:\/\/zipper-factory.com\/es\/wp-json\/wp\/v2\/comments?post=6813"}],"wp:featuredmedia":[{"embeddable":true,"href":"https:\/\/zipper-factory.com\/es\/wp-json\/wp\/v2\/media\/6815"}],"wp:attachment":[{"href":"https:\/\/zipper-factory.com\/es\/wp-json\/wp\/v2\/media?parent=6813"}],"wp:term":[{"taxonomy":"product_brand","embeddable":true,"href":"https:\/\/zipper-factory.com\/es\/wp-json\/wp\/v2\/product_brand?post=6813"},{"taxonomy":"product_cat","embeddable":true,"href":"https:\/\/zipper-factory.com\/es\/wp-json\/wp\/v2\/product_cat?post=6813"},{"taxonomy":"product_tag","embeddable":true,"href":"https:\/\/zipper-factory.com\/es\/wp-json\/wp\/v2\/product_tag?post=6813"}],"curies":[{"name":"wp","href":"https:\/\/api.w.org\/{rel}","templated":true}]}}