{"id":6818,"date":"2024-03-11T15:25:30","date_gmt":"2024-03-11T07:25:30","guid":{"rendered":"https:\/\/zipper-factory.com\/?post_type=product&#038;p=6818"},"modified":"2024-03-11T15:28:32","modified_gmt":"2024-03-11T07:28:32","slug":"remove-resin-zipper-tooth-machine","status":"publish","type":"product","link":"https:\/\/zipper-factory.com\/es\/producto\/remove-resin-zipper-tooth-machine\/","title":{"rendered":"M\u00e1quina para quitar la resina de la cremallera dental"},"content":{"rendered":"<p>Presentamos nuestra m\u00e1quina de dientes de resina para cremalleras de \u00faltima generaci\u00f3n, dise\u00f1ada para revolucionar el proceso de fabricaci\u00f3n de cremalleras. Esta m\u00e1quina de vanguardia ofrece precisi\u00f3n y eficiencia excepcionales, garantizando la producci\u00f3n de cremalleras de resina de alta calidad.<\/p>\n<p>Con su tecnolog\u00eda avanzada y caracter\u00edsticas innovadoras, nuestra m\u00e1quina para dentado de cremalleras de resina garantiza resultados consistentes e impecables. Est\u00e1 equipada con un potente motor y una interfaz intuitiva que facilita su operaci\u00f3n y mantenimiento.<\/p>\n<p>Una de las principales ventajas de nuestra m\u00e1quina para fabricar dientes de resina para cremalleras es su capacidad para producir cremalleras con una resistencia y durabilidad superiores. La m\u00e1quina utiliza materiales de alta calidad y t\u00e9cnicas de fabricaci\u00f3n precisas para crear dientes que resistan el uso diario.<\/p>\n<p>Adem\u00e1s, nuestra m\u00e1quina de dientes de resina para cremalleras ofrece flexibilidad en el dise\u00f1o y la personalizaci\u00f3n de cremalleras. Admite cremalleras de diversos tama\u00f1os y estilos, lo que permite a los fabricantes satisfacer las necesidades espec\u00edficas de sus clientes.<\/p>\n<p>En cuanto a productividad, nuestra m\u00e1quina de dientes de resina para cremalleras destaca. Su eficiente proceso de producci\u00f3n garantiza una alta producci\u00f3n, reduciendo el tiempo y los costos de fabricaci\u00f3n. Esta m\u00e1quina es un activo valioso para cualquier planta de fabricaci\u00f3n de cremalleras, ya que permite a las empresas satisfacer las demandas de sus clientes con eficiencia.<\/p>\n<p>Invertir en nuestra m\u00e1quina de dientes de resina para cremalleras significa invertir en el futuro de su negocio de fabricaci\u00f3n de cremalleras. Experimente una mayor productividad, una calidad superior y una mayor satisfacci\u00f3n del cliente con esta soluci\u00f3n avanzada.<\/p>","protected":false},"excerpt":{"rendered":"<p title=\"M\u00e1quina de ajuste de dientes totalmente autom\u00e1tica con pantalla t\u00e1ctil CNC para cremalleras con espacio entre dientes, adecuada para cremalleras de nailon, pl\u00e1stico y metal.\" data-spm-anchor-id=\"a2700.details.0.i48.94206966V9d30h\">M\u00e1quina autom\u00e1tica para quitar dientes con pantalla t\u00e1ctil CNC, ideal para cremalleras de pl\u00e1stico.<\/p>\n<p title=\"M\u00e1quina de cierre superior de cremallera met\u00e1lica totalmente autom\u00e1tica, tipo europeo, para cierre superior de part\u00edculas, adecuada para cremalleras con acabado met\u00e1lico.\" data-spm-anchor-id=\"a2700.details.0.i57.38fe70e2zWL7bQ\">El producto es una m\u00e1quina modelo HJM-100DA con un voltaje de trabajo de 380 VCA y una potencia de 1,5 KW. Se puede producir un promedio de 2200 productos de 50 cm por hora, con un peso neto de 220 kg. El tama\u00f1o de la m\u00e1quina es de 102 cm x 70 cm x 165 cm. Aplicable a las especificaciones 3#D, 4#D y 5#D, 8#D 10#D 12#D 15#D 20#D.<\/p>","protected":false},"featured_media":6820,"comment_status":"open","ping_status":"closed","template":"","meta":{"_seopress_robots_primary_cat":"none","_seopress_titles_title":"%%post_title%% %%sitetitle%% %%sep%%","_seopress_titles_desc":"%%post_excerpt%%","_seopress_robots_index":""},"product_brand":[],"product_cat":[186],"product_tag":[],"class_list":{"0":"post-6818","1":"product","2":"type-product","3":"status-publish","4":"has-post-thumbnail","6":"product_cat-zipper-machine","8":"first","9":"instock","10":"shipping-taxable","11":"product-type-simple"},"_links":{"self":[{"href":"https:\/\/zipper-factory.com\/es\/wp-json\/wp\/v2\/product\/6818","targetHints":{"allow":["GET"]}}],"collection":[{"href":"https:\/\/zipper-factory.com\/es\/wp-json\/wp\/v2\/product"}],"about":[{"href":"https:\/\/zipper-factory.com\/es\/wp-json\/wp\/v2\/types\/product"}],"replies":[{"embeddable":true,"href":"https:\/\/zipper-factory.com\/es\/wp-json\/wp\/v2\/comments?post=6818"}],"wp:featuredmedia":[{"embeddable":true,"href":"https:\/\/zipper-factory.com\/es\/wp-json\/wp\/v2\/media\/6820"}],"wp:attachment":[{"href":"https:\/\/zipper-factory.com\/es\/wp-json\/wp\/v2\/media?parent=6818"}],"wp:term":[{"taxonomy":"product_brand","embeddable":true,"href":"https:\/\/zipper-factory.com\/es\/wp-json\/wp\/v2\/product_brand?post=6818"},{"taxonomy":"product_cat","embeddable":true,"href":"https:\/\/zipper-factory.com\/es\/wp-json\/wp\/v2\/product_cat?post=6818"},{"taxonomy":"product_tag","embeddable":true,"href":"https:\/\/zipper-factory.com\/es\/wp-json\/wp\/v2\/product_tag?post=6818"}],"curies":[{"name":"wp","href":"https:\/\/api.w.org\/{rel}","templated":true}]}}