{"id":7275,"date":"2024-05-24T13:35:35","date_gmt":"2024-05-24T05:35:35","guid":{"rendered":"https:\/\/zipper-factory.com\/?post_type=product&#038;p=7275"},"modified":"2024-05-24T13:42:54","modified_gmt":"2024-05-24T05:42:54","slug":"custom-color-resin-zipper","status":"publish","type":"product","link":"https:\/\/zipper-factory.com\/es\/producto\/custom-color-resin-zipper\/","title":{"rendered":"Cremallera de resina de color personalizado"},"content":{"rendered":"<h2>Introducci\u00f3n a las cremalleras de resina de color personalizado<\/h2>\n<p>Las cremalleras de resina de color personalizado son una soluci\u00f3n de cierre vers\u00e1til e innovadora, ampliamente adoptada en diversas industrias. A diferencia de las cremalleras tradicionales de metal o pl\u00e1stico, estas se fabrican con resina de alta calidad, un material conocido por su extraordinaria durabilidad y flexibilidad. Esta combinaci\u00f3n de resistencia y adaptabilidad las convierte en la opci\u00f3n ideal para diversas aplicaciones, desde ropa de moda hasta art\u00edculos para actividades al aire libre y textiles para el hogar.<\/p>\n<p>Una de las caracter\u00edsticas m\u00e1s destacadas de las cremalleras de resina de color personalizado es su amplia gama de opciones de personalizaci\u00f3n. Los fabricantes pueden producir estas cremalleras en pr\u00e1cticamente cualquier color, lo que permite a los dise\u00f1adores y desarrolladores de productos combinar o complementar a la perfecci\u00f3n paletas de colores espec\u00edficas. Adem\u00e1s, se pueden aplicar diferentes acabados a las cremalleras de resina, ya sea brillante, mate o texturizado, lo que proporciona una mayor flexibilidad est\u00e9tica.<\/p>\n<p>Los usos principales de las cremalleras de resina de color personalizado abarcan diversas industrias. En el sector de la moda, los dise\u00f1adores valoran la posibilidad de combinar las cremalleras con sus prendas, mejorando as\u00ed la apariencia general del producto final. Los fabricantes de art\u00edculos para actividades al aire libre optan por las cremalleras de resina por su resistencia a factores ambientales como la humedad, los rayos UV y las fluctuaciones de temperatura, lo que garantiza su durabilidad y fiabilidad en condiciones exigentes. Los textiles para el hogar, como cojines, ropa de cama y cortinas, tambi\u00e9n se benefician de estas cremalleras, ya que ofrecen funcionalidad y atractivo visual.<\/p>\n<p>En los \u00faltimos a\u00f1os, la popularidad de las cremalleras de resina de color personalizado ha aumentado, impulsada por sus ventajas pr\u00e1cticas y la creciente demanda de productos personalizados. La industria de la moda, en particular, ha adoptado estas cremalleras por su capacidad para mejorar el dise\u00f1o y la funcionalidad de prendas y accesorios. Mientras tanto, los sectores de textiles para el hogar y el exterior siguen favoreciendo las cremalleras de resina por su gran rendimiento y versatilidad est\u00e9tica.<\/p>\n<p>A medida que aumenta la demanda de productos \u00fanicos y de alta calidad, las cremalleras de resina de color personalizado desempe\u00f1ar\u00e1n un papel cada vez m\u00e1s importante en diversas aplicaciones, ofreciendo una combinaci\u00f3n perfecta de durabilidad, personalizaci\u00f3n y estilo.<\/p>\n<h2>Ventajas y aplicaciones de las cremalleras de resina de color personalizado<\/h2>\n<p>Las cremalleras de resina de color personalizado ofrecen numerosas ventajas que las convierten en una opci\u00f3n popular en diversas industrias. Una de las ventajas m\u00e1s notables es su resistencia a la corrosi\u00f3n. A diferencia de las cremalleras met\u00e1licas, las de resina no se oxidan al exponerse a la humedad ni a condiciones ambientales adversas. Esta caracter\u00edstica las hace ideales para equipos de exterior, como tiendas de campa\u00f1a, mochilas y equipo n\u00e1utico, donde la durabilidad es fundamental.<\/p>\n<p>Otra ventaja significativa es su ligereza. Las cremalleras de resina de color personalizado son considerablemente m\u00e1s ligeras que las de metal, lo que las convierte en una excelente opci\u00f3n para ropa de moda y equipaje. Su peso reducido contribuye a la comodidad y facilidad de uso, especialmente en prendas como chaquetas y ropa deportiva, donde la libertad de movimiento es esencial.<\/p>\n<p>El atractivo est\u00e9tico de las cremalleras de resina de color personalizado es innegable. Estas cremalleras se pueden producir en una amplia gama de colores, lo que permite a los dise\u00f1adores combinarlas o contrastarlas con la tela para lograr un aspecto cohesivo o impactante. Esta versatilidad realza el atractivo visual de los productos, haci\u00e9ndolos m\u00e1s atractivos para los consumidores. En la industria de la moda, esta flexibilidad es invaluable, ya que permite a los dise\u00f1adores crear prendas \u00fanicas y llamativas.<\/p>\n<p>M\u00e1s all\u00e1 de la moda, las cremalleras de resina de colores personalizados se utilizan en la decoraci\u00f3n del hogar. Art\u00edculos como cojines, ropa de cama y cortinas se benefician de la funcionalidad y el estilo adicionales que ofrecen. La posibilidad de elegir colores espec\u00edficos garantiza que las cremalleras se integren a la perfecci\u00f3n con el dise\u00f1o general, realzando la est\u00e9tica de los interiores.<\/p>\n<p>Varias marcas han integrado con \u00e9xito cremalleras de resina de colores personalizados en sus productos, marcando un hito en innovaci\u00f3n y estilo. Por ejemplo, la marca de art\u00edculos para actividades al aire libre Patagonia las utiliza en sus chaquetas de alto rendimiento, garantizando durabilidad y un dise\u00f1o elegante. De igual manera, empresas de equipaje como Samsonite aprovechan la ligereza y la resistencia a la corrosi\u00f3n de las cremalleras de resina para crear bolsos de viaje robustos y elegantes.<\/p>\n<p>En general, la versatilidad y las ventajas de las cremalleras de resina de color personalizado las convierten en un componente indispensable en diversos sectores. Su resistencia a la corrosi\u00f3n, ligereza y flexibilidad est\u00e9tica mejoran significativamente la funcionalidad y el atractivo visual de los productos, satisfaciendo una amplia gama de necesidades del consumidor.<\/p>","protected":false},"excerpt":{"rendered":"<p title=\"Cremallera de pl\u00e1stico de extremo abierto 5# de f\u00e1brica, cremallera de resina de color personalizado para ropa\" data-spm-anchor-id=\"a2700.details.0.i41.642c5cadEqjklw\">Cremallera de pl\u00e1stico de extremo abierto 5# de f\u00e1brica, cremallera de resina de color personalizado para ropa<\/p>","protected":false},"featured_media":7290,"comment_status":"open","ping_status":"closed","template":"","meta":{"_seopress_robots_primary_cat":"none","_seopress_titles_title":"%%post_title%% %%sitetitle%% %%sep%%","_seopress_titles_desc":"%%post_excerpt%%","_seopress_robots_index":""},"product_brand":[],"product_cat":[50],"product_tag":[],"class_list":{"0":"post-7275","1":"product","2":"type-product","3":"status-publish","4":"has-post-thumbnail","6":"product_cat-resin-zipper","8":"first","9":"instock","10":"shipping-taxable","11":"product-type-simple"},"_links":{"self":[{"href":"https:\/\/zipper-factory.com\/es\/wp-json\/wp\/v2\/product\/7275","targetHints":{"allow":["GET"]}}],"collection":[{"href":"https:\/\/zipper-factory.com\/es\/wp-json\/wp\/v2\/product"}],"about":[{"href":"https:\/\/zipper-factory.com\/es\/wp-json\/wp\/v2\/types\/product"}],"replies":[{"embeddable":true,"href":"https:\/\/zipper-factory.com\/es\/wp-json\/wp\/v2\/comments?post=7275"}],"wp:featuredmedia":[{"embeddable":true,"href":"https:\/\/zipper-factory.com\/es\/wp-json\/wp\/v2\/media\/7290"}],"wp:attachment":[{"href":"https:\/\/zipper-factory.com\/es\/wp-json\/wp\/v2\/media?parent=7275"}],"wp:term":[{"taxonomy":"product_brand","embeddable":true,"href":"https:\/\/zipper-factory.com\/es\/wp-json\/wp\/v2\/product_brand?post=7275"},{"taxonomy":"product_cat","embeddable":true,"href":"https:\/\/zipper-factory.com\/es\/wp-json\/wp\/v2\/product_cat?post=7275"},{"taxonomy":"product_tag","embeddable":true,"href":"https:\/\/zipper-factory.com\/es\/wp-json\/wp\/v2\/product_tag?post=7275"}],"curies":[{"name":"wp","href":"https:\/\/api.w.org\/{rel}","templated":true}]}}