{"id":7382,"date":"2024-05-24T15:46:13","date_gmt":"2024-05-24T07:46:13","guid":{"rendered":"https:\/\/zipper-factory.com\/?post_type=product&#038;p=7382"},"modified":"2024-05-24T17:17:06","modified_gmt":"2024-05-24T09:17:06","slug":"20-sliver-tooth-resin-zipper","status":"publish","type":"product","link":"https:\/\/zipper-factory.com\/es\/producto\/20-sliver-tooth-resin-zipper\/","title":{"rendered":"Cremallera de resina con dientes plateados 20#"},"content":{"rendered":"<h2>Estrategias esenciales de blogging para mejorar tu contenido<\/h2>\n<p>Comprender a tu p\u00fablico objetivo es fundamental para crear contenido impactante para tu blog. Saber qui\u00e9nes son tus lectores, sus intereses y qu\u00e9 buscan en tu blog te permite adaptar tu contenido a sus necesidades. Realizar encuestas, interactuar con tu audiencia en redes sociales y analizar los comentarios del blog puede brindar informaci\u00f3n valiosa. Crear contenido que conecte con tu audiencia no solo impulsa la interacci\u00f3n, sino que tambi\u00e9n fomenta la fidelidad de tus lectores.<\/p>\n<p>La investigaci\u00f3n de palabras clave y las mejores pr\u00e1cticas de SEO son fundamentales para mejorar la visibilidad de tu blog en los motores de b\u00fasqueda. Utiliza herramientas como el Planificador de Palabras Clave de Google, Ahrefs o SEMrush para identificar las palabras clave y frases relevantes que busca tu p\u00fablico objetivo. Integra estas palabras clave de forma natural en tu contenido, encabezados y meta descripciones para mejorar tu posicionamiento en buscadores. Sin embargo, evita saturar tus publicaciones con palabras clave, ya que puede afectar la legibilidad y la calidad de tus publicaciones.<\/p>\n<p>Los titulares atractivos y las introducciones atractivas son cruciales para captar el inter\u00e9s del lector. Tu titular debe ser claro, intrigante y reflejar el valor del contenido. Una introducci\u00f3n eficaz engancha al lector desde las primeras frases, anim\u00e1ndolo a seguir leyendo. Usa an\u00e9cdotas, preguntas o datos interesantes para despertar la curiosidad y definir el tono de tu publicaci\u00f3n.<\/p>\n<p>Crear contenido original y de alta calidad es esencial para consolidar autoridad y credibilidad en tu nicho. La originalidad te distingue de la competencia y ofrece perspectivas innovadoras sobre temas populares. Aseg\u00farate de que tu contenido est\u00e9 bien documentado, sea informativo y est\u00e9 libre de plagio. Adem\u00e1s, mantener un calendario de publicaciones constante ayuda a construir una base de lectores fiable. Ya sea semanal, quincenal o mensual, la constancia mantiene a tu audiencia interesada y expectante ante el nuevo contenido.<\/p>\n<p>Incorporar elementos multimedia como im\u00e1genes, v\u00eddeos e infograf\u00edas puede enriquecer significativamente las entradas de tu blog. El contenido visual rompe la monoton\u00eda del texto, haciendo que tus publicaciones sean m\u00e1s atractivas y f\u00e1ciles de digerir. Usa im\u00e1genes y v\u00eddeos relevantes para ilustrar puntos y crea infograf\u00edas para resumir informaci\u00f3n compleja. El contenido multimedia no solo mejora la experiencia del usuario, sino que tambi\u00e9n aumenta la probabilidad de que se comparta en redes sociales, ampliando as\u00ed el alcance de tu contenido.<\/p>\n<h2>T\u00e9cnicas de promoci\u00f3n efectivas para aumentar el alcance de su blog<\/h2>\n<p>El \u00e9xito de un blog depende en gran medida de t\u00e9cnicas de promoci\u00f3n eficaces para ampliar su alcance y atraer a una mayor audiencia. Una de las herramientas m\u00e1s poderosas a tu disposici\u00f3n son las redes sociales. Plataformas como Facebook, Twitter, Instagram y Pinterest ofrecen formas \u00fanicas de compartir tu contenido e interactuar con los lectores. En Facebook, crea una p\u00e1gina dedicada a tu blog donde puedas publicar actualizaciones, compartir art\u00edculos e interactuar con tus seguidores. Twitter es ideal para actualizaciones r\u00e1pidas y para unirte a las conversaciones m\u00e1s populares que se alinean con el nicho de tu blog. Instagram, con su enfoque visual, te permite compartir im\u00e1genes e historias atractivas que dirigen tr\u00e1fico a tu blog. Pinterest, conocido por su contenido tipo tablero, es excelente para compartir infograf\u00edas y entradas de blog visualmente atractivas que los usuarios interesados en temas relacionados pueden descubrir f\u00e1cilmente.<\/p>\n<p>El email marketing es otra estrategia eficaz para ampliar el alcance de tu blog. Crear una lista de suscriptores te permite mantener a tu audiencia comprometida con actualizaciones peri\u00f3dicas, contenido exclusivo y ofertas especiales. Herramientas como Mailchimp o ConvertKit pueden ayudarte a gestionar tus campa\u00f1as de email marketing y a monitorizar su eficacia. Aseg\u00farate de ofrecer valor en tus boletines para mantener el inter\u00e9s de los lectores y reducir las tasas de cancelaci\u00f3n de suscripciones.<\/p>\n<p>Crear redes de contactos con otros blogueros e influencers de tu nicho puede mejorar significativamente la visibilidad de tu blog. Participar en proyectos colaborativos, como publicaciones invitadas o seminarios web conjuntos, te permite conectar con su audiencia y forjar relaciones mutuamente beneficiosas. Adem\u00e1s, publicar como invitado en blogs de renombre no solo presenta tu contenido a nuevos lectores, sino que tambi\u00e9n refuerza la autoridad de tu blog en el sector.<\/p>\n<p>Por \u00faltimo, utilizar herramientas de an\u00e1lisis como Google Analytics es crucial para monitorizar el rendimiento de tus campa\u00f1as promocionales. Al analizar m\u00e9tricas como las visitas a la p\u00e1gina, las tasas de rebote y las fuentes de tr\u00e1fico, puedes tomar decisiones basadas en datos para optimizar tu estrategia. Monitorizar estas m\u00e9tricas continuamente te ayudar\u00e1 a identificar qu\u00e9 funciona mejor para tu blog y a ajustar tus t\u00e1cticas en consecuencia.<\/p>","protected":false},"excerpt":{"rendered":"<p title=\"Chaqueta de plumas 20# de alta calidad, con cremallera de pl\u00e1stico plateada y dientes triangulares abiertos, para prendas de vestir.\" data-spm-anchor-id=\"a2700.details.0.i36.7a3f6f8d3A9HpH\">Chaqueta de plumas 20# de alta calidad, con cremallera de pl\u00e1stico plateada y dientes triangulares abiertos, para prendas de vestir.<\/p>","protected":false},"featured_media":7383,"comment_status":"open","ping_status":"closed","template":"","meta":{"_seopress_robots_primary_cat":"none","_seopress_titles_title":"%%post_title%% %%sitetitle%% %%sep%%","_seopress_titles_desc":"%%post_excerpt%%","_seopress_robots_index":""},"product_brand":[],"product_cat":[50],"product_tag":[],"class_list":{"0":"post-7382","1":"product","2":"type-product","3":"status-publish","4":"has-post-thumbnail","6":"product_cat-resin-zipper","8":"first","9":"instock","10":"shipping-taxable","11":"product-type-simple"},"_links":{"self":[{"href":"https:\/\/zipper-factory.com\/es\/wp-json\/wp\/v2\/product\/7382","targetHints":{"allow":["GET"]}}],"collection":[{"href":"https:\/\/zipper-factory.com\/es\/wp-json\/wp\/v2\/product"}],"about":[{"href":"https:\/\/zipper-factory.com\/es\/wp-json\/wp\/v2\/types\/product"}],"replies":[{"embeddable":true,"href":"https:\/\/zipper-factory.com\/es\/wp-json\/wp\/v2\/comments?post=7382"}],"wp:featuredmedia":[{"embeddable":true,"href":"https:\/\/zipper-factory.com\/es\/wp-json\/wp\/v2\/media\/7383"}],"wp:attachment":[{"href":"https:\/\/zipper-factory.com\/es\/wp-json\/wp\/v2\/media?parent=7382"}],"wp:term":[{"taxonomy":"product_brand","embeddable":true,"href":"https:\/\/zipper-factory.com\/es\/wp-json\/wp\/v2\/product_brand?post=7382"},{"taxonomy":"product_cat","embeddable":true,"href":"https:\/\/zipper-factory.com\/es\/wp-json\/wp\/v2\/product_cat?post=7382"},{"taxonomy":"product_tag","embeddable":true,"href":"https:\/\/zipper-factory.com\/es\/wp-json\/wp\/v2\/product_tag?post=7382"}],"curies":[{"name":"wp","href":"https:\/\/api.w.org\/{rel}","templated":true}]}}