{"id":7629,"date":"2024-07-08T16:56:44","date_gmt":"2024-07-08T08:56:44","guid":{"rendered":"https:\/\/zipper-factory.com\/?post_type=product&#038;p=7629"},"modified":"2024-07-08T17:03:08","modified_gmt":"2024-07-08T09:03:08","slug":"diamond-zipper","status":"publish","type":"product","link":"https:\/\/zipper-factory.com\/es\/producto\/diamond-zipper\/","title":{"rendered":"Cremallera de diamante"},"content":{"rendered":"<h2>Introducci\u00f3n a las cremalleras de diamante<\/h2>\n<p>En el mundo de la moda y el lujo, la cremallera de diamante representa una fusi\u00f3n \u00fanica de funcionalidad y opulencia. Dise\u00f1adas para realzar tanto la est\u00e9tica como la practicidad de la ropa, las cremalleras de diamante se est\u00e1n convirtiendo cada vez m\u00e1s en un sello distintivo de la alta costura. Esta descripci\u00f3n del producto profundiza en las diversas caracter\u00edsticas y beneficios de incorporar una cremallera de diamante a su armario.<\/p>\n<h2>Artesan\u00eda exquisita<\/h2>\n<p>Las cremalleras de diamantes se elaboran con meticulosa atenci\u00f3n al detalle, garantizando que cada pieza desprenda una elegancia inigualable. Los dientes y cursores de la cremallera suelen estar adornados con diamantes, cuidadosamente engastados para maximizar su brillo. Esta intrincada artesan\u00eda no solo a\u00f1ade un toque de lujo, sino que tambi\u00e9n garantiza la durabilidad y longevidad de la cremallera.<\/p>\n<h2>Versatilidad en la aplicaci\u00f3n<\/h2>\n<p>Una de las caracter\u00edsticas m\u00e1s atractivas de la cremallera de diamante es su versatilidad. Se integra a la perfecci\u00f3n en una variedad de prendas, desde vestidos de noche y trajes de novia hasta chaquetas y accesorios de alta costura. La cremallera de diamante no solo realza el atractivo visual de estas prendas, sino que tambi\u00e9n ofrece un cierre funcional, fiable y elegante.<\/p>\n<h2>Inversi\u00f3n en lujo<\/h2>\n<p>Comprar una prenda con una cremallera de diamantes es m\u00e1s que una simple declaraci\u00f3n de estilo; es una inversi\u00f3n en lujo. El uso de diamantes genuinos eleva el valor de la prenda, convirti\u00e9ndola en una valiosa adici\u00f3n a cualquier armario. Adem\u00e1s, el atractivo atemporal de los diamantes garantiza que las piezas con cremalleras de diamantes mantengan su estilo y relevancia a lo largo de los a\u00f1os.<\/p>\n<h2>Conclusi\u00f3n<\/h2>\n<p>En conclusi\u00f3n, la cremallera de diamante representa la fusi\u00f3n perfecta de lujo y practicidad. Su exquisita artesan\u00eda, su versatilidad y su valor como inversi\u00f3n la convierten en la opci\u00f3n ideal para quienes buscan realzar su estilo. Tanto si eres un dise\u00f1ador que busca a\u00f1adir un toque de opulencia a tu colecci\u00f3n como si eres un consumidor en busca de piezas de moda \u00fanicas, la cremallera de diamante es una opci\u00f3n distinguida que nunca pasar\u00e1 de moda.<\/p>","protected":false},"excerpt":{"rendered":"<p title=\"Cremallera de diamantes de imitaci\u00f3n 3#, 5# y 8#, con dientes de diamante y resina para ropa.\" data-spm-anchor-id=\"a2700.details.0.i0.512b2985nCp0AW\">Cremallera de diamantes de imitaci\u00f3n 3#, 5# y 8#, con dientes de diamante y resina para ropa.<\/p>","protected":false},"featured_media":7631,"comment_status":"open","ping_status":"closed","template":"","meta":{"_seopress_robots_primary_cat":"none","_seopress_titles_title":"%%post_title%% %%sitetitle%% %%sep%%","_seopress_titles_desc":"%%post_excerpt%%","_seopress_robots_index":""},"product_brand":[],"product_cat":[50,164],"product_tag":[199],"class_list":{"0":"post-7629","1":"product","2":"type-product","3":"status-publish","4":"has-post-thumbnail","6":"product_cat-resin-zipper","7":"product_cat-special-zipper","8":"product_tag-diamond","10":"first","11":"instock","12":"shipping-taxable","13":"product-type-simple"},"_links":{"self":[{"href":"https:\/\/zipper-factory.com\/es\/wp-json\/wp\/v2\/product\/7629","targetHints":{"allow":["GET"]}}],"collection":[{"href":"https:\/\/zipper-factory.com\/es\/wp-json\/wp\/v2\/product"}],"about":[{"href":"https:\/\/zipper-factory.com\/es\/wp-json\/wp\/v2\/types\/product"}],"replies":[{"embeddable":true,"href":"https:\/\/zipper-factory.com\/es\/wp-json\/wp\/v2\/comments?post=7629"}],"wp:featuredmedia":[{"embeddable":true,"href":"https:\/\/zipper-factory.com\/es\/wp-json\/wp\/v2\/media\/7631"}],"wp:attachment":[{"href":"https:\/\/zipper-factory.com\/es\/wp-json\/wp\/v2\/media?parent=7629"}],"wp:term":[{"taxonomy":"product_brand","embeddable":true,"href":"https:\/\/zipper-factory.com\/es\/wp-json\/wp\/v2\/product_brand?post=7629"},{"taxonomy":"product_cat","embeddable":true,"href":"https:\/\/zipper-factory.com\/es\/wp-json\/wp\/v2\/product_cat?post=7629"},{"taxonomy":"product_tag","embeddable":true,"href":"https:\/\/zipper-factory.com\/es\/wp-json\/wp\/v2\/product_tag?post=7629"}],"curies":[{"name":"wp","href":"https:\/\/api.w.org\/{rel}","templated":true}]}}