{"id":2100,"date":"2022-05-16T14:42:48","date_gmt":"2022-05-16T06:42:48","guid":{"rendered":"http:\/\/zipper-factory.com\/?post_type=product&#038;p=2100"},"modified":"2023-03-29T15:03:30","modified_gmt":"2023-03-29T07:03:30","slug":"camouflage-nylon-zipper","status":"publish","type":"product","link":"https:\/\/zipper-factory.com\/fr\/produit\/camouflage-nylon-zipper\/","title":{"rendered":"Fermeture \u00e9clair en nylon camouflage"},"content":{"rendered":"","protected":false},"excerpt":{"rendered":"<p class=\"elements-title-normal__content large\">Fermeture \u00e9clair imprim\u00e9e \u00e0 longue cha\u00eene personnalis\u00e9e et durable pour v\u00eatements et sacs<\/p>","protected":false},"featured_media":2104,"comment_status":"open","ping_status":"closed","template":"","meta":{"_seopress_robots_primary_cat":"none","_seopress_titles_title":"%%post_title%% %%sitetitle%% %%sep%%","_seopress_titles_desc":"%%post_excerpt%%","_seopress_robots_index":""},"product_brand":[],"product_cat":[40],"product_tag":[],"class_list":{"0":"post-2100","1":"product","2":"type-product","3":"status-publish","4":"has-post-thumbnail","6":"product_cat-nylon-zipper","8":"first","9":"instock","10":"shipping-taxable","11":"product-type-simple"},"_links":{"self":[{"href":"https:\/\/zipper-factory.com\/fr\/wp-json\/wp\/v2\/product\/2100","targetHints":{"allow":["GET"]}}],"collection":[{"href":"https:\/\/zipper-factory.com\/fr\/wp-json\/wp\/v2\/product"}],"about":[{"href":"https:\/\/zipper-factory.com\/fr\/wp-json\/wp\/v2\/types\/product"}],"replies":[{"embeddable":true,"href":"https:\/\/zipper-factory.com\/fr\/wp-json\/wp\/v2\/comments?post=2100"}],"wp:featuredmedia":[{"embeddable":true,"href":"https:\/\/zipper-factory.com\/fr\/wp-json\/wp\/v2\/media\/2104"}],"wp:attachment":[{"href":"https:\/\/zipper-factory.com\/fr\/wp-json\/wp\/v2\/media?parent=2100"}],"wp:term":[{"taxonomy":"product_brand","embeddable":true,"href":"https:\/\/zipper-factory.com\/fr\/wp-json\/wp\/v2\/product_brand?post=2100"},{"taxonomy":"product_cat","embeddable":true,"href":"https:\/\/zipper-factory.com\/fr\/wp-json\/wp\/v2\/product_cat?post=2100"},{"taxonomy":"product_tag","embeddable":true,"href":"https:\/\/zipper-factory.com\/fr\/wp-json\/wp\/v2\/product_tag?post=2100"}],"curies":[{"name":"wp","href":"https:\/\/api.w.org\/{rel}","templated":true}]}}