{"id":2182,"date":"2022-05-18T13:51:27","date_gmt":"2022-05-18T05:51:27","guid":{"rendered":"http:\/\/zipper-factory.com\/?post_type=product&#038;p=2182"},"modified":"2023-11-20T14:24:20","modified_gmt":"2023-11-20T06:24:20","slug":"two-point-teeth-metal-zipper","status":"publish","type":"product","link":"https:\/\/zipper-factory.com\/fr\/produit\/two-point-teeth-metal-zipper\/","title":{"rendered":"Fermeture \u00e9clair m\u00e9tallique \u00e0 deux points"},"content":{"rendered":"<p>La fermeture \u00e0 glissi\u00e8re m\u00e9tallique \u00e0 double point et double traction est un type de fermeture \u00e0 glissi\u00e8re pr\u00e9sentant les caract\u00e9ristiques suivantes :<\/p>\n<p>1. Conception \u00e0 double point\u00a0: Compar\u00e9e aux fermetures \u00e0 glissi\u00e8re traditionnelles \u00e0 point unique, la conception \u00e0 double point permet une r\u00e9partition plus uniforme de la force sur la fermeture, am\u00e9liorant ainsi sa stabilit\u00e9 et sa durabilit\u00e9. La force \u00e0 double point r\u00e9duit efficacement la tension et augmente la dur\u00e9e de vie de la fermeture.<\/p>\n<p>2. Conception \u00e0 double tirette\u00a0: Cette conception permet d&#039;ouvrir et de fermer la fermeture \u00e9clair simultan\u00e9ment dans les deux sens, facilitant ainsi son utilisation. Ceci est particuli\u00e8rement utile pour certaines applications sp\u00e9cifiques, telles que les sacs \u00e0 dos, les vestes et les sacs de couchage \u00e9quip\u00e9s de fermetures \u00e9clair \u00e0 double tirette.<\/p>","protected":false},"excerpt":{"rendered":"<p class=\"elements-title-normal__content large\">Fermeture \u00e9clair en m\u00e9tal \u00e0 deux sens et \u00e0 deux points Fermeture \u00e9clair en m\u00e9tal pour veste<\/p>","protected":false},"featured_media":6562,"comment_status":"open","ping_status":"closed","template":"","meta":{"_seopress_robots_primary_cat":"none","_seopress_titles_title":"%%post_title%% %%sitetitle%% %%sep%%","_seopress_titles_desc":"%%post_excerpt%%","_seopress_robots_index":""},"product_brand":[],"product_cat":[33],"product_tag":[168],"class_list":{"0":"post-2182","1":"product","2":"type-product","3":"status-publish","4":"has-post-thumbnail","6":"product_cat-metal-zipper","7":"product_tag-two-point","9":"first","10":"instock","11":"shipping-taxable","12":"product-type-simple"},"_links":{"self":[{"href":"https:\/\/zipper-factory.com\/fr\/wp-json\/wp\/v2\/product\/2182","targetHints":{"allow":["GET"]}}],"collection":[{"href":"https:\/\/zipper-factory.com\/fr\/wp-json\/wp\/v2\/product"}],"about":[{"href":"https:\/\/zipper-factory.com\/fr\/wp-json\/wp\/v2\/types\/product"}],"replies":[{"embeddable":true,"href":"https:\/\/zipper-factory.com\/fr\/wp-json\/wp\/v2\/comments?post=2182"}],"wp:featuredmedia":[{"embeddable":true,"href":"https:\/\/zipper-factory.com\/fr\/wp-json\/wp\/v2\/media\/6562"}],"wp:attachment":[{"href":"https:\/\/zipper-factory.com\/fr\/wp-json\/wp\/v2\/media?parent=2182"}],"wp:term":[{"taxonomy":"product_brand","embeddable":true,"href":"https:\/\/zipper-factory.com\/fr\/wp-json\/wp\/v2\/product_brand?post=2182"},{"taxonomy":"product_cat","embeddable":true,"href":"https:\/\/zipper-factory.com\/fr\/wp-json\/wp\/v2\/product_cat?post=2182"},{"taxonomy":"product_tag","embeddable":true,"href":"https:\/\/zipper-factory.com\/fr\/wp-json\/wp\/v2\/product_tag?post=2182"}],"curies":[{"name":"wp","href":"https:\/\/api.w.org\/{rel}","templated":true}]}}