{"id":2816,"date":"2022-08-02T14:42:27","date_gmt":"2022-08-02T06:42:27","guid":{"rendered":"http:\/\/zipper-factory.com\/?post_type=product&#038;p=2816"},"modified":"2023-10-18T15:54:33","modified_gmt":"2023-10-18T07:54:33","slug":"3-invisible-zipper","status":"publish","type":"product","link":"https:\/\/zipper-factory.com\/fr\/produit\/3-invisible-zipper\/","title":{"rendered":"Fermeture \u00e9clair invisible 3#"},"content":{"rendered":"","protected":false},"excerpt":{"rendered":"<p>Jupe pantalon v\u00eatement avec dentelle courte multicolore en nylon fermeture \u00e9clair invisible.<\/p>","protected":false},"featured_media":2817,"comment_status":"open","ping_status":"closed","template":"","meta":{"_seopress_robots_primary_cat":"none","_seopress_titles_title":"%%post_title%% %%sitetitle%% %%sep%%","_seopress_titles_desc":"%%post_excerpt%%","_seopress_robots_index":""},"product_brand":[],"product_cat":[126],"product_tag":[],"class_list":{"0":"post-2816","1":"product","2":"type-product","3":"status-publish","4":"has-post-thumbnail","6":"product_cat-invisible-zipper","8":"first","9":"instock","10":"shipping-taxable","11":"product-type-simple"},"_links":{"self":[{"href":"https:\/\/zipper-factory.com\/fr\/wp-json\/wp\/v2\/product\/2816","targetHints":{"allow":["GET"]}}],"collection":[{"href":"https:\/\/zipper-factory.com\/fr\/wp-json\/wp\/v2\/product"}],"about":[{"href":"https:\/\/zipper-factory.com\/fr\/wp-json\/wp\/v2\/types\/product"}],"replies":[{"embeddable":true,"href":"https:\/\/zipper-factory.com\/fr\/wp-json\/wp\/v2\/comments?post=2816"}],"wp:featuredmedia":[{"embeddable":true,"href":"https:\/\/zipper-factory.com\/fr\/wp-json\/wp\/v2\/media\/2817"}],"wp:attachment":[{"href":"https:\/\/zipper-factory.com\/fr\/wp-json\/wp\/v2\/media?parent=2816"}],"wp:term":[{"taxonomy":"product_brand","embeddable":true,"href":"https:\/\/zipper-factory.com\/fr\/wp-json\/wp\/v2\/product_brand?post=2816"},{"taxonomy":"product_cat","embeddable":true,"href":"https:\/\/zipper-factory.com\/fr\/wp-json\/wp\/v2\/product_cat?post=2816"},{"taxonomy":"product_tag","embeddable":true,"href":"https:\/\/zipper-factory.com\/fr\/wp-json\/wp\/v2\/product_tag?post=2816"}],"curies":[{"name":"wp","href":"https:\/\/api.w.org\/{rel}","templated":true}]}}