{"id":6323,"date":"2023-10-18T16:19:04","date_gmt":"2023-10-18T08:19:04","guid":{"rendered":"https:\/\/zipper-factory.com\/?post_type=product&#038;p=6323"},"modified":"2023-10-18T16:23:47","modified_gmt":"2023-10-18T08:23:47","slug":"eco-friendly-zipper","status":"publish","type":"product","link":"https:\/\/zipper-factory.com\/fr\/produit\/eco-friendly-zipper\/","title":{"rendered":"Fermeture \u00e9clair \u00e9cologique"},"content":{"rendered":"<p data-spm-anchor-id=\"a2700.details.0.i19.8e56d888QA8di3\">Il existe de nombreux types de produits de fermeture \u00e0 glissi\u00e8re respectueux de l&#039;environnement, notamment :<\/p>\n<p data-spm-anchor-id=\"a2700.details.0.i19.8e56d888QA8di3\">1. Fermetures \u00e0 glissi\u00e8re non teintes : par exemple, les fermetures \u00e0 glissi\u00e8re en nylon noir ne n\u00e9cessitent pas de teinture pendant le processus de production, r\u00e9duisant ainsi la consommation d&#039;eau et les \u00e9missions de dioxyde de carbone lors de la production de fermetures \u00e0 glissi\u00e8re.<\/p>\n<p data-spm-anchor-id=\"a2700.details.0.i19.8e56d888QA8di3\">2. Fermetures \u00e0 glissi\u00e8re recycl\u00e9es\u00a0: Certaines entreprises recyclent des d\u00e9chets tels que des bouteilles en plastique, des v\u00eatements et des d\u00e9chets m\u00e9nagers et les transforment en fermetures \u00e0 glissi\u00e8re recycl\u00e9es. Ces fermetures \u00e0 glissi\u00e8re utilisent efficacement les d\u00e9chets et r\u00e9duisent la consommation de ressources naturelles.<\/p>\n<p data-spm-anchor-id=\"a2700.details.0.i19.8e56d888QA8di3\">3. Fermetures \u00e0 glissi\u00e8re en fibres v\u00e9g\u00e9tales\u00a0: Certaines fermetures \u00e0 glissi\u00e8re sont fabriqu\u00e9es \u00e0 partir de composants extraits de plantes. Ces fermetures r\u00e9duisent la d\u00e9pendance aux combustibles fossiles et offrent une meilleure biod\u00e9gradabilit\u00e9. Ces fermetures \u00e0 glissi\u00e8re respectueuses de l&#039;environnement sont con\u00e7ues pour r\u00e9duire l&#039;impact sur l&#039;environnement et les ressources, favorisant ainsi le d\u00e9veloppement durable.<\/p>","protected":false},"excerpt":{"rendered":"<div class=\"product-title\">\n<div id=\"module_title\">\n<div class=\"detail-title-section detail-mainscreen-center-grid J-ma-title-wrap\" data-spm-anchor-id=\"a2700.details.0.i20.236551e6ELb9zP\">\n<p data-spm-anchor-id=\"a2700.details.0.i15.27c42038MVaKVl\">Fabrication de fermetures \u00e0 glissi\u00e8re \u00e9cologiques en gros 3# 5# 8# Fermetures \u00e0 glissi\u00e8re recycl\u00e9es \u00e0 extr\u00e9mit\u00e9 ouverte pour v\u00eatements<\/p>\n<\/div>\n<\/div>\n<\/div>","protected":false},"featured_media":6325,"comment_status":"open","ping_status":"closed","template":"","meta":{"_seopress_robots_primary_cat":"none","_seopress_titles_title":"%%post_title%% %%sitetitle%% %%sep%%","_seopress_titles_desc":"%%post_excerpt%%","_seopress_robots_index":"","_seopress_analysis_target_kw":""},"product_brand":[],"product_cat":[40],"product_tag":[],"class_list":{"0":"post-6323","1":"product","2":"type-product","3":"status-publish","4":"has-post-thumbnail","6":"product_cat-nylon-zipper","8":"first","9":"instock","10":"shipping-taxable","11":"product-type-simple"},"_links":{"self":[{"href":"https:\/\/zipper-factory.com\/fr\/wp-json\/wp\/v2\/product\/6323","targetHints":{"allow":["GET"]}}],"collection":[{"href":"https:\/\/zipper-factory.com\/fr\/wp-json\/wp\/v2\/product"}],"about":[{"href":"https:\/\/zipper-factory.com\/fr\/wp-json\/wp\/v2\/types\/product"}],"replies":[{"embeddable":true,"href":"https:\/\/zipper-factory.com\/fr\/wp-json\/wp\/v2\/comments?post=6323"}],"wp:featuredmedia":[{"embeddable":true,"href":"https:\/\/zipper-factory.com\/fr\/wp-json\/wp\/v2\/media\/6325"}],"wp:attachment":[{"href":"https:\/\/zipper-factory.com\/fr\/wp-json\/wp\/v2\/media?parent=6323"}],"wp:term":[{"taxonomy":"product_brand","embeddable":true,"href":"https:\/\/zipper-factory.com\/fr\/wp-json\/wp\/v2\/product_brand?post=6323"},{"taxonomy":"product_cat","embeddable":true,"href":"https:\/\/zipper-factory.com\/fr\/wp-json\/wp\/v2\/product_cat?post=6323"},{"taxonomy":"product_tag","embeddable":true,"href":"https:\/\/zipper-factory.com\/fr\/wp-json\/wp\/v2\/product_tag?post=6323"}],"curies":[{"name":"wp","href":"https:\/\/api.w.org\/{rel}","templated":true}]}}