{"id":6609,"date":"2023-11-24T16:50:40","date_gmt":"2023-11-24T08:50:40","guid":{"rendered":"https:\/\/zipper-factory.com\/?post_type=product&#038;p=6609"},"modified":"2023-11-24T16:52:14","modified_gmt":"2023-11-24T08:52:14","slug":"sliver-teeth-and-tape-metal-zipper","status":"publish","type":"product","link":"https:\/\/zipper-factory.com\/fr\/produit\/sliver-teeth-and-tape-metal-zipper\/","title":{"rendered":"Fermeture \u00e9clair m\u00e9tallique \u00e0 dents et ruban argent\u00e9s"},"content":{"rendered":"<p>Le processus de production de ruban d&#039;argent pour fermetures \u00e0 glissi\u00e8re comprend les \u00e9tapes suivantes :<\/p>\n<div>1. S\u00e9lection du fil d&#039;argent comme mati\u00e8re premi\u00e8re pour le ruban de fermeture \u00e9clair. Le fil d&#039;argent conf\u00e8re au ruban un \u00e9clat m\u00e9tallique.<\/div>\n<div>2. Tissage du ruban sur un m\u00e9tier \u00e0 tisser. Ajustez les param\u00e8tres de la machine en fonction de la largeur et de l&#039;\u00e9paisseur souhait\u00e9es pour garantir la qualit\u00e9 et les sp\u00e9cifications du ruban.<\/div>\n<div data-spm-anchor-id=\"a2700.details.0.i85.d59b7bddy5cSbT\">3. Ensuite, gr\u00e2ce aux techniques de finition et de pressage, la surface du ruban est rendue lisse et uniforme. Des presses \u00e0 chaud ou des fers sp\u00e9ciaux peuvent \u00eatre utilis\u00e9s pour presser le ruban et le finir.<\/div>","protected":false},"excerpt":{"rendered":"<p title=\"High Quality Sliver Zipper Sliver Metallic Luster Tape Sliver Teeth Metal Zipper For Jacket\" data-spm-anchor-id=\"a2700.details.0.i42.d59b7bddy5cSbT\">High Quality Sliver Zipper Sliver Metallic Luster Tape Sliver Teeth Metal Zipper For Jacket<\/p>","protected":false},"featured_media":6610,"comment_status":"open","ping_status":"closed","template":"","meta":{"_seopress_robots_primary_cat":"none","_seopress_titles_title":"%%post_title%% %%sitetitle%% %%sep%%","_seopress_titles_desc":"%%post_excerpt%%","_seopress_robots_index":"","_seopress_analysis_target_kw":""},"product_brand":[],"product_cat":[33],"product_tag":[176],"class_list":{"0":"post-6609","1":"product","2":"type-product","3":"status-publish","4":"has-post-thumbnail","6":"product_cat-metal-zipper","7":"product_tag-sliver","9":"first","10":"instock","11":"shipping-taxable","12":"product-type-simple"},"_links":{"self":[{"href":"https:\/\/zipper-factory.com\/fr\/wp-json\/wp\/v2\/product\/6609","targetHints":{"allow":["GET"]}}],"collection":[{"href":"https:\/\/zipper-factory.com\/fr\/wp-json\/wp\/v2\/product"}],"about":[{"href":"https:\/\/zipper-factory.com\/fr\/wp-json\/wp\/v2\/types\/product"}],"replies":[{"embeddable":true,"href":"https:\/\/zipper-factory.com\/fr\/wp-json\/wp\/v2\/comments?post=6609"}],"wp:featuredmedia":[{"embeddable":true,"href":"https:\/\/zipper-factory.com\/fr\/wp-json\/wp\/v2\/media\/6610"}],"wp:attachment":[{"href":"https:\/\/zipper-factory.com\/fr\/wp-json\/wp\/v2\/media?parent=6609"}],"wp:term":[{"taxonomy":"product_brand","embeddable":true,"href":"https:\/\/zipper-factory.com\/fr\/wp-json\/wp\/v2\/product_brand?post=6609"},{"taxonomy":"product_cat","embeddable":true,"href":"https:\/\/zipper-factory.com\/fr\/wp-json\/wp\/v2\/product_cat?post=6609"},{"taxonomy":"product_tag","embeddable":true,"href":"https:\/\/zipper-factory.com\/fr\/wp-json\/wp\/v2\/product_tag?post=6609"}],"curies":[{"name":"wp","href":"https:\/\/api.w.org\/{rel}","templated":true}]}}