{"id":6683,"date":"2023-12-08T15:48:22","date_gmt":"2023-12-08T07:48:22","guid":{"rendered":"https:\/\/zipper-factory.com\/?post_type=product&#038;p=6683"},"modified":"2023-12-08T15:52:42","modified_gmt":"2023-12-08T07:52:42","slug":"reflective-nylon-zipper","status":"publish","type":"product","link":"https:\/\/zipper-factory.com\/fr\/produit\/reflective-nylon-zipper\/","title":{"rendered":"Fermeture \u00e9clair r\u00e9fl\u00e9chissante en nylon"},"content":{"rendered":"<p data-spm-anchor-id=\"a2700.details.0.i19.8e56d888QA8di3\"><span data-spm-anchor-id=\"a2700.details.0.i76.5ba350f3BUAqfz\">Quel est le but d\u2019une fermeture \u00e9clair r\u00e9fl\u00e9chissante ?<\/span><\/p>\n<div><span data-spm-anchor-id=\"a2700.details.0.i77.5ba350f3BUAqfz\"> Une fermeture \u00e9clair r\u00e9fl\u00e9chissante est un type de fermeture \u00e9clair aux propri\u00e9t\u00e9s r\u00e9fl\u00e9chissantes. Son objectif principal est d&#039;am\u00e9liorer la visibilit\u00e9 et la s\u00e9curit\u00e9 des personnes dans des conditions de faible luminosit\u00e9 ou de nuit. Voici quelques utilisations sp\u00e9cifiques\u00a0:<\/span><\/div>\n<div><span data-spm-anchor-id=\"a2700.details.0.i77.5ba350f3BUAqfz\"> 1. V\u00eatements de protection et de travail\u00a0: Les fermetures \u00e9clair r\u00e9fl\u00e9chissantes peuvent \u00eatre appliqu\u00e9es \u00e0 divers v\u00eatements de protection et de travail, tels que ceux port\u00e9s par les conducteurs, les pompiers et les ouvriers du b\u00e2timent. En r\u00e9fl\u00e9chissant la lumi\u00e8re, elles aident \u00e0 alerter les conducteurs et les autres personnes de leur pr\u00e9sence, r\u00e9duisant ainsi les risques d&#039;accident.<\/span><\/div>\n<div><span data-spm-anchor-id=\"a2700.details.0.i77.5ba350f3BUAqfz\"> 2. V\u00eatements de sport\u00a0: Les fermetures \u00e9clair r\u00e9fl\u00e9chissantes sont \u00e9galement couramment utilis\u00e9es sur les v\u00eatements de sport, comme les maillots de course et de cyclisme. Dans les environnements peu \u00e9clair\u00e9s, comme la nuit ou au petit matin, elles peuvent alerter les conducteurs et les pi\u00e9tons, am\u00e9liorant ainsi leur visibilit\u00e9 et r\u00e9duisant les risques d&#039;accidents de la route.<\/span><\/div>\n<div><span data-spm-anchor-id=\"a2700.details.0.i77.5ba350f3BUAqfz\"> 3. Articles m\u00e9nagers : certains articles d&#039;ext\u00e9rieur, tels que les sacs \u00e0 dos et les tentes, peuvent \u00e9galement utiliser des fermetures \u00e0 glissi\u00e8re r\u00e9fl\u00e9chissantes, ce qui permet aux utilisateurs de les localiser plus facilement dans des environnements sombres.<\/span><\/div>\n<div><span data-spm-anchor-id=\"a2700.details.0.i77.5ba350f3BUAqfz\"> En r\u00e9sum\u00e9, le but d\u2019une fermeture \u00e9clair r\u00e9fl\u00e9chissante est d\u2019am\u00e9liorer la visibilit\u00e9 et la s\u00e9curit\u00e9 des individus, r\u00e9duisant ainsi les accidents de la circulation.<\/span><\/div>","protected":false},"excerpt":{"rendered":"<div class=\"product-title\">\n<div id=\"module_title\">\n<div class=\"detail-title-section detail-mainscreen-center-grid J-ma-title-wrap\" data-spm-anchor-id=\"a2700.details.0.i20.236551e6ELb9zP\">\n<p data-spm-anchor-id=\"a2700.details.0.i15.27c42038MVaKVl\">Fermeture \u00e9clair r\u00e9fl\u00e9chissante en nylon haute luminosit\u00e9 3# 5# 8# pour v\u00eatements r\u00e9fl\u00e9chissants, fermeture \u00e9clair en nylon pour sac \u00e0 dos<\/p>\n<\/div>\n<\/div>\n<\/div>","protected":false},"featured_media":6684,"comment_status":"open","ping_status":"closed","template":"","meta":{"_seopress_robots_primary_cat":"none","_seopress_titles_title":"%%post_title%% %%sitetitle%% %%sep%%","_seopress_titles_desc":"%%post_excerpt%%","_seopress_robots_index":""},"product_brand":[],"product_cat":[40],"product_tag":[180],"class_list":{"0":"post-6683","1":"product","2":"type-product","3":"status-publish","4":"has-post-thumbnail","6":"product_cat-nylon-zipper","7":"product_tag-reflective","9":"first","10":"instock","11":"shipping-taxable","12":"product-type-simple"},"_links":{"self":[{"href":"https:\/\/zipper-factory.com\/fr\/wp-json\/wp\/v2\/product\/6683","targetHints":{"allow":["GET"]}}],"collection":[{"href":"https:\/\/zipper-factory.com\/fr\/wp-json\/wp\/v2\/product"}],"about":[{"href":"https:\/\/zipper-factory.com\/fr\/wp-json\/wp\/v2\/types\/product"}],"replies":[{"embeddable":true,"href":"https:\/\/zipper-factory.com\/fr\/wp-json\/wp\/v2\/comments?post=6683"}],"wp:featuredmedia":[{"embeddable":true,"href":"https:\/\/zipper-factory.com\/fr\/wp-json\/wp\/v2\/media\/6684"}],"wp:attachment":[{"href":"https:\/\/zipper-factory.com\/fr\/wp-json\/wp\/v2\/media?parent=6683"}],"wp:term":[{"taxonomy":"product_brand","embeddable":true,"href":"https:\/\/zipper-factory.com\/fr\/wp-json\/wp\/v2\/product_brand?post=6683"},{"taxonomy":"product_cat","embeddable":true,"href":"https:\/\/zipper-factory.com\/fr\/wp-json\/wp\/v2\/product_cat?post=6683"},{"taxonomy":"product_tag","embeddable":true,"href":"https:\/\/zipper-factory.com\/fr\/wp-json\/wp\/v2\/product_tag?post=6683"}],"curies":[{"name":"wp","href":"https:\/\/api.w.org\/{rel}","templated":true}]}}