{"id":6745,"date":"2023-12-18T17:30:45","date_gmt":"2023-12-18T09:30:45","guid":{"rendered":"https:\/\/zipper-factory.com\/?post_type=product&#038;p=6745"},"modified":"2024-03-11T14:18:54","modified_gmt":"2024-03-11T06:18:54","slug":"lace-metal-zipper","status":"publish","type":"product","link":"https:\/\/zipper-factory.com\/fr\/produit\/lace-metal-zipper\/","title":{"rendered":"Fermeture \u00e9clair en m\u00e9tal et dentelle"},"content":{"rendered":"<p>Les fermetures \u00e0 glissi\u00e8re m\u00e9talliques de type dentelle ont de nombreuses utilisations.<br \/>\n1. V\u00eatements et accessoires\u00a0: Les fermetures \u00e0 glissi\u00e8re m\u00e9talliques avec ruban de dentelle sont fr\u00e9quemment utilis\u00e9es pour ouvrir et fermer des v\u00eatements, notamment les cols, les ouvertures de poches et les ceintures de pantalons. Elles offrent des fonctions de fermeture s\u00fbres, pratiques et esth\u00e9tiques.<br \/>\n2. Chaussures\u00a0: Les chaussures de sport, les bottes et les sandales sont quelques exemples de chaussures fr\u00e9quemment \u00e9quip\u00e9es de fermetures \u00e0 lacets. Elles permettent d&#039;ajuster la chaussure, facilitant ainsi son enfilage et son retrait.<br \/>\n3. Sacs \u00e0 main et bagages : pour am\u00e9liorer la commodit\u00e9 et la s\u00e9curit\u00e9, des fermetures \u00e0 glissi\u00e8re m\u00e9talliques en dentelle sont fr\u00e9quemment utilis\u00e9es pour fermer les sacs \u00e0 main et les bagages.<br \/>\n4. Meubles et articles m\u00e9nagers : Les canap\u00e9s et autres meubles et articles m\u00e9nagers peuvent \u00eatre \u00e9quip\u00e9s de fermetures \u00e0 glissi\u00e8re m\u00e9talliques en dentelle.<\/p>","protected":false},"excerpt":{"rendered":"<p title=\"Fermeture \u00e9clair d\u00e9corative fantaisie en forme de fleur pour veste en cuir pour femme, fermeture \u00e9clair en m\u00e9tal, fermeture \u00e9clair en m\u00e9tal pour chaussures pour femmes\" data-spm-anchor-id=\"a2700.details.0.i0.27e376871gPOpa\">Fermeture \u00e9clair d\u00e9corative fantaisie en forme de fleur pour veste en cuir pour femme, fermeture \u00e9clair en m\u00e9tal, fermeture \u00e9clair en m\u00e9tal pour chaussures pour femmes<\/p>","protected":false},"featured_media":6748,"comment_status":"open","ping_status":"closed","template":"","meta":{"_seopress_robots_primary_cat":"none","_seopress_titles_title":"%%post_title%% %%sitetitle%% %%sep%%","_seopress_titles_desc":"%%post_excerpt%%","_seopress_robots_index":""},"product_brand":[],"product_cat":[33],"product_tag":[183],"class_list":{"0":"post-6745","1":"product","2":"type-product","3":"status-publish","4":"has-post-thumbnail","6":"product_cat-metal-zipper","7":"product_tag-lace","9":"first","10":"instock","11":"shipping-taxable","12":"product-type-simple"},"_links":{"self":[{"href":"https:\/\/zipper-factory.com\/fr\/wp-json\/wp\/v2\/product\/6745","targetHints":{"allow":["GET"]}}],"collection":[{"href":"https:\/\/zipper-factory.com\/fr\/wp-json\/wp\/v2\/product"}],"about":[{"href":"https:\/\/zipper-factory.com\/fr\/wp-json\/wp\/v2\/types\/product"}],"replies":[{"embeddable":true,"href":"https:\/\/zipper-factory.com\/fr\/wp-json\/wp\/v2\/comments?post=6745"}],"wp:featuredmedia":[{"embeddable":true,"href":"https:\/\/zipper-factory.com\/fr\/wp-json\/wp\/v2\/media\/6748"}],"wp:attachment":[{"href":"https:\/\/zipper-factory.com\/fr\/wp-json\/wp\/v2\/media?parent=6745"}],"wp:term":[{"taxonomy":"product_brand","embeddable":true,"href":"https:\/\/zipper-factory.com\/fr\/wp-json\/wp\/v2\/product_brand?post=6745"},{"taxonomy":"product_cat","embeddable":true,"href":"https:\/\/zipper-factory.com\/fr\/wp-json\/wp\/v2\/product_cat?post=6745"},{"taxonomy":"product_tag","embeddable":true,"href":"https:\/\/zipper-factory.com\/fr\/wp-json\/wp\/v2\/product_tag?post=6745"}],"curies":[{"name":"wp","href":"https:\/\/api.w.org\/{rel}","templated":true}]}}