{"id":6749,"date":"2023-12-20T15:14:08","date_gmt":"2023-12-20T07:14:08","guid":{"rendered":"https:\/\/zipper-factory.com\/?post_type=product&#038;p=6749"},"modified":"2023-12-20T16:13:35","modified_gmt":"2023-12-20T08:13:35","slug":"large-metal-zipper","status":"publish","type":"product","link":"https:\/\/zipper-factory.com\/fr\/produit\/large-metal-zipper\/","title":{"rendered":"Grande fermeture \u00e9clair en m\u00e9tal"},"content":{"rendered":"<p>Les avantages d&#039;une grande fermeture \u00e9clair en m\u00e9tal sont sa durabilit\u00e9, sa bonne r\u00e9sistance \u00e0 la d\u00e9chirure et sa capacit\u00e9 \u00e0 rester ferm\u00e9e sans se d\u00e9faire facilement. Sa dur\u00e9e de vie est longue et elle ne s&#039;ab\u00eeme pas facilement. De plus, une grande fermeture \u00e9clair en m\u00e9tal offre g\u00e9n\u00e9ralement une meilleure qualit\u00e9 au toucher, ajoutant une touche tendance et haut de gamme aux v\u00eatements.<br \/>\nLes grandes fermetures \u00e0 glissi\u00e8re m\u00e9talliques sont couramment utilis\u00e9es sur les v\u00eatements haut de gamme tels que les vestes, les manteaux et les doudounes pour rehausser leur style et leur sophistication. Elles sont \u00e9galement utilis\u00e9es dans la fabrication de bottes pour am\u00e9liorer leur apparence et leur qualit\u00e9, ainsi que leur stabilit\u00e9 et leur durabilit\u00e9. Elles sont \u00e9galement utilis\u00e9es pour la d\u00e9coration de meubles et de sacs, apportant une touche de personnalit\u00e9 et de qualit\u00e9 \u00e0 la d\u00e9coration int\u00e9rieure.<\/p>","protected":false},"excerpt":{"rendered":"<p title=\"Fermeture \u00e9clair d\u00e9corative fantaisie en forme de fleur pour veste en cuir pour femme, fermeture \u00e9clair en m\u00e9tal, fermeture \u00e9clair en m\u00e9tal pour chaussures pour femmes\" data-spm-anchor-id=\"a2700.details.0.i0.27e376871gPOpa\">Fermeture \u00e9clair d\u00e9corative fantaisie en forme de fleur pour veste en cuir pour femme, fermeture \u00e9clair en m\u00e9tal, fermeture \u00e9clair en m\u00e9tal pour chaussures pour femmes<\/p>","protected":false},"featured_media":6750,"comment_status":"open","ping_status":"closed","template":"","meta":{"_seopress_robots_primary_cat":"none","_seopress_titles_title":"%%post_title%% %%sitetitle%% %%sep%%","_seopress_titles_desc":"%%post_excerpt%%","_seopress_robots_index":""},"product_brand":[],"product_cat":[33],"product_tag":[184],"class_list":{"0":"post-6749","1":"product","2":"type-product","3":"status-publish","4":"has-post-thumbnail","6":"product_cat-metal-zipper","7":"product_tag-large","9":"first","10":"instock","11":"shipping-taxable","12":"product-type-simple"},"_links":{"self":[{"href":"https:\/\/zipper-factory.com\/fr\/wp-json\/wp\/v2\/product\/6749","targetHints":{"allow":["GET"]}}],"collection":[{"href":"https:\/\/zipper-factory.com\/fr\/wp-json\/wp\/v2\/product"}],"about":[{"href":"https:\/\/zipper-factory.com\/fr\/wp-json\/wp\/v2\/types\/product"}],"replies":[{"embeddable":true,"href":"https:\/\/zipper-factory.com\/fr\/wp-json\/wp\/v2\/comments?post=6749"}],"wp:featuredmedia":[{"embeddable":true,"href":"https:\/\/zipper-factory.com\/fr\/wp-json\/wp\/v2\/media\/6750"}],"wp:attachment":[{"href":"https:\/\/zipper-factory.com\/fr\/wp-json\/wp\/v2\/media?parent=6749"}],"wp:term":[{"taxonomy":"product_brand","embeddable":true,"href":"https:\/\/zipper-factory.com\/fr\/wp-json\/wp\/v2\/product_brand?post=6749"},{"taxonomy":"product_cat","embeddable":true,"href":"https:\/\/zipper-factory.com\/fr\/wp-json\/wp\/v2\/product_cat?post=6749"},{"taxonomy":"product_tag","embeddable":true,"href":"https:\/\/zipper-factory.com\/fr\/wp-json\/wp\/v2\/product_tag?post=6749"}],"curies":[{"name":"wp","href":"https:\/\/api.w.org\/{rel}","templated":true}]}}