{"id":6794,"date":"2024-03-01T16:50:50","date_gmt":"2024-03-01T08:50:50","guid":{"rendered":"https:\/\/zipper-factory.com\/?post_type=product&#038;p=6794"},"modified":"2024-03-11T14:58:52","modified_gmt":"2024-03-11T06:58:52","slug":"4-in-1-all-process-zipper-making-machine","status":"publish","type":"product","link":"https:\/\/zipper-factory.com\/fr\/produit\/4-in-1-all-process-zipper-making-machine\/","title":{"rendered":"Machine de fabrication de fermetures \u00e0 glissi\u00e8re 4 en 1, tous processus confondus"},"content":{"rendered":"<p>D\u00e9couvrez la machine r\u00e9volutionnaire de fabrication de fermetures \u00e0 glissi\u00e8re 4 en 1, la solution id\u00e9ale pour tous vos besoins de production. Cette machine de pointe combine quatre processus essentiels en un seul, optimisant votre ligne de production et vous faisant gagner du temps et de l&#039;argent.<\/p>\n<p>Avec la machine \u00e0 fermetures \u00e0 glissi\u00e8re 4 en 1, vous pouvez cr\u00e9er facilement des fermetures \u00e0 glissi\u00e8re de haute qualit\u00e9, avec pr\u00e9cision et efficacit\u00e9. Que vous produisiez des fermetures \u00e0 glissi\u00e8re pour v\u00eatements, sacs ou accessoires, cette machine est faite pour vous.<\/p>\n<p>Alors, qu&#039;est-ce qui distingue cette machine des autres\u00a0? Examinons de plus pr\u00e8s ses caract\u00e9ristiques\u00a0:<\/p>\n<ul>\n<li><strong>Alimentation du ruban de fermeture \u00e0 glissi\u00e8re :<\/strong> La machine est \u00e9quip\u00e9e d&#039;un chargeur de pointe qui assure une alimentation en bande fluide et constante, minimisant ainsi les risques d&#039;erreurs ou de bourrages.<\/li>\n<li><strong>Insertion des dents :<\/strong> Dites adieu \u00e0 l&#039;insertion manuelle des dents\u00a0! Cette machine automatise le processus, garantissant un placement pr\u00e9cis et uniforme des dents \u00e0 chaque fois.<\/li>\n<li><strong>Installation du curseur :<\/strong> Installer des curseurs n&#039;a jamais \u00e9t\u00e9 aussi simple. La machine les fixe sans effort \u00e0 la fermeture \u00e9clair, garantissant un ajustement parfait et s\u00fbr.<\/li>\n<li><strong>D\u00e9coupe et scellage :<\/strong> Enfin, la machine coupe et scelle les fermetures \u00e0 glissi\u00e8re, leur donnant une finition professionnelle et emp\u00eachant tout effilochage ou effilochage.<\/li>\n<\/ul>\n<p>Gr\u00e2ce \u00e0 son interface conviviale et \u00e0 ses commandes intuitives, la machine de fabrication de fermetures \u00e0 glissi\u00e8re 4 en 1 tout-en-un est id\u00e9ale pour les professionnels exp\u00e9riment\u00e9s comme pour les d\u00e9butants. Sa conception compacte permet une installation facile dans tout espace de production.<\/p>\n<p>Am\u00e9liorez votre ligne de production de fermetures \u00e0 glissi\u00e8re avec la machine de fabrication de fermetures \u00e0 glissi\u00e8re 4 en 1 tout-en-un et d\u00e9couvrez sa praticit\u00e9, son efficacit\u00e9 et sa qualit\u00e9. Commandez la v\u00f4tre d\u00e8s aujourd&#039;hui et r\u00e9volutionnez votre processus de production de fermetures \u00e0 glissi\u00e8re\u00a0!<\/p>","protected":false},"excerpt":{"rendered":"<p title=\"Machine de fabrication de fermetures \u00e0 glissi\u00e8re enti\u00e8rement automatique, 4 en 1, pour tous les processus, adapt\u00e9e aux fermetures \u00e0 glissi\u00e8re en nylon, plastique et m\u00e9tal\">Machine de fabrication de fermetures \u00e0 glissi\u00e8re enti\u00e8rement automatique, 4 en 1, pour tous les processus, adapt\u00e9e aux fermetures \u00e0 glissi\u00e8re en nylon, plastique et m\u00e9tal<\/p>\n<p title=\"Machine de fabrication de fermetures \u00e0 glissi\u00e8re enti\u00e8rement automatique, 4 en 1, pour tous les processus, adapt\u00e9e aux fermetures \u00e0 glissi\u00e8re en nylon, plastique et m\u00e9tal\">La machine HJM-400MA-W est une machine de 220 VCA et d&#039;une puissance de 2,5 kW. Sa capacit\u00e9 horaire moyenne est de 3\u00a0500 pi\u00e8ces de 20 cm. Elle p\u00e8se 850 kg net et mesure 420 cm x 73 cm x 160 cm. Les sp\u00e9cifications applicables sont les suivantes\u00a0: 3#N\/M\/D, 4#N(M)D, 5#(N)M(D) et 8#(N\/M)\/D.<\/p>","protected":false},"featured_media":6796,"comment_status":"open","ping_status":"closed","template":"","meta":{"_seopress_robots_primary_cat":"none","_seopress_titles_title":"%%post_title%% %%sitetitle%% %%sep%%","_seopress_titles_desc":"%%post_excerpt%%","_seopress_robots_index":""},"product_brand":[],"product_cat":[186],"product_tag":[],"class_list":{"0":"post-6794","1":"product","2":"type-product","3":"status-publish","4":"has-post-thumbnail","6":"product_cat-zipper-machine","8":"first","9":"instock","10":"shipping-taxable","11":"product-type-simple"},"_links":{"self":[{"href":"https:\/\/zipper-factory.com\/fr\/wp-json\/wp\/v2\/product\/6794","targetHints":{"allow":["GET"]}}],"collection":[{"href":"https:\/\/zipper-factory.com\/fr\/wp-json\/wp\/v2\/product"}],"about":[{"href":"https:\/\/zipper-factory.com\/fr\/wp-json\/wp\/v2\/types\/product"}],"replies":[{"embeddable":true,"href":"https:\/\/zipper-factory.com\/fr\/wp-json\/wp\/v2\/comments?post=6794"}],"wp:featuredmedia":[{"embeddable":true,"href":"https:\/\/zipper-factory.com\/fr\/wp-json\/wp\/v2\/media\/6796"}],"wp:attachment":[{"href":"https:\/\/zipper-factory.com\/fr\/wp-json\/wp\/v2\/media?parent=6794"}],"wp:term":[{"taxonomy":"product_brand","embeddable":true,"href":"https:\/\/zipper-factory.com\/fr\/wp-json\/wp\/v2\/product_brand?post=6794"},{"taxonomy":"product_cat","embeddable":true,"href":"https:\/\/zipper-factory.com\/fr\/wp-json\/wp\/v2\/product_cat?post=6794"},{"taxonomy":"product_tag","embeddable":true,"href":"https:\/\/zipper-factory.com\/fr\/wp-json\/wp\/v2\/product_tag?post=6794"}],"curies":[{"name":"wp","href":"https:\/\/api.w.org\/{rel}","templated":true}]}}